{"id":359927,"date":"2026-01-29T19:03:20","date_gmt":"2026-01-29T16:03:20","guid":{"rendered":"https:\/\/vbd.dev.sumena.ee\/?post_type=product&#038;p=359927"},"modified":"2026-02-12T18:40:36","modified_gmt":"2026-02-12T15:40:36","slug":"prezelitukid-crackzel-hot-buffalo-wings-85g","status":"publish","type":"product","link":"https:\/\/vbd.dev.sumena.ee\/lv\/products-2\/prezelitukid-crackzel-hot-buffalo-wings-85g\/","title":{"rendered":"Krauk\u0161\u0137\u012bgie krekeri Crackzel Hot Buffalo Wings 85\u202fg"},"content":{"rendered":"<p data-start=\"80\" data-end=\"472\"><strong data-start=\"80\" data-end=\"139\">Pievieno sav\u0101m uzkod\u0101m pikantumu ar Crackzel Buffalo Wings!<\/strong><br data-start=\"139\" data-end=\"142\" \/>\u0160ie krauk\u0161\u0137\u012bgie gredzeni ir p\u0101rkl\u0101ti ar drosm\u012bgu un viegli sk\u0101benu Buffalo vistas gar\u0161vielu mais\u012bjumu, kas katr\u0101 kumos\u0101 pied\u0101v\u0101 perfektu asuma un gar\u0161as l\u012bdzsvaru. Ide\u0101la izv\u0113le tiem, kuri m\u012bl s\u0101\u013cas un pikantas uzkodas \u2013 <strong data-start=\"374\" data-end=\"400\">Crackzel Buffalo Wings<\/strong> Tie lieliski der gan baud\u012b\u0161anai vienatn\u0113, gan dal\u012b\u0161anai ar draugiem.<\/p>\n<p data-start=\"80\" data-end=\"472\">","protected":false},"excerpt":{"rendered":"<p>Lisa oma sn\u00e4kkimisele v\u00fcrtsi Crackzel Buffalo Wingsiga!Need kr\u00f5bedad kringlid on kaetud julge ja kergelt hapuka buffalo-kanatiiva maitseaineseguga, mis pakub igas ampsus t\u00e4iuslikku tasakaalu teravuse ja maitse vahel. Ideaalne valik neile, kes armastavad soolaseid ja v\u00fcrtsikaid sn\u00e4kke \u2013 Crackzel Buffalo Wings sobivad suurep\u00e4raselt nii \u00fcksi nautimiseks kui ka s\u00f5pradega jagamiseks.<\/p>","protected":false},"featured_media":359929,"comment_status":"open","ping_status":"closed","template":"","meta":{"_acf_changed":false},"product_brand":[],"product_cat":[80,82],"product_tag":[],"class_list":{"0":"post-359927","1":"product","2":"type-product","3":"status-publish","4":"has-post-thumbnail","6":"product_cat-snakid","7":"product_cat-muu-hea","9":"first","10":"instock","11":"sale","12":"taxable","13":"shipping-taxable","14":"purchasable","15":"product-type-simple"},"supplier_id":null,"supplier_sku":"","barcode":null,"atum_controlled":true,"out_stock_date":null,"out_stock_threshold":null,"inheritable":false,"inbound_stock":0,"stock_on_hold":5,"sold_today":4,"sales_last_days":301,"reserved_stock":0,"customer_returns":0,"warehouse_damage":0,"lost_in_post":0,"other_logs":0,"out_stock_days":0,"lost_sales":0,"has_location":false,"update_date":"2026-02-12T15:48:08","atum_locations":[],"atum_stock_status":"instock","restock_status":true,"low_stock_amount":"","sales_update_date":"2026-02-12T15:47:58","calc_backorders":null,"acf":[],"_links":{"self":[{"href":"https:\/\/vbd.dev.sumena.ee\/lv\/wp-json\/wp\/v2\/product\/359927","targetHints":{"allow":["GET"]}}],"collection":[{"href":"https:\/\/vbd.dev.sumena.ee\/lv\/wp-json\/wp\/v2\/product"}],"about":[{"href":"https:\/\/vbd.dev.sumena.ee\/lv\/wp-json\/wp\/v2\/types\/product"}],"replies":[{"embeddable":true,"href":"https:\/\/vbd.dev.sumena.ee\/lv\/wp-json\/wp\/v2\/comments?post=359927"}],"wp:featuredmedia":[{"embeddable":true,"href":"https:\/\/vbd.dev.sumena.ee\/lv\/wp-json\/wp\/v2\/media\/359929"}],"wp:attachment":[{"href":"https:\/\/vbd.dev.sumena.ee\/lv\/wp-json\/wp\/v2\/media?parent=359927"}],"wp:term":[{"taxonomy":"product_brand","embeddable":true,"href":"https:\/\/vbd.dev.sumena.ee\/lv\/wp-json\/wp\/v2\/product_brand?post=359927"},{"taxonomy":"product_cat","embeddable":true,"href":"https:\/\/vbd.dev.sumena.ee\/lv\/wp-json\/wp\/v2\/product_cat?post=359927"},{"taxonomy":"product_tag","embeddable":true,"href":"https:\/\/vbd.dev.sumena.ee\/lv\/wp-json\/wp\/v2\/product_tag?post=359927"}],"curies":[{"name":"wp","href":"https:\/\/api.w.org\/{rel}","templated":true}]}}