{"id":359464,"date":"2026-01-28T14:53:47","date_gmt":"2026-01-28T11:53:47","guid":{"rendered":"https:\/\/vbd.dev.sumena.ee\/?post_type=product&#038;p=359464"},"modified":"2026-02-12T18:46:56","modified_gmt":"2026-02-12T15:46:56","slug":"pahklisegu-premium-tudengieine-arimex-500-g","status":"publish","type":"product","link":"https:\/\/vbd.dev.sumena.ee\/lv\/products-2\/pahklisegu-premium-tudengieine-arimex-500-g\/","title":{"rendered":"Riekstu mais\u012bjums Premium studentu uzkoda, ARIMEX, 500\u202fg"},"content":{"rendered":"<div class=\"Accordion AttributeAccordion\" data-v-28ef612e=\"\">\n<div class=\"Accordion__content\">\n<div class=\"AttributeAccordion__content\" data-v-28ef612e=\"\">Riekstu un roz\u012b\u0146u mais\u012bjums. E vitam\u012bns* 5,6\u202fmg. Augsts E vitam\u012bna saturs* \u2013 visi l\u012bdz\u012bgas kvalit\u0101tes un sast\u0101va mais\u012bjumi ir bag\u0101ti ar E vitam\u012bnu. E vitam\u012bns pal\u012bdz aizsarg\u0101t \u0161\u016bnas pret oksidat\u012bvo stresu. Iev\u0113rojiet sabalans\u0113tu uzturu un vesel\u012bgu dz\u012bvesveidu.<\/div>\n<\/div>\n<\/div>\n<div class=\"Accordion AttributeAccordion\" data-v-28ef612e=\"\"><\/div>\n<div data-v-28ef612e=\"\">Roz\u012bnes \u201cJumbo\u201d (roz\u012bnes, saulespu\u0137u e\u013c\u013ca), Indijas rieksts, roz\u012bnes \u201cGolden Jumbo\u201d (roz\u012bnes, saulespu\u0137u e\u013c\u013ca, konservants: s\u0113ra dioks\u012bds), mandele, Braz\u012blijas rieksts, lazdu rieksts, pekanrieksts.\nVar satur\u0113t sezama s\u0113klu, zemesriekstu un citu riekstu p\u0113das.<\/div>","protected":false},"excerpt":{"rendered":"<p>P\u00e4hklite ja rosinate segu. E-vitamiini* 5,6mg. K\u00f5rge E-vitamiini sisaldusega *- * K\u00f5ikides sama kvaliteedi ja koostisega segud on E-vitamiini rikkad. E-vitamiin aitab kaitsta rakke oks\u00fcdatiivse stressi eest. J\u00e4rgige tasakaalustatud toitumist ja tervislikku eluviisi. Rosin &#8220;Jumbo&#8221; (rosin, p\u00e4evalille\u00f5li), INDIA P\u00c4HKEL, rosin &#8220;Golden Jumbo&#8221; (rosin, p\u00e4evalille\u00f5li, s\u00e4ilitusaine: V\u00c4\u00c4VELDIOKSIID), MANDEL, BRASIILIA P\u00c4HKEL, SARAPUUP\u00c4HKEL, PEKANIP\u00c4HKEL. V\u00f5ib sisaldada SEESAMiseemnete, maap\u00e4hkli [&hellip;]<\/p>","protected":false},"featured_media":359467,"comment_status":"open","ping_status":"closed","template":"","meta":{"_acf_changed":false},"product_brand":[],"product_cat":[116,80],"product_tag":[],"class_list":{"0":"post-359464","1":"product","2":"type-product","3":"status-publish","4":"has-post-thumbnail","6":"product_cat-pahklid","7":"product_cat-snakid","9":"first","10":"instock","11":"sale","12":"taxable","13":"shipping-taxable","14":"purchasable","15":"product-type-simple"},"supplier_id":null,"supplier_sku":"","barcode":null,"atum_controlled":true,"out_stock_date":null,"out_stock_threshold":null,"inheritable":false,"inbound_stock":0,"stock_on_hold":7,"sold_today":4,"sales_last_days":253,"reserved_stock":0,"customer_returns":0,"warehouse_damage":0,"lost_in_post":0,"other_logs":0,"out_stock_days":0,"lost_sales":0,"has_location":false,"update_date":"2026-02-12T15:47:21","atum_locations":[],"atum_stock_status":"instock","restock_status":true,"low_stock_amount":"","sales_update_date":"2026-02-12T15:47:11","calc_backorders":null,"acf":[],"_links":{"self":[{"href":"https:\/\/vbd.dev.sumena.ee\/lv\/wp-json\/wp\/v2\/product\/359464","targetHints":{"allow":["GET"]}}],"collection":[{"href":"https:\/\/vbd.dev.sumena.ee\/lv\/wp-json\/wp\/v2\/product"}],"about":[{"href":"https:\/\/vbd.dev.sumena.ee\/lv\/wp-json\/wp\/v2\/types\/product"}],"replies":[{"embeddable":true,"href":"https:\/\/vbd.dev.sumena.ee\/lv\/wp-json\/wp\/v2\/comments?post=359464"}],"wp:featuredmedia":[{"embeddable":true,"href":"https:\/\/vbd.dev.sumena.ee\/lv\/wp-json\/wp\/v2\/media\/359467"}],"wp:attachment":[{"href":"https:\/\/vbd.dev.sumena.ee\/lv\/wp-json\/wp\/v2\/media?parent=359464"}],"wp:term":[{"taxonomy":"product_brand","embeddable":true,"href":"https:\/\/vbd.dev.sumena.ee\/lv\/wp-json\/wp\/v2\/product_brand?post=359464"},{"taxonomy":"product_cat","embeddable":true,"href":"https:\/\/vbd.dev.sumena.ee\/lv\/wp-json\/wp\/v2\/product_cat?post=359464"},{"taxonomy":"product_tag","embeddable":true,"href":"https:\/\/vbd.dev.sumena.ee\/lv\/wp-json\/wp\/v2\/product_tag?post=359464"}],"curies":[{"name":"wp","href":"https:\/\/api.w.org\/{rel}","templated":true}]}}