{"id":359147,"date":"2026-01-27T17:39:54","date_gmt":"2026-01-27T14:39:54","guid":{"rendered":"https:\/\/vbd.dev.sumena.ee\/?post_type=product&#038;p=359147"},"modified":"2026-01-29T13:55:46","modified_gmt":"2026-01-29T10:55:46","slug":"led-pirn-a60-e27-7w-630lm-3000k-akuga","status":"publish","type":"product","link":"https:\/\/vbd.dev.sumena.ee\/lv\/products-2\/led-pirn-a60-e27-7w-630lm-3000k-akuga\/","title":{"rendered":"LED spuldze A60\/E27 7 W, 630 lm, 3000K"},"content":{"rendered":"<p>E27 LED spuldze, kas darbojas k\u0101 parasta lampa, bet str\u0101vas p\u0101rtraukuma gad\u012bjum\u0101 turpina darboties ar ieb\u016bv\u0113to 1200 mAh akumulatoru l\u012bdz 2 stund\u0101m. Spuldzi var izmantot ar\u012b \u0101rpus gaismek\u013ca, turot pirkstu vienlaikus uz spuldzes pamatnes un met\u0101la da\u013cas. Akumulators uzl\u0101d\u0113jas autom\u0101tiski ikreiz, kad lampa ir iesl\u0113gta, t\u0101p\u0113c spuldze vienm\u0113r ir gatava lieto\u0161anai.<br \/>\n230 V \/ 50 Hz, 7 W, 630 lm, 3000 K.<br \/>\nIzm\u0113ri: 60 \u00d7 123 mm.<br \/>\nKr\u0101sa: balta.<br \/>\nMateri\u0101ls: plastmasa un alum\u012bnijs.<\/p>","protected":false},"excerpt":{"rendered":"<p>E27 LED pirn, mis t\u00f6\u00f6tab nagu tavaline lamp, kuid voolukatkestuse korral j\u00e4tkab t\u00f6\u00f6d oma sisseehitatud 1200 mAh akuga kuni 2 tundi. Lampi saab kasutada ka valgustist eraldi, hoides s\u00f5rme samaaegselt pirni soklil ja sokli metallosal. Pirni aku laeb end automaatselt alati, kui lamp on sisse l\u00fclitatud, seega on see vajaduse korral alati valmis kasutamiseks. 230 [&hellip;]<\/p>","protected":false},"featured_media":359149,"comment_status":"open","ping_status":"closed","template":"","meta":{"_acf_changed":false},"product_brand":[],"product_cat":[186,88],"product_tag":[],"class_list":{"0":"post-359147","1":"product","2":"type-product","3":"status-publish","4":"has-post-thumbnail","6":"product_cat-kodukaubad","7":"product_cat-tarbekaubad-tooted","9":"first","10":"instock","11":"sale","12":"taxable","13":"shipping-taxable","14":"purchasable","15":"product-type-simple"},"supplier_id":null,"supplier_sku":"","barcode":null,"atum_controlled":true,"out_stock_date":null,"out_stock_threshold":null,"inheritable":false,"inbound_stock":0,"stock_on_hold":0,"sold_today":0,"sales_last_days":2,"reserved_stock":0,"customer_returns":0,"warehouse_damage":0,"lost_in_post":0,"other_logs":0,"out_stock_days":0,"lost_sales":0,"has_location":false,"update_date":"2026-02-08T16:19:03","atum_locations":[],"atum_stock_status":"instock","restock_status":false,"low_stock_amount":"","sales_update_date":"2026-02-08T16:19:03","calc_backorders":null,"acf":[],"_links":{"self":[{"href":"https:\/\/vbd.dev.sumena.ee\/lv\/wp-json\/wp\/v2\/product\/359147","targetHints":{"allow":["GET"]}}],"collection":[{"href":"https:\/\/vbd.dev.sumena.ee\/lv\/wp-json\/wp\/v2\/product"}],"about":[{"href":"https:\/\/vbd.dev.sumena.ee\/lv\/wp-json\/wp\/v2\/types\/product"}],"replies":[{"embeddable":true,"href":"https:\/\/vbd.dev.sumena.ee\/lv\/wp-json\/wp\/v2\/comments?post=359147"}],"wp:featuredmedia":[{"embeddable":true,"href":"https:\/\/vbd.dev.sumena.ee\/lv\/wp-json\/wp\/v2\/media\/359149"}],"wp:attachment":[{"href":"https:\/\/vbd.dev.sumena.ee\/lv\/wp-json\/wp\/v2\/media?parent=359147"}],"wp:term":[{"taxonomy":"product_brand","embeddable":true,"href":"https:\/\/vbd.dev.sumena.ee\/lv\/wp-json\/wp\/v2\/product_brand?post=359147"},{"taxonomy":"product_cat","embeddable":true,"href":"https:\/\/vbd.dev.sumena.ee\/lv\/wp-json\/wp\/v2\/product_cat?post=359147"},{"taxonomy":"product_tag","embeddable":true,"href":"https:\/\/vbd.dev.sumena.ee\/lv\/wp-json\/wp\/v2\/product_tag?post=359147"}],"curies":[{"name":"wp","href":"https:\/\/api.w.org\/{rel}","templated":true}]}}