{"id":359143,"date":"2026-01-27T17:33:54","date_gmt":"2026-01-27T14:33:54","guid":{"rendered":"https:\/\/vbd.dev.sumena.ee\/?post_type=product&#038;p=359143"},"modified":"2026-02-06T21:01:38","modified_gmt":"2026-02-06T18:01:38","slug":"led-pirn-a60-e27-9w-800lm-rgbw-2700k-puldiga","status":"publish","type":"product","link":"https:\/\/vbd.dev.sumena.ee\/lv\/products-2\/led-pirn-a60-e27-9w-800lm-rgbw-2700k-puldiga\/","title":{"rendered":"LED spuldze A60\/E27 9 W, 800 lm, RGB+W, 2700 K, ar t\u0101lvad\u012bbas pulti"},"content":{"rendered":"<p>\u0160\u012b RGB+W LED spuldze \u013cauj rad\u012bt tie\u0161i t\u0101du noska\u0146u, k\u0101du v\u0113lies. Ar t\u0101lvad\u012bbas pulti vari \u0113rti izv\u0113l\u0113ties da\u017e\u0101das kr\u0101sas, regul\u0113t gaismas spilgtumu un p\u0101rsl\u0113gties starp siltu balto (2700\u202fK) un kr\u0101sainu gaismu. T\u0101 ir lieliski piem\u0113rota gan m\u0101j\u012bgai vakara gaismai, ball\u012bt\u0113m, b\u0113rnistabai, gan dekorat\u012bvai apgaismo\u0161anai.<br \/>\nViens spuldze \u2013 nebeidzamas iesp\u0113jas: izv\u0113lies mier\u012bgu siltu gaismu ikdienai vai p\u0101rv\u0113rt telpu kr\u0101sainu un efekt\u012bgu acumirkl\u012b. Ide\u0101ls risin\u0101jums, ja v\u0113lies elast\u012bgu un rota\u013c\u012bgu apgaismojumu bez spuldzes mai\u0146as.<\/p>","protected":false},"excerpt":{"rendered":"<p>See RGB+W LED pirn v\u00f5imaldab luua just sellise meeleolu, nagu parasjagu soovid. Puldiga saad mugavalt valida erinevate v\u00e4rvide vahel, reguleerida valguse heledust ning l\u00fclituda sooja valge (2700K) ja v\u00e4rvilise valguse vahel. Sobib nii hubaseks \u00f5htuvalguseks, peoks, lastetuppa kui ka dekoratiivseks valgustuseks. \u00dcks pirn \u2013 l\u00f5putult v\u00f5imalusi: vali rahulik soe valgus igap\u00e4evaseks kasutuseks v\u00f5i muuda ruum [&hellip;]<\/p>","protected":false},"featured_media":359145,"comment_status":"open","ping_status":"closed","template":"","meta":{"_acf_changed":false},"product_brand":[],"product_cat":[186,88],"product_tag":[],"class_list":{"0":"post-359143","1":"product","2":"type-product","3":"status-publish","4":"has-post-thumbnail","6":"product_cat-kodukaubad","7":"product_cat-tarbekaubad-tooted","9":"first","10":"instock","11":"sale","12":"taxable","13":"shipping-taxable","14":"purchasable","15":"product-type-simple"},"supplier_id":null,"supplier_sku":"","barcode":null,"atum_controlled":true,"out_stock_date":null,"out_stock_threshold":null,"inheritable":false,"inbound_stock":0,"stock_on_hold":0,"sold_today":0,"sales_last_days":8,"reserved_stock":0,"customer_returns":0,"warehouse_damage":0,"lost_in_post":0,"other_logs":0,"out_stock_days":0,"lost_sales":0,"has_location":false,"update_date":"2026-02-10T14:09:21","atum_locations":[],"atum_stock_status":"instock","restock_status":false,"low_stock_amount":"","sales_update_date":"2026-02-10T14:09:01","calc_backorders":null,"acf":[],"_links":{"self":[{"href":"https:\/\/vbd.dev.sumena.ee\/lv\/wp-json\/wp\/v2\/product\/359143","targetHints":{"allow":["GET"]}}],"collection":[{"href":"https:\/\/vbd.dev.sumena.ee\/lv\/wp-json\/wp\/v2\/product"}],"about":[{"href":"https:\/\/vbd.dev.sumena.ee\/lv\/wp-json\/wp\/v2\/types\/product"}],"replies":[{"embeddable":true,"href":"https:\/\/vbd.dev.sumena.ee\/lv\/wp-json\/wp\/v2\/comments?post=359143"}],"wp:featuredmedia":[{"embeddable":true,"href":"https:\/\/vbd.dev.sumena.ee\/lv\/wp-json\/wp\/v2\/media\/359145"}],"wp:attachment":[{"href":"https:\/\/vbd.dev.sumena.ee\/lv\/wp-json\/wp\/v2\/media?parent=359143"}],"wp:term":[{"taxonomy":"product_brand","embeddable":true,"href":"https:\/\/vbd.dev.sumena.ee\/lv\/wp-json\/wp\/v2\/product_brand?post=359143"},{"taxonomy":"product_cat","embeddable":true,"href":"https:\/\/vbd.dev.sumena.ee\/lv\/wp-json\/wp\/v2\/product_cat?post=359143"},{"taxonomy":"product_tag","embeddable":true,"href":"https:\/\/vbd.dev.sumena.ee\/lv\/wp-json\/wp\/v2\/product_tag?post=359143"}],"curies":[{"name":"wp","href":"https:\/\/api.w.org\/{rel}","templated":true}]}}