{"id":359142,"date":"2026-01-27T17:29:56","date_gmt":"2026-01-27T14:29:56","guid":{"rendered":"https:\/\/vbd.dev.sumena.ee\/?post_type=product&#038;p=359142"},"modified":"2026-02-11T11:21:54","modified_gmt":"2026-02-11T08:21:54","slug":"led-pirn-gu10-6w-490lm-3000k-2tk-pakk","status":"publish","type":"product","link":"https:\/\/vbd.dev.sumena.ee\/lv\/products-2\/led-pirn-gu10-6w-490lm-3000k-2tk-pakk\/","title":{"rendered":"LED spuldze GU10 6 W, 490 lm, 3000 K, 2 gab.\/iepakojum\u0101"},"content":{"rendered":"<p>Spuldze ar GU10 cokolu.<br \/>\nAC 230 V \/ 50 Hz, 6 W, 490 lm, 3000 K.<br \/>\nGaismas stars 120\u00b0.<br \/>\nKalpo\u0161anas ilgums 20 000 stundas.<br \/>\nIzm\u0113ri: \u00d850 \u00d7 58 mm.<br \/>\nIepakojum\u0101 2 gab.<\/p>","protected":false},"excerpt":{"rendered":"<p>Kohtvalgusti pirn GU10 sokliga. AC 230 V \/ 50 Hz, 6 W, 490 lm, 3000 K. Valgusvihk 120\u00b0. Kasutusiga 20 000 tundi. M\u00f5\u00f5dud: \u00d850 \u00d7 58 mm. Pakendis 2 tk.<\/p>","protected":false},"featured_media":359139,"comment_status":"open","ping_status":"closed","template":"","meta":{"_acf_changed":false},"product_brand":[],"product_cat":[186,88],"product_tag":[],"class_list":{"0":"post-359142","1":"product","2":"type-product","3":"status-publish","4":"has-post-thumbnail","6":"product_cat-kodukaubad","7":"product_cat-tarbekaubad-tooted","9":"first","10":"instock","11":"sale","12":"taxable","13":"shipping-taxable","14":"purchasable","15":"product-type-simple"},"supplier_id":null,"supplier_sku":"","barcode":null,"atum_controlled":true,"out_stock_date":null,"out_stock_threshold":null,"inheritable":false,"inbound_stock":0,"stock_on_hold":1,"sold_today":0,"sales_last_days":10,"reserved_stock":0,"customer_returns":0,"warehouse_damage":0,"lost_in_post":0,"other_logs":0,"out_stock_days":0,"lost_sales":0,"has_location":false,"update_date":"2026-02-12T10:34:42","atum_locations":[],"atum_stock_status":"instock","restock_status":false,"low_stock_amount":"","sales_update_date":"2026-02-12T10:34:33","calc_backorders":null,"acf":[],"_links":{"self":[{"href":"https:\/\/vbd.dev.sumena.ee\/lv\/wp-json\/wp\/v2\/product\/359142","targetHints":{"allow":["GET"]}}],"collection":[{"href":"https:\/\/vbd.dev.sumena.ee\/lv\/wp-json\/wp\/v2\/product"}],"about":[{"href":"https:\/\/vbd.dev.sumena.ee\/lv\/wp-json\/wp\/v2\/types\/product"}],"replies":[{"embeddable":true,"href":"https:\/\/vbd.dev.sumena.ee\/lv\/wp-json\/wp\/v2\/comments?post=359142"}],"wp:featuredmedia":[{"embeddable":true,"href":"https:\/\/vbd.dev.sumena.ee\/lv\/wp-json\/wp\/v2\/media\/359139"}],"wp:attachment":[{"href":"https:\/\/vbd.dev.sumena.ee\/lv\/wp-json\/wp\/v2\/media?parent=359142"}],"wp:term":[{"taxonomy":"product_brand","embeddable":true,"href":"https:\/\/vbd.dev.sumena.ee\/lv\/wp-json\/wp\/v2\/product_brand?post=359142"},{"taxonomy":"product_cat","embeddable":true,"href":"https:\/\/vbd.dev.sumena.ee\/lv\/wp-json\/wp\/v2\/product_cat?post=359142"},{"taxonomy":"product_tag","embeddable":true,"href":"https:\/\/vbd.dev.sumena.ee\/lv\/wp-json\/wp\/v2\/product_tag?post=359142"}],"curies":[{"name":"wp","href":"https:\/\/api.w.org\/{rel}","templated":true}]}}