{"id":359129,"date":"2026-01-27T16:39:17","date_gmt":"2026-01-27T13:39:17","guid":{"rendered":"https:\/\/vbd.dev.sumena.ee\/?post_type=product&#038;p=359129"},"modified":"2026-02-05T13:55:41","modified_gmt":"2026-02-05T10:55:41","slug":"kuumaohufrituur-emax-kitchen-45l-1400w","status":"publish","type":"product","link":"https:\/\/vbd.dev.sumena.ee\/lv\/products-2\/kuumaohufrituur-emax-kitchen-45l-1400w\/","title":{"rendered":"Karst\u0101 gaisa friteris Emax Kitchen 4,5 l, 1400 W"},"content":{"rendered":"<p>Jaud\u012bgs 1400 W karst\u0101 gaisa friteris ar 4,5 litru ietilp\u012bbu. Groza tilpums 3,5 l. P\u0101rkl\u0101ts ar teflona p\u0101rkl\u0101jumu.<br \/>\n3,5 litru ietilp\u012bba atbilst aptuveni 1,2 kg p\u0101rtikas daudzumam.<br \/>\nViegli kopjams un t\u012br\u0101ms, no\u0146emam\u0101s deta\u013cas var mazg\u0101t trauku mazg\u0101jamaj\u0101 ma\u0161\u012bn\u0101.<br \/>\n30 min\u016b\u0161u taimeris un regul\u0113jama temperat\u016bra 80 \u00b0C\u2013200 \u00b0C.<\/p>","protected":false},"excerpt":{"rendered":"<p>V\u00f5imas 1400 W kuuma\u00f5hufrit\u00fc\u00fcr 4,5-liitrise mahutavusega. Korvi maht 3,5 l. Kaetud teflonkattega. 3,5-liitrine maht vastab umbes 1,2 kg toidukogusele. Lihtne hooldada ja puhastada, eemaldatavaid osi v\u00f5ib pesta n\u00f5udepesumasinas. 30-minutiline taimer ja reguleeritav temperatuur 80 \u00b0C \u2013 200 \u00b0C.<\/p>","protected":false},"featured_media":359130,"comment_status":"open","ping_status":"closed","template":"","meta":{"_acf_changed":false},"product_brand":[],"product_cat":[185,88],"product_tag":[],"class_list":{"0":"post-359129","1":"product","2":"type-product","3":"status-publish","4":"has-post-thumbnail","6":"product_cat-puhastus-ja-koristusvahendid","7":"product_cat-tarbekaubad-tooted","9":"first","10":"instock","11":"sale","12":"taxable","13":"shipping-taxable","14":"purchasable","15":"product-type-simple"},"supplier_id":null,"supplier_sku":"","barcode":null,"atum_controlled":true,"out_stock_date":null,"out_stock_threshold":null,"inheritable":false,"inbound_stock":0,"stock_on_hold":0,"sold_today":0,"sales_last_days":1,"reserved_stock":0,"customer_returns":0,"warehouse_damage":0,"lost_in_post":0,"other_logs":0,"out_stock_days":0,"lost_sales":0,"has_location":false,"update_date":"2026-02-09T12:48:34","atum_locations":[],"atum_stock_status":"instock","restock_status":false,"low_stock_amount":"","sales_update_date":"2026-02-09T12:48:34","calc_backorders":null,"acf":[],"_links":{"self":[{"href":"https:\/\/vbd.dev.sumena.ee\/lv\/wp-json\/wp\/v2\/product\/359129","targetHints":{"allow":["GET"]}}],"collection":[{"href":"https:\/\/vbd.dev.sumena.ee\/lv\/wp-json\/wp\/v2\/product"}],"about":[{"href":"https:\/\/vbd.dev.sumena.ee\/lv\/wp-json\/wp\/v2\/types\/product"}],"replies":[{"embeddable":true,"href":"https:\/\/vbd.dev.sumena.ee\/lv\/wp-json\/wp\/v2\/comments?post=359129"}],"wp:featuredmedia":[{"embeddable":true,"href":"https:\/\/vbd.dev.sumena.ee\/lv\/wp-json\/wp\/v2\/media\/359130"}],"wp:attachment":[{"href":"https:\/\/vbd.dev.sumena.ee\/lv\/wp-json\/wp\/v2\/media?parent=359129"}],"wp:term":[{"taxonomy":"product_brand","embeddable":true,"href":"https:\/\/vbd.dev.sumena.ee\/lv\/wp-json\/wp\/v2\/product_brand?post=359129"},{"taxonomy":"product_cat","embeddable":true,"href":"https:\/\/vbd.dev.sumena.ee\/lv\/wp-json\/wp\/v2\/product_cat?post=359129"},{"taxonomy":"product_tag","embeddable":true,"href":"https:\/\/vbd.dev.sumena.ee\/lv\/wp-json\/wp\/v2\/product_tag?post=359129"}],"curies":[{"name":"wp","href":"https:\/\/api.w.org\/{rel}","templated":true}]}}