{"id":358962,"date":"2026-01-27T16:06:46","date_gmt":"2026-01-27T13:06:46","guid":{"rendered":"https:\/\/vbd.dev.sumena.ee\/?post_type=product&#038;p=358962"},"modified":"2026-02-12T16:37:22","modified_gmt":"2026-02-12T13:37:22","slug":"kupsised-mcvities-biskrem-virsik-80g","status":"publish","type":"product","link":"https:\/\/vbd.dev.sumena.ee\/lv\/products-2\/kupsised-mcvities-biskrem-virsik-80g\/","title":{"rendered":"Cepumi McVitie\u2019s BISKREM Persiks, 80 g"},"content":{"rendered":"<p><strong data-start=\"80\" data-end=\"107\">McVitie\u2019s Biskrem Persiks<\/strong> apvieno krauk\u0161\u0137\u012bgu cepumu m\u012bklu un gardu persiku gar\u0161as pild\u012bjumu. \u0112rts <strong data-start=\"181\" data-end=\"190\">80 g<\/strong> iepakojums ir lieliski piem\u0113rots uzkod\u0101m un baud\u012b\u0161anai jebkur\u0101 laik\u0101.<\/p>","protected":false},"excerpt":{"rendered":"<p>McVitie\u2019s Biskrem Virsik \u00fchendab kr\u00f5beda k\u00fcpsisekesta ja maitsva virsikumaitselise t\u00e4idise. Mugav 80 g pakend sobib suurep\u00e4raselt vahepalaks ja nautimiseks igal ajal.<\/p>","protected":false},"featured_media":358966,"comment_status":"open","ping_status":"closed","template":"","meta":{"_acf_changed":false},"product_brand":[],"product_cat":[117,77,80],"product_tag":[],"class_list":{"0":"post-358962","1":"product","2":"type-product","3":"status-publish","4":"has-post-thumbnail","6":"product_cat-kupsised","7":"product_cat-maiustused","8":"product_cat-snakid","10":"first","11":"instock","12":"sale","13":"taxable","14":"shipping-taxable","15":"purchasable","16":"product-type-simple"},"supplier_id":null,"supplier_sku":"","barcode":null,"atum_controlled":true,"out_stock_date":null,"out_stock_threshold":null,"inheritable":false,"inbound_stock":0,"stock_on_hold":8,"sold_today":28,"sales_last_days":249,"reserved_stock":0,"customer_returns":0,"warehouse_damage":0,"lost_in_post":0,"other_logs":0,"out_stock_days":0,"lost_sales":0,"has_location":false,"update_date":"2026-02-12T13:39:02","atum_locations":[],"atum_stock_status":"instock","restock_status":true,"low_stock_amount":"","sales_update_date":"2026-02-12T13:38:53","calc_backorders":null,"acf":[],"_links":{"self":[{"href":"https:\/\/vbd.dev.sumena.ee\/lv\/wp-json\/wp\/v2\/product\/358962","targetHints":{"allow":["GET"]}}],"collection":[{"href":"https:\/\/vbd.dev.sumena.ee\/lv\/wp-json\/wp\/v2\/product"}],"about":[{"href":"https:\/\/vbd.dev.sumena.ee\/lv\/wp-json\/wp\/v2\/types\/product"}],"replies":[{"embeddable":true,"href":"https:\/\/vbd.dev.sumena.ee\/lv\/wp-json\/wp\/v2\/comments?post=358962"}],"wp:featuredmedia":[{"embeddable":true,"href":"https:\/\/vbd.dev.sumena.ee\/lv\/wp-json\/wp\/v2\/media\/358966"}],"wp:attachment":[{"href":"https:\/\/vbd.dev.sumena.ee\/lv\/wp-json\/wp\/v2\/media?parent=358962"}],"wp:term":[{"taxonomy":"product_brand","embeddable":true,"href":"https:\/\/vbd.dev.sumena.ee\/lv\/wp-json\/wp\/v2\/product_brand?post=358962"},{"taxonomy":"product_cat","embeddable":true,"href":"https:\/\/vbd.dev.sumena.ee\/lv\/wp-json\/wp\/v2\/product_cat?post=358962"},{"taxonomy":"product_tag","embeddable":true,"href":"https:\/\/vbd.dev.sumena.ee\/lv\/wp-json\/wp\/v2\/product_tag?post=358962"}],"curies":[{"name":"wp","href":"https:\/\/api.w.org\/{rel}","templated":true}]}}