{"id":358948,"date":"2026-01-27T15:06:25","date_gmt":"2026-01-27T12:06:25","guid":{"rendered":"https:\/\/vbd.dev.sumena.ee\/?post_type=product&#038;p=358948"},"modified":"2026-02-11T23:20:59","modified_gmt":"2026-02-11T20:20:59","slug":"kupsised-moosiga-jammie-dodgers-oun-mustsostar-140g","status":"publish","type":"product","link":"https:\/\/vbd.dev.sumena.ee\/lv\/products-2\/kupsised-moosiga-jammie-dodgers-oun-mustsostar-140g\/","title":{"rendered":"Cepumi ar iev\u0101r\u012bjumu Jammie Dodgers \u0100bolu &amp; Upenu, 140 g"},"content":{"rendered":"<p data-start=\"129\" data-end=\"693\"><strong data-start=\"129\" data-end=\"145\">Sast\u0101vda\u013cas:<\/strong><br data-start=\"145\" data-end=\"148\" \/><strong data-start=\"148\" data-end=\"156\">KVIE\u0160U<\/strong>MILTI (<strong data-start=\"162\" data-end=\"174\">kvie\u0161u milti)<\/strong>, kalcija karbon\u0101ts, niac\u012bns, dzelzs un tiam\u012bns),<br data-start=\"222\" data-end=\"225\" \/><strong data-start=\"225\" data-end=\"267\">\u0101bolu iev\u0101r\u012bjums ar \u0101bolu un upenes gar\u0161u<\/strong> (27%) (glikozes-fruktozes s\u012brups, \u0101boli (<strong data-start=\"308\" data-end=\"320\">SULFITI<\/strong>), cukurs, mitruma notur\u0113t\u0101js (glicer\u012bns), aromatiz\u0113t\u0101ji un gar\u0161as vielas, kr\u0101sviela (antocian\u012bni (<strong data-start=\"412\" data-end=\"424\">SULFITI<\/strong>), sk\u0101be (citronsk\u0101be), sk\u0101buma regulators (n\u0101trija citr\u0101ti), \u017eelat\u0113jo\u0161\u0101 viela (pekt\u012bns),<br data-start=\"514\" data-end=\"517\" \/>augu e\u013c\u013cas (ilgtsp\u0113j\u012bga palmas, rap\u0161u), cukurs, da\u013c\u0113ji invert\u0113ts cukura s\u012brups, pac\u0113l\u0101ji (amonija bikarbon\u0101ts, n\u0101trija bikarbon\u0101ts), s\u0101ls, aromatiz\u0113t\u0101ji un gar\u0161as vielas.<\/p>","protected":false},"excerpt":{"rendered":"<p>Koostisosad:NISUjahu (nisujahu, kaltsiumkarbonaat, niatsiin, raud ja tiamiin),\u00f5una- ja musts\u00f5stramaitseline \u00f5unamoos (27%) (gl\u00fckoosi-fruktoosisiirup, \u00f5unad (SULFITID), suhkur, niiskuses\u00e4ilitaja (gl\u00fctserool), l\u00f5hna- ja maitseained, v\u00e4rvaine (antots\u00fcaniinid (SULFITID)), hape (sidrunhape), happesuse regulaator (naatriumtsitraadid), tarretusaine (pektiin)),taime\u00f5lid (s\u00e4\u00e4stlik palm, raps), suhkur, osaliselt inverteeritud suhkrusiirup, kergitusained (ammooniumvesinikkarbonaat, naatriumvesinikkarbonaat), sool, l\u00f5hna- ja maitseained.<\/p>","protected":false},"featured_media":358949,"comment_status":"open","ping_status":"closed","template":"","meta":{"_acf_changed":false},"product_brand":[],"product_cat":[117,77,80],"product_tag":[],"class_list":{"0":"post-358948","1":"product","2":"type-product","3":"status-publish","4":"has-post-thumbnail","6":"product_cat-kupsised","7":"product_cat-maiustused","8":"product_cat-snakid","10":"first","11":"instock","12":"sale","13":"taxable","14":"shipping-taxable","15":"purchasable","16":"product-type-simple"},"supplier_id":null,"supplier_sku":"","barcode":null,"atum_controlled":true,"out_stock_date":null,"out_stock_threshold":null,"inheritable":false,"inbound_stock":0,"stock_on_hold":28,"sold_today":0,"sales_last_days":287,"reserved_stock":0,"customer_returns":0,"warehouse_damage":0,"lost_in_post":0,"other_logs":0,"out_stock_days":0,"lost_sales":0,"has_location":false,"update_date":"2026-02-12T10:47:54","atum_locations":[],"atum_stock_status":"instock","restock_status":false,"low_stock_amount":"","sales_update_date":"2026-02-12T10:47:45","calc_backorders":null,"acf":[],"_links":{"self":[{"href":"https:\/\/vbd.dev.sumena.ee\/lv\/wp-json\/wp\/v2\/product\/358948","targetHints":{"allow":["GET"]}}],"collection":[{"href":"https:\/\/vbd.dev.sumena.ee\/lv\/wp-json\/wp\/v2\/product"}],"about":[{"href":"https:\/\/vbd.dev.sumena.ee\/lv\/wp-json\/wp\/v2\/types\/product"}],"replies":[{"embeddable":true,"href":"https:\/\/vbd.dev.sumena.ee\/lv\/wp-json\/wp\/v2\/comments?post=358948"}],"wp:featuredmedia":[{"embeddable":true,"href":"https:\/\/vbd.dev.sumena.ee\/lv\/wp-json\/wp\/v2\/media\/358949"}],"wp:attachment":[{"href":"https:\/\/vbd.dev.sumena.ee\/lv\/wp-json\/wp\/v2\/media?parent=358948"}],"wp:term":[{"taxonomy":"product_brand","embeddable":true,"href":"https:\/\/vbd.dev.sumena.ee\/lv\/wp-json\/wp\/v2\/product_brand?post=358948"},{"taxonomy":"product_cat","embeddable":true,"href":"https:\/\/vbd.dev.sumena.ee\/lv\/wp-json\/wp\/v2\/product_cat?post=358948"},{"taxonomy":"product_tag","embeddable":true,"href":"https:\/\/vbd.dev.sumena.ee\/lv\/wp-json\/wp\/v2\/product_tag?post=358948"}],"curies":[{"name":"wp","href":"https:\/\/api.w.org\/{rel}","templated":true}]}}