{"id":358937,"date":"2026-01-27T14:49:11","date_gmt":"2026-01-27T11:49:11","guid":{"rendered":"https:\/\/vbd.dev.sumena.ee\/?post_type=product&#038;p=358937"},"modified":"2026-02-12T13:32:52","modified_gmt":"2026-02-12T10:32:52","slug":"kupsised-galaxy-piimasokolaadi-300g","status":"publish","type":"product","link":"https:\/\/vbd.dev.sumena.ee\/lv\/products-2\/kupsised-galaxy-piimasokolaadi-300g\/","title":{"rendered":"Cepumi Galaxy piena \u0161okol\u0101d\u0113, 300 g"},"content":{"rendered":"<p data-start=\"129\" data-end=\"634\"><strong data-start=\"129\" data-end=\"145\">Sast\u0101vda\u013cas:<\/strong><br data-start=\"145\" data-end=\"148\" \/><strong data-start=\"148\" data-end=\"156\">KVIE\u0160U<\/strong>MILTI (<strong data-start=\"162\" data-end=\"174\">kvie\u0161u milti)<\/strong>, kalcija karbon\u0101ts, niac\u012bns, dzelzs, tiam\u012bns),<br data-start=\"220\" data-end=\"223\" \/><strong data-start=\"223\" data-end=\"240\">piena \u0161okol\u0101de<\/strong> (28%) (cukurs, kakao sviests, <strong data-start=\"266\" data-end=\"281\">piensausas (piens pulveris)<\/strong>, kakao masa, laktoze un <strong data-start=\"305\" data-end=\"329\">s\u016bkalas olbaltumvielas (NO PIENA)<\/strong>, <strong data-start=\"331\" data-end=\"344\">piena tauki<\/strong>, palmu tauki, <strong data-start=\"357\" data-end=\"383\">s\u016bkalas pulveris (NO PIENA)<\/strong>, emulgatori (<strong data-start=\"399\" data-end=\"416\">SOJAS LECIT\u012aNS<\/strong>, E476), vani\u013cas ekstrakts),<br data-start=\"442\" data-end=\"445\" \/>palmu e\u013c\u013ca, cukurs, pilngraudu <strong data-start=\"472\" data-end=\"484\">kvie\u0161u milti)<\/strong>, da\u013c\u0113ji invert\u0113ts rafin\u0113ts cukura s\u012brups, pac\u0113l\u0101ji (n\u0101trija bikarbon\u0101ts, amonija bikarbon\u0101ts), s\u0101ls, aromatiz\u0113t\u0101ji un gar\u0161as vielas.<\/p>","protected":false},"excerpt":{"rendered":"<p>Koostisosad:NISUjahu (nisujahu, kaltsiumkarbonaat, niatsiin, raud, tiamiin),piima\u0161okolaad (28%) (suhkur, kakaov\u00f5i, l\u00f5ssipulber, kakaomass, laktoos ja vadakuvalk (PIIMAST), piimarasv, palmirasv, vadakupulber (PIIMAST), emulgaatorid (SOJALetsitiin, E476), vanilliekstrakt),palmi\u00f5li, suhkur, t\u00e4istera nisujahu, osaliselt inverteeritud rafineeritud suhkrusiirup, kergitusained (naatriumvesinikkarbonaat, ammooniumvesinikkarbonaat), sool, l\u00f5hna- ja maitseained.<\/p>","protected":false},"featured_media":358940,"comment_status":"open","ping_status":"closed","template":"","meta":{"_acf_changed":false},"product_brand":[],"product_cat":[117,77,80],"product_tag":[],"class_list":{"0":"post-358937","1":"product","2":"type-product","3":"status-publish","4":"has-post-thumbnail","6":"product_cat-kupsised","7":"product_cat-maiustused","8":"product_cat-snakid","10":"first","11":"instock","12":"sale","13":"taxable","14":"shipping-taxable","15":"purchasable","16":"product-type-simple"},"supplier_id":null,"supplier_sku":"","barcode":null,"atum_controlled":true,"out_stock_date":null,"out_stock_threshold":null,"inheritable":false,"inbound_stock":0,"stock_on_hold":13,"sold_today":8,"sales_last_days":393,"reserved_stock":0,"customer_returns":0,"warehouse_damage":0,"lost_in_post":0,"other_logs":0,"out_stock_days":0,"lost_sales":0,"has_location":false,"update_date":"2026-02-12T13:18:44","atum_locations":[],"atum_stock_status":"instock","restock_status":true,"low_stock_amount":"","sales_update_date":"2026-02-12T13:18:36","calc_backorders":null,"acf":[],"_links":{"self":[{"href":"https:\/\/vbd.dev.sumena.ee\/lv\/wp-json\/wp\/v2\/product\/358937","targetHints":{"allow":["GET"]}}],"collection":[{"href":"https:\/\/vbd.dev.sumena.ee\/lv\/wp-json\/wp\/v2\/product"}],"about":[{"href":"https:\/\/vbd.dev.sumena.ee\/lv\/wp-json\/wp\/v2\/types\/product"}],"replies":[{"embeddable":true,"href":"https:\/\/vbd.dev.sumena.ee\/lv\/wp-json\/wp\/v2\/comments?post=358937"}],"wp:featuredmedia":[{"embeddable":true,"href":"https:\/\/vbd.dev.sumena.ee\/lv\/wp-json\/wp\/v2\/media\/358940"}],"wp:attachment":[{"href":"https:\/\/vbd.dev.sumena.ee\/lv\/wp-json\/wp\/v2\/media?parent=358937"}],"wp:term":[{"taxonomy":"product_brand","embeddable":true,"href":"https:\/\/vbd.dev.sumena.ee\/lv\/wp-json\/wp\/v2\/product_brand?post=358937"},{"taxonomy":"product_cat","embeddable":true,"href":"https:\/\/vbd.dev.sumena.ee\/lv\/wp-json\/wp\/v2\/product_cat?post=358937"},{"taxonomy":"product_tag","embeddable":true,"href":"https:\/\/vbd.dev.sumena.ee\/lv\/wp-json\/wp\/v2\/product_tag?post=358937"}],"curies":[{"name":"wp","href":"https:\/\/api.w.org\/{rel}","templated":true}]}}