{"id":358412,"date":"2026-01-26T16:27:48","date_gmt":"2026-01-26T13:27:48","guid":{"rendered":"https:\/\/vbd.dev.sumena.ee\/?post_type=product&#038;p=358412"},"modified":"2026-02-09T23:12:52","modified_gmt":"2026-02-09T20:12:52","slug":"universaalne-pesuvahend-green-mood-sidrunheina-ja-piparmundi-1l","status":"publish","type":"product","link":"https:\/\/vbd.dev.sumena.ee\/lv\/products-2\/universaalne-pesuvahend-green-mood-sidrunheina-ja-piparmundi-1l\/","title":{"rendered":"Univers\u0101ls mazg\u0101\u0161anas l\u012bdzeklis Green Mood ar citronz\u0101les un piparm\u0113tras arom\u0101tu, 1 L"},"content":{"rendered":"<p class=\"p1\">Univers\u0101ls mazg\u0101\u0161anas l\u012bdzeklis Green Mood ar citronz\u0101les un piparm\u0113tras arom\u0101tu, 1 L<\/p>","protected":false},"excerpt":{"rendered":"<p>Univers\u0101ls mazg\u0101\u0161anas l\u012bdzeklis Green Mood ar citronz\u0101les un piparm\u0113tras arom\u0101tu, 1 L<\/p>","protected":false},"featured_media":358414,"comment_status":"open","ping_status":"closed","template":"","meta":{"_acf_changed":false},"product_brand":[],"product_cat":[185,88],"product_tag":[],"class_list":{"0":"post-358412","1":"product","2":"type-product","3":"status-publish","4":"has-post-thumbnail","6":"product_cat-puhastus-ja-koristusvahendid","7":"product_cat-tarbekaubad-tooted","9":"first","10":"instock","11":"sale","12":"taxable","13":"shipping-taxable","14":"purchasable","15":"product-type-simple"},"supplier_id":null,"supplier_sku":"","barcode":null,"atum_controlled":true,"out_stock_date":null,"out_stock_threshold":null,"inheritable":false,"inbound_stock":0,"stock_on_hold":0,"sold_today":0,"sales_last_days":22,"reserved_stock":0,"customer_returns":0,"warehouse_damage":0,"lost_in_post":0,"other_logs":0,"out_stock_days":0,"lost_sales":0,"has_location":false,"update_date":"2026-02-11T19:36:33","atum_locations":[],"atum_stock_status":"instock","restock_status":true,"low_stock_amount":"","sales_update_date":"2026-02-11T19:36:27","calc_backorders":null,"acf":[],"_links":{"self":[{"href":"https:\/\/vbd.dev.sumena.ee\/lv\/wp-json\/wp\/v2\/product\/358412","targetHints":{"allow":["GET"]}}],"collection":[{"href":"https:\/\/vbd.dev.sumena.ee\/lv\/wp-json\/wp\/v2\/product"}],"about":[{"href":"https:\/\/vbd.dev.sumena.ee\/lv\/wp-json\/wp\/v2\/types\/product"}],"replies":[{"embeddable":true,"href":"https:\/\/vbd.dev.sumena.ee\/lv\/wp-json\/wp\/v2\/comments?post=358412"}],"wp:featuredmedia":[{"embeddable":true,"href":"https:\/\/vbd.dev.sumena.ee\/lv\/wp-json\/wp\/v2\/media\/358414"}],"wp:attachment":[{"href":"https:\/\/vbd.dev.sumena.ee\/lv\/wp-json\/wp\/v2\/media?parent=358412"}],"wp:term":[{"taxonomy":"product_brand","embeddable":true,"href":"https:\/\/vbd.dev.sumena.ee\/lv\/wp-json\/wp\/v2\/product_brand?post=358412"},{"taxonomy":"product_cat","embeddable":true,"href":"https:\/\/vbd.dev.sumena.ee\/lv\/wp-json\/wp\/v2\/product_cat?post=358412"},{"taxonomy":"product_tag","embeddable":true,"href":"https:\/\/vbd.dev.sumena.ee\/lv\/wp-json\/wp\/v2\/product_tag?post=358412"}],"curies":[{"name":"wp","href":"https:\/\/api.w.org\/{rel}","templated":true}]}}