{"id":357077,"date":"2026-01-23T15:42:04","date_gmt":"2026-01-23T12:42:04","guid":{"rendered":"https:\/\/vbd.dev.sumena.ee\/?post_type=product&#038;p=357077"},"modified":"2026-02-09T19:11:12","modified_gmt":"2026-02-09T16:11:12","slug":"pesuloputusvahend-sensitive-lenor-882ml-42pk","status":"publish","type":"product","link":"https:\/\/vbd.dev.sumena.ee\/lv\/products-2\/pesuloputusvahend-sensitive-lenor-882ml-42pk\/","title":{"rendered":"Ve\u013cas m\u012bkstin\u0101t\u0101js Sensitive LENOR, 882 ml"},"content":{"rendered":"<div class=\"Accordion AttributeAccordion\" data-v-28ef612e=\"\">\n<div class=\"Accordion__content\">\n<div class=\"AttributeAccordion__content\" data-v-28ef612e=\"\">Lenor Unstoppables nodro\u0161ina ilgsto\u0161u papildu svaigumu l\u012bdz n\u0101kamajai mazg\u0101\u0161anas reizei, kas (glab\u0101tai skap\u012b) turas l\u012bdz 12 ned\u0113\u013c\u0101m. Dzirksto\u0161a citrusaug\u013cu un sul\u012bgu aug\u013cu arom\u0101ta ar maig\u0101m ziedu not\u012bm. Lai nodro\u0161in\u0101tu optim\u0101lu lieto\u0161anu, smar\u017eas granulas Lenor Unstoppables j\u0101ielej tuk\u0161\u0101 tambor\u0101 pirms katras mazg\u0101\u0161anas reizes, p\u0113c tam j\u0101ievieto dr\u0113bes, mazg\u0101\u0161anas l\u012bdzeklis un skalo\u0161anas l\u012bdzeklis un j\u0101izv\u0113las ierast\u0101 mazg\u0101\u0161anas programma.<\/div>\n<\/div>\n<\/div>\n<div class=\"Accordion AttributeAccordion\" data-v-28ef612e=\"\"><\/div>","protected":false},"excerpt":{"rendered":"<p>Lenor Unstoppables nodro\u0161ina ilgsto\u0161u papildu svaigumu l\u012bdz n\u0101kamajai mazg\u0101\u0161anas reizei, kas (glab\u0101tai skap\u012b) turas l\u012bdz 12 ned\u0113\u013c\u0101m. Dzirksto\u0161a citrusaug\u013cu un sul\u012bgu aug\u013cu arom\u0101ta ar maig\u0101m ziedu not\u012bm. Lai nodro\u0161in\u0101tu optim\u0101lu lieto\u0161anu, smar\u017eas granulas Lenor Unstoppables j\u0101ielej tuk\u0161\u0101 tambor\u0101 pirms katras mazg\u0101\u0161anas reizes, p\u0113c tam j\u0101ievieto dr\u0113bes, mazg\u0101\u0161anas l\u012bdzeklis un skalo\u0161anas l\u012bdzeklis un j\u0101izv\u0113las ierast\u0101 mazg\u0101\u0161anas programma.<\/p>","protected":false},"featured_media":357078,"comment_status":"open","ping_status":"closed","template":"","meta":{"_acf_changed":false},"product_brand":[],"product_cat":[185,88],"product_tag":[],"class_list":{"0":"post-357077","1":"product","2":"type-product","3":"status-publish","4":"has-post-thumbnail","6":"product_cat-puhastus-ja-koristusvahendid","7":"product_cat-tarbekaubad-tooted","9":"first","10":"instock","11":"sale","12":"taxable","13":"shipping-taxable","14":"purchasable","15":"product-type-simple"},"supplier_id":null,"supplier_sku":"","barcode":null,"atum_controlled":true,"out_stock_date":null,"out_stock_threshold":null,"inheritable":false,"inbound_stock":0,"stock_on_hold":0,"sold_today":0,"sales_last_days":11,"reserved_stock":0,"customer_returns":0,"warehouse_damage":0,"lost_in_post":0,"other_logs":0,"out_stock_days":0,"lost_sales":0,"has_location":false,"update_date":"2026-02-10T07:49:52","atum_locations":[],"atum_stock_status":"instock","restock_status":false,"low_stock_amount":"","sales_update_date":"2026-02-10T07:49:35","calc_backorders":null,"acf":[],"_links":{"self":[{"href":"https:\/\/vbd.dev.sumena.ee\/lv\/wp-json\/wp\/v2\/product\/357077","targetHints":{"allow":["GET"]}}],"collection":[{"href":"https:\/\/vbd.dev.sumena.ee\/lv\/wp-json\/wp\/v2\/product"}],"about":[{"href":"https:\/\/vbd.dev.sumena.ee\/lv\/wp-json\/wp\/v2\/types\/product"}],"replies":[{"embeddable":true,"href":"https:\/\/vbd.dev.sumena.ee\/lv\/wp-json\/wp\/v2\/comments?post=357077"}],"wp:featuredmedia":[{"embeddable":true,"href":"https:\/\/vbd.dev.sumena.ee\/lv\/wp-json\/wp\/v2\/media\/357078"}],"wp:attachment":[{"href":"https:\/\/vbd.dev.sumena.ee\/lv\/wp-json\/wp\/v2\/media?parent=357077"}],"wp:term":[{"taxonomy":"product_brand","embeddable":true,"href":"https:\/\/vbd.dev.sumena.ee\/lv\/wp-json\/wp\/v2\/product_brand?post=357077"},{"taxonomy":"product_cat","embeddable":true,"href":"https:\/\/vbd.dev.sumena.ee\/lv\/wp-json\/wp\/v2\/product_cat?post=357077"},{"taxonomy":"product_tag","embeddable":true,"href":"https:\/\/vbd.dev.sumena.ee\/lv\/wp-json\/wp\/v2\/product_tag?post=357077"}],"curies":[{"name":"wp","href":"https:\/\/api.w.org\/{rel}","templated":true}]}}