{"id":357065,"date":"2026-01-23T15:29:10","date_gmt":"2026-01-23T12:29:10","guid":{"rendered":"https:\/\/vbd.dev.sumena.ee\/?post_type=product&#038;p=357065"},"modified":"2026-02-11T22:34:14","modified_gmt":"2026-02-11T19:34:14","slug":"puhastuskreem-cif-clean-boost-cream-pink-660g","status":"publish","type":"product","link":"https:\/\/vbd.dev.sumena.ee\/lv\/products-2\/puhastuskreem-cif-clean-boost-cream-pink-660g\/","title":{"rendered":"Cif Clean Boost Cream Pink t\u012br\u012b\u0161anas kr\u0113ms 660 g"},"content":{"rendered":"<p><strong data-start=\"87\" data-end=\"117\">Cif Clean Boost Cream Pink<\/strong> ir daudzpus\u012bgs un efekt\u012bvs kr\u0113ma t\u012br\u012b\u0161anas l\u012bdzeklis, kas izstr\u0101d\u0101ts, lai no da\u017e\u0101d\u0101m virsm\u0101m no\u0146emtu stiprus traipus un net\u012brumus.<br data-start=\"242\" data-end=\"245\" \/>T\u0101 sp\u0113c\u012bg\u0101 formula t\u012bra, no\u0146em sp\u012bt\u012bgus net\u012brumus un atjauno sp\u012bdumu, atst\u0101jot virsmas t\u012bras un svaigas.<br data-start=\"351\" data-end=\"354\" \/>Roz\u0101 variants nodro\u0161ina pat\u012bkamu arom\u0101tu un dzi\u013cu t\u012br\u012bbu virtuv\u0113, vannasistab\u0101 un cit\u0101s telp\u0101s.<br data-start=\"454\" data-end=\"457\" data-is-only-node=\"\" \/>Dro\u0161s liel\u0101kajai da\u013cai virsmu \u2013 ide\u0101li piem\u0113rots ikdienas lieto\u0161anai un pal\u012bdz uztur\u0113t m\u0101ju spo\u017ei t\u012bru.<\/p>","protected":false},"excerpt":{"rendered":"<p>Cif Clean Boost Cream Pink on mitmek\u00fclgne ja t\u00f5hus kreempuhastusvahend, mis on loodud tugevate plekkide ja mustuse eemaldamiseks erinevatelt pindadelt.Selle v\u00f5imas koostis puhastab, eemaldab t\u00f5rksa mustuse ja taastab s\u00e4ra, j\u00e4ttes pinnad puhtaks ja v\u00e4rskeks.Roosa variant pakub meeldivat l\u00f5hna ning tagab s\u00fcgavpuhastuse k\u00f6\u00f6gis, vannitoas ja teistes ruumides.Ohutu enamiku pindade jaoks \u2013 ideaalne igap\u00e4evaseks kasutamiseks ja aitab [&hellip;]<\/p>","protected":false},"featured_media":357068,"comment_status":"open","ping_status":"closed","template":"","meta":{"_acf_changed":false},"product_brand":[],"product_cat":[185,88],"product_tag":[],"class_list":{"0":"post-357065","1":"product","2":"type-product","3":"status-publish","4":"has-post-thumbnail","6":"product_cat-puhastus-ja-koristusvahendid","7":"product_cat-tarbekaubad-tooted","9":"first","10":"instock","11":"sale","12":"taxable","13":"shipping-taxable","14":"purchasable","15":"product-type-simple"},"supplier_id":null,"supplier_sku":"","barcode":null,"atum_controlled":true,"out_stock_date":null,"out_stock_threshold":null,"inheritable":false,"inbound_stock":0,"stock_on_hold":2,"sold_today":0,"sales_last_days":41,"reserved_stock":0,"customer_returns":0,"warehouse_damage":0,"lost_in_post":0,"other_logs":0,"out_stock_days":0,"lost_sales":0,"has_location":false,"update_date":"2026-02-12T15:46:21","atum_locations":[],"atum_stock_status":"instock","restock_status":true,"low_stock_amount":"","sales_update_date":"2026-02-12T15:46:12","calc_backorders":null,"acf":[],"_links":{"self":[{"href":"https:\/\/vbd.dev.sumena.ee\/lv\/wp-json\/wp\/v2\/product\/357065","targetHints":{"allow":["GET"]}}],"collection":[{"href":"https:\/\/vbd.dev.sumena.ee\/lv\/wp-json\/wp\/v2\/product"}],"about":[{"href":"https:\/\/vbd.dev.sumena.ee\/lv\/wp-json\/wp\/v2\/types\/product"}],"replies":[{"embeddable":true,"href":"https:\/\/vbd.dev.sumena.ee\/lv\/wp-json\/wp\/v2\/comments?post=357065"}],"wp:featuredmedia":[{"embeddable":true,"href":"https:\/\/vbd.dev.sumena.ee\/lv\/wp-json\/wp\/v2\/media\/357068"}],"wp:attachment":[{"href":"https:\/\/vbd.dev.sumena.ee\/lv\/wp-json\/wp\/v2\/media?parent=357065"}],"wp:term":[{"taxonomy":"product_brand","embeddable":true,"href":"https:\/\/vbd.dev.sumena.ee\/lv\/wp-json\/wp\/v2\/product_brand?post=357065"},{"taxonomy":"product_cat","embeddable":true,"href":"https:\/\/vbd.dev.sumena.ee\/lv\/wp-json\/wp\/v2\/product_cat?post=357065"},{"taxonomy":"product_tag","embeddable":true,"href":"https:\/\/vbd.dev.sumena.ee\/lv\/wp-json\/wp\/v2\/product_tag?post=357065"}],"curies":[{"name":"wp","href":"https:\/\/api.w.org\/{rel}","templated":true}]}}