{"id":357043,"date":"2026-01-23T13:17:45","date_gmt":"2026-01-23T10:17:45","guid":{"rendered":"https:\/\/vbd.dev.sumena.ee\/?post_type=product&#038;p=357043"},"modified":"2026-02-11T19:53:24","modified_gmt":"2026-02-11T16:53:24","slug":"puhastuskreem-cif-original-500ml","status":"publish","type":"product","link":"https:\/\/vbd.dev.sumena.ee\/lv\/products-2\/puhastuskreem-cif-original-500ml\/","title":{"rendered":"Cif Original t\u012br\u012b\u0161anas kr\u0113ms 500ml"},"content":{"rendered":"<div class=\"accordion-item\">\n<div id=\"tab-description\" class=\"woocommerce-Tabs-panel woocommerce-Tabs-panel--description panel entry-content wc-tab ui-accordion-content ui-corner-bottom ui-helper-reset ui-widget-content ui-accordion-content-active\" role=\"tabpanel\" aria-labelledby=\"tab-title-description\" aria-hidden=\"false\">\n<p>Piem\u0113rots da\u017e\u0101du virsmu t\u012br\u012b\u0161anai virtuv\u0113, vannasistab\u0101 un cit\u0101s telp\u0101s. Efekt\u012bvi un maigi no\u0146em pat stiprus un taukainus traipus, neradot skr\u0101p\u0113jumus. Nav piem\u0113rots linoleja, \u0101das, pakl\u0101ju, tekstila, k\u0101 ar\u012b m\u0101jsaimniec\u012bbas tehnikas uzrakstu un simbolu t\u012br\u012b\u0161anai.\n\nBr\u012bdin\u0101jumi:\nVar izrais\u012bt sp\u0113c\u012bgu acu kairin\u0101jumu. Satur benzizotiazol\u012bnu. Var izrais\u012bt aler\u0123isku reakciju. Kairina \u0101du.\n\nNOR\u0100DES:\n\nNon\u0101kot uz \u0101das: nomazg\u0101jiet ar lielu daudzumu ziepju un \u016bdens.\n\nNon\u0101kot ac\u012bs: r\u016bp\u012bgi skalojiet ar \u016bdeni vair\u0101kas min\u016btes. No\u0146emiet kontaktl\u0113cas, ja tas ir viegli izdar\u0101ms, un turpiniet skalot.\n\nJa acu kairin\u0101jums turpin\u0101s: v\u0113rsieties pie \u0101rsta.\n\nJa rodas \u0101das kairin\u0101jums: v\u0113rsieties pie \u0101rsta.\n\nUzglab\u0101\u0161ana: glab\u0101t b\u0113rniem nepieejam\u0101 viet\u0101.<\/p>\n<p>Sast\u0101vs: &lt;5% ijonu virsmakt\u012bv\u0101s vielas, polikarboksil\u0101ti. Satur ar\u012b: aromatiz\u0113t\u0101jus un konservantus.<\/p>\n<\/div>\n<\/div>\n<div class=\"accordion-item\">\n<div id=\"tab-title-additional_information\" class=\"accordion-tab-title ui-accordion-header ui-corner-top ui-accordion-header-collapsed ui-corner-all ui-state-default ui-accordion-icons\" tabindex=\"-1\" role=\"tab\" aria-controls=\"tab-additional_information\" aria-selected=\"false\" aria-expanded=\"false\"><\/div>\n<\/div>","protected":false},"excerpt":{"rendered":"<p>erinevate pindade puhastamiseks k\u00f6\u00f6gis, vannitoas ja teistes ruumides \u2022 puhastab kergelt, pinda kriimustamata k\u00f5ik rasked ja rasvased plekid . Ei sobi linoleumi, naha, vaipade, tekstiili, kodumasinatel olevate kirjade ja s\u00fcmbolite puhastamiseks. P\u00f5hjustab tugevat silmade \u00e4rritust. Sisaldab bensisotiasolinooni. V\u00f5ib p\u00f5hjustada allergilist reaktsiooni. \u00c4rritab nahka. NAHALE SATTUMISEL: Pesta rohke seebi ja veega. SILMA SATTUMISE KORRAL: Loputada mitu [&hellip;]<\/p>","protected":false},"featured_media":357045,"comment_status":"open","ping_status":"closed","template":"","meta":{"_acf_changed":false},"product_brand":[],"product_cat":[185,88],"product_tag":[],"class_list":{"0":"post-357043","1":"product","2":"type-product","3":"status-publish","4":"has-post-thumbnail","6":"product_cat-puhastus-ja-koristusvahendid","7":"product_cat-tarbekaubad-tooted","9":"first","10":"instock","11":"sale","12":"taxable","13":"shipping-taxable","14":"purchasable","15":"product-type-simple"},"supplier_id":null,"supplier_sku":"","barcode":null,"atum_controlled":true,"out_stock_date":null,"out_stock_threshold":null,"inheritable":false,"inbound_stock":0,"stock_on_hold":2,"sold_today":2,"sales_last_days":18,"reserved_stock":0,"customer_returns":0,"warehouse_damage":0,"lost_in_post":0,"other_logs":0,"out_stock_days":0,"lost_sales":0,"has_location":false,"update_date":"2026-02-11T18:44:33","atum_locations":[],"atum_stock_status":"instock","restock_status":false,"low_stock_amount":"","sales_update_date":"2026-02-11T18:44:26","calc_backorders":null,"acf":[],"_links":{"self":[{"href":"https:\/\/vbd.dev.sumena.ee\/lv\/wp-json\/wp\/v2\/product\/357043","targetHints":{"allow":["GET"]}}],"collection":[{"href":"https:\/\/vbd.dev.sumena.ee\/lv\/wp-json\/wp\/v2\/product"}],"about":[{"href":"https:\/\/vbd.dev.sumena.ee\/lv\/wp-json\/wp\/v2\/types\/product"}],"replies":[{"embeddable":true,"href":"https:\/\/vbd.dev.sumena.ee\/lv\/wp-json\/wp\/v2\/comments?post=357043"}],"wp:featuredmedia":[{"embeddable":true,"href":"https:\/\/vbd.dev.sumena.ee\/lv\/wp-json\/wp\/v2\/media\/357045"}],"wp:attachment":[{"href":"https:\/\/vbd.dev.sumena.ee\/lv\/wp-json\/wp\/v2\/media?parent=357043"}],"wp:term":[{"taxonomy":"product_brand","embeddable":true,"href":"https:\/\/vbd.dev.sumena.ee\/lv\/wp-json\/wp\/v2\/product_brand?post=357043"},{"taxonomy":"product_cat","embeddable":true,"href":"https:\/\/vbd.dev.sumena.ee\/lv\/wp-json\/wp\/v2\/product_cat?post=357043"},{"taxonomy":"product_tag","embeddable":true,"href":"https:\/\/vbd.dev.sumena.ee\/lv\/wp-json\/wp\/v2\/product_tag?post=357043"}],"curies":[{"name":"wp","href":"https:\/\/api.w.org\/{rel}","templated":true}]}}