{"id":357037,"date":"2026-01-23T13:14:29","date_gmt":"2026-01-23T10:14:29","guid":{"rendered":"https:\/\/vbd.dev.sumena.ee\/?post_type=product&#038;p=357037"},"modified":"2026-02-11T11:41:23","modified_gmt":"2026-02-11T08:41:23","slug":"puhastuskreem-cif-lemon-500ml","status":"publish","type":"product","link":"https:\/\/vbd.dev.sumena.ee\/lv\/products-2\/puhastuskreem-cif-lemon-500ml\/","title":{"rendered":"Cif Lemon t\u012br\u012b\u0161anas kr\u0113ms 500 ml"},"content":{"rendered":"<div class=\"accordion-item\">\n<div id=\"tab-description\" class=\"woocommerce-Tabs-panel woocommerce-Tabs-panel--description panel entry-content wc-tab ui-accordion-content ui-corner-bottom ui-helper-reset ui-widget-content ui-accordion-content-active\" role=\"tabpanel\" aria-labelledby=\"tab-title-description\" aria-hidden=\"false\">\n<p>Piem\u0113rots da\u017e\u0101du virsmu t\u012br\u012b\u0161anai virtuv\u0113, vannasistab\u0101 un cit\u0101s telp\u0101s. Viegls, bet efekt\u012bvs t\u012br\u012b\u0161ana bez virsmas skr\u0101p\u0113\u0161anas \u2014 no\u0146em pat stiprus un taukainus traipus. Nav piem\u0113rots linoleja, \u0101das, pakl\u0101ju, tekstila, k\u0101 ar\u012b m\u0101jsaimniec\u012bbas tehnikas uzrakstu un simbolu t\u012br\u012b\u0161anai.<\/p>\n<p>Sast\u0101vs: &lt; 5% anjonu virsmakt\u012bv\u0101s vielas, nejonu virsmakt\u012bv\u0101s vielas, ziepes, aromatiz\u0113t\u0101ji, limon\u0113ns, benzizotiazol\u012bns, linalols, geraniols.\nProdukta sast\u0101vda\u013cu saraksts var main\u012bties. Pirms lieto\u0161anas p\u0101rbaudiet sast\u0101vda\u013cas uz iepakojuma.<\/p>\n<\/div>\n<\/div>\n<div class=\"accordion-item\">\n<div id=\"tab-title-additional_information\" class=\"accordion-tab-title ui-accordion-header ui-corner-top ui-accordion-header-collapsed ui-corner-all ui-state-default ui-accordion-icons\" tabindex=\"-1\" role=\"tab\" aria-controls=\"tab-additional_information\" aria-selected=\"false\" aria-expanded=\"false\"><\/div>\n<\/div>","protected":false},"excerpt":{"rendered":"<p>erinevate pindade puhastamiseks k\u00f6\u00f6gis, vannitoas ja teistes ruumides \u2022 puhastab kergelt, pinda kriimustamata k\u00f5ik rasked ja rasvased plekid . Ei sobi linoleumi, naha, vaipade, tekstiili, kodumasinatel olevate kirjade ja s\u00fcmbolite puhastamiseks. KOOSTIS: &lt; 5% anioonsed pindaktiivsed ained, mitteioonsed pindaktiivsed ained, seep, l\u00f5hnaained, Limonene, Benzisothiazolinone, Linalool, Geraniol. * Toote koostisosade loetelu v\u00f5ib muutuda. Kontrollige enne toote [&hellip;]<\/p>","protected":false},"featured_media":357042,"comment_status":"open","ping_status":"closed","template":"","meta":{"_acf_changed":false},"product_brand":[],"product_cat":[185,88],"product_tag":[],"class_list":{"0":"post-357037","1":"product","2":"type-product","3":"status-publish","4":"has-post-thumbnail","6":"product_cat-puhastus-ja-koristusvahendid","7":"product_cat-tarbekaubad-tooted","9":"first","10":"instock","11":"sale","12":"taxable","13":"shipping-taxable","14":"purchasable","15":"product-type-simple"},"supplier_id":null,"supplier_sku":"","barcode":null,"atum_controlled":true,"out_stock_date":null,"out_stock_threshold":null,"inheritable":false,"inbound_stock":0,"stock_on_hold":1,"sold_today":0,"sales_last_days":24,"reserved_stock":0,"customer_returns":0,"warehouse_damage":0,"lost_in_post":0,"other_logs":0,"out_stock_days":0,"lost_sales":0,"has_location":false,"update_date":"2026-02-12T10:34:23","atum_locations":[],"atum_stock_status":"instock","restock_status":false,"low_stock_amount":"","sales_update_date":"2026-02-12T10:34:13","calc_backorders":null,"acf":[],"_links":{"self":[{"href":"https:\/\/vbd.dev.sumena.ee\/lv\/wp-json\/wp\/v2\/product\/357037","targetHints":{"allow":["GET"]}}],"collection":[{"href":"https:\/\/vbd.dev.sumena.ee\/lv\/wp-json\/wp\/v2\/product"}],"about":[{"href":"https:\/\/vbd.dev.sumena.ee\/lv\/wp-json\/wp\/v2\/types\/product"}],"replies":[{"embeddable":true,"href":"https:\/\/vbd.dev.sumena.ee\/lv\/wp-json\/wp\/v2\/comments?post=357037"}],"wp:featuredmedia":[{"embeddable":true,"href":"https:\/\/vbd.dev.sumena.ee\/lv\/wp-json\/wp\/v2\/media\/357042"}],"wp:attachment":[{"href":"https:\/\/vbd.dev.sumena.ee\/lv\/wp-json\/wp\/v2\/media?parent=357037"}],"wp:term":[{"taxonomy":"product_brand","embeddable":true,"href":"https:\/\/vbd.dev.sumena.ee\/lv\/wp-json\/wp\/v2\/product_brand?post=357037"},{"taxonomy":"product_cat","embeddable":true,"href":"https:\/\/vbd.dev.sumena.ee\/lv\/wp-json\/wp\/v2\/product_cat?post=357037"},{"taxonomy":"product_tag","embeddable":true,"href":"https:\/\/vbd.dev.sumena.ee\/lv\/wp-json\/wp\/v2\/product_tag?post=357037"}],"curies":[{"name":"wp","href":"https:\/\/api.w.org\/{rel}","templated":true}]}}