{"id":356769,"date":"2026-01-21T22:01:05","date_gmt":"2026-01-21T19:01:05","guid":{"rendered":"https:\/\/vbd.dev.sumena.ee\/?post_type=product&#038;p=356769"},"modified":"2026-02-09T09:06:43","modified_gmt":"2026-02-09T06:06:43","slug":"noudepesumasina-geel-all-in-1-geel-lemon-finish-700ml","status":"publish","type":"product","link":"https:\/\/vbd.dev.sumena.ee\/lv\/products-2\/noudepesumasina-geel-all-in-1-geel-lemon-finish-700ml\/","title":{"rendered":"Trauku mazg\u0101\u0161anas ma\u0161\u012bnas \u017eeleja All-in-1 Geel Lemon, FINISH, 700 ml"},"content":{"rendered":"<div class=\"Accordion AttributeAccordion\" data-v-28ef612e=\"\">\n<div class=\"Accordion__content\">\n<div class=\"AttributeAccordion__content\" data-v-28ef612e=\"\">Finish All in 1 Max Power Gel Lemon \u0101tri \u0161\u0137\u012bsto\u0161\u0101 formula nodro\u0161ina p\u0101rsteidzo\u0161u sp\u012bdumu un t\u012br\u012bbu pat \u012bsajos mazg\u0101\u0161anas ciklos. Jaun\u0101 citronu arom\u0101ta taukus \u0161\u0137\u012bdin\u0101t\u0101 formula efekt\u012bvi no\u0146em pat stiprus tauku nos\u0113dumus, nodro\u0161inot izcilus rezult\u0101tus. No\u0146em sp\u0113c\u012bgus net\u012brumus un pielipu\u0161as paliekas (ar iepriek\u0161\u0113j\u0101s apstr\u0101des efektu). Ar akt\u012bvajiem fermentiem nodro\u0161ina higi\u0113nisku t\u012br\u012bbu. Samazina traipu veido\u0161anos, nov\u0113r\u0161 stikla koroziju un nodro\u0161ina ilgsto\u0161u sp\u012bdumu.<\/div>\n<div data-v-28ef612e=\"\"><\/div>\n<\/div>\n<\/div>\n<div class=\"Accordion AttributeAccordion\" data-v-28ef612e=\"\">Lieto\u0161anas instrukcija: atveriet pudeli un ielejiet \u017eeleju trauku mazg\u0101jam\u0101s ma\u0161\u012bnas dozator\u0101. Aizveriet dozatoru un izv\u0113lieties mazg\u0101\u0161anas programmu. DEVAS IETEIKUMS:<br \/>\nV\u0101ji net\u012bri trauki \u2014 20 ml<br \/>\nParasti net\u012bri trauki \u2014 25 ml<br \/>\nStipri net\u012bri trauki \u2014 30 ml<\/div>","protected":false},"excerpt":{"rendered":"<p>Finish All in 1 Max Power Gel Lemoni kiiresti lahustuv koostis annab teile h\u00e4mmastava s\u00e4ra ja puhtuse isegi l\u00fchikeste pesuts\u00fcklite korral. Finish All in 1 Max Power Gel Lemoni uus sidrunil\u00f5hnaline rasva lahustav koostis eemaldab h\u00e4mmastavate tulemuste saavutamiseks tugevad rasvaj\u00e4\u00e4gid. Eemaldab tugevad plekid. Eemaldab kleepunud j\u00e4\u00e4gid (eelt\u00f6\u00f6tlev toime). Aktiivsete ens\u00fc\u00fcmidega h\u00fcgieeniliseks puhastuseks. Minimeerib plekkide teket. [&hellip;]<\/p>","protected":false},"featured_media":356771,"comment_status":"open","ping_status":"closed","template":"","meta":{"_acf_changed":false},"product_brand":[],"product_cat":[185,88],"product_tag":[],"class_list":{"0":"post-356769","1":"product","2":"type-product","3":"status-publish","4":"has-post-thumbnail","6":"product_cat-puhastus-ja-koristusvahendid","7":"product_cat-tarbekaubad-tooted","9":"first","10":"instock","11":"sale","12":"taxable","13":"shipping-taxable","14":"purchasable","15":"product-type-simple"},"supplier_id":null,"supplier_sku":"","barcode":null,"atum_controlled":true,"out_stock_date":null,"out_stock_threshold":null,"inheritable":false,"inbound_stock":0,"stock_on_hold":0,"sold_today":0,"sales_last_days":37,"reserved_stock":0,"customer_returns":0,"warehouse_damage":0,"lost_in_post":0,"other_logs":0,"out_stock_days":0,"lost_sales":0,"has_location":false,"update_date":"2026-02-11T11:29:17","atum_locations":[],"atum_stock_status":"instock","restock_status":false,"low_stock_amount":"","sales_update_date":"2026-02-11T11:29:07","calc_backorders":null,"acf":[],"_links":{"self":[{"href":"https:\/\/vbd.dev.sumena.ee\/lv\/wp-json\/wp\/v2\/product\/356769","targetHints":{"allow":["GET"]}}],"collection":[{"href":"https:\/\/vbd.dev.sumena.ee\/lv\/wp-json\/wp\/v2\/product"}],"about":[{"href":"https:\/\/vbd.dev.sumena.ee\/lv\/wp-json\/wp\/v2\/types\/product"}],"replies":[{"embeddable":true,"href":"https:\/\/vbd.dev.sumena.ee\/lv\/wp-json\/wp\/v2\/comments?post=356769"}],"wp:featuredmedia":[{"embeddable":true,"href":"https:\/\/vbd.dev.sumena.ee\/lv\/wp-json\/wp\/v2\/media\/356771"}],"wp:attachment":[{"href":"https:\/\/vbd.dev.sumena.ee\/lv\/wp-json\/wp\/v2\/media?parent=356769"}],"wp:term":[{"taxonomy":"product_brand","embeddable":true,"href":"https:\/\/vbd.dev.sumena.ee\/lv\/wp-json\/wp\/v2\/product_brand?post=356769"},{"taxonomy":"product_cat","embeddable":true,"href":"https:\/\/vbd.dev.sumena.ee\/lv\/wp-json\/wp\/v2\/product_cat?post=356769"},{"taxonomy":"product_tag","embeddable":true,"href":"https:\/\/vbd.dev.sumena.ee\/lv\/wp-json\/wp\/v2\/product_tag?post=356769"}],"curies":[{"name":"wp","href":"https:\/\/api.w.org\/{rel}","templated":true}]}}