{"id":356765,"date":"2026-01-22T21:44:40","date_gmt":"2026-01-22T18:44:40","guid":{"rendered":"https:\/\/vbd.dev.sumena.ee\/?post_type=product&#038;p=356765"},"modified":"2026-02-12T13:32:54","modified_gmt":"2026-02-12T10:32:54","slug":"pesuvahendi-lehed-dr-beckmann-universal-25-tk","status":"publish","type":"product","link":"https:\/\/vbd.dev.sumena.ee\/lv\/products-2\/pesuvahendi-lehed-dr-beckmann-universal-25-tk\/","title":{"rendered":"Dr. Beckmann Universal mazg\u0101\u0161anas lapas (25 gab.)"},"content":{"rendered":"<div class=\"Accordion AttributeAccordion\" data-v-28ef612e=\"\">\n<div class=\"Accordion__content\">\n<div class=\"AttributeAccordion__content\" data-v-28ef612e=\"\">Mazg\u0101\u0161anas l\u012bdzek\u013ca lapa satur \u013coti koncentr\u0113tas, biolo\u0123iski no\u0101rd\u0101mas mazg\u0101\u0161anas vielas un piln\u012bb\u0101 iz\u0161\u0137\u012bst saskar\u0113 ar \u016bdeni. Viena \u016bden\u012b \u0161\u0137\u012bsto\u0161a lapa nodro\u0161ina dzi\u013cu t\u012br\u012bbu un spo\u017eu svaigumu \u2014 pat zem\u0101s temperat\u016br\u0101s. Mazg\u0101\u0161ana nekad nav bijusi vienk\u0101r\u0161\u0101ka: vienk\u0101r\u0161i ievietojiet vienu lapu ve\u013cas ma\u0161\u012bn\u0101 un uzs\u0101ciet mazg\u0101\u0161anas ciklu. \u012apa\u0161i viegla un kompakta iepakojuma forma, ko ir \u0113rti n\u0113s\u0101t l\u012bdzi, lietot un uzglab\u0101t. Nesatur mikroplastmasu, veg\u0101ns.<\/div>\n<\/div>\n<\/div>\n<div class=\"Accordion AttributeAccordion\" data-v-28ef612e=\"\"><\/div>","protected":false},"excerpt":{"rendered":"<p>Pesupesuvahendi leht sisaldab v\u00e4ga kontsentreeritud biolagunevaid pesuaineid ja lahustub pesus veega kokkupuutel t\u00e4ielikult. \u00dcks vees lahustuv leht tagab s\u00fcgava puhtuse ja s\u00e4rava v\u00e4rskuse \u2013 isegi madalatel temperatuuridel. Pesemine pole kunagi olnud lihtsam: lihtsalt lisage \u00fcks leht pesutrumlisse ja alustage pesuts\u00fckliga. \u00dclimalt kerge ja kompaktne pakend, mida on lihtne kaasas kanda, lihtne kasutada ja hoiustada. Ei [&hellip;]<\/p>","protected":false},"featured_media":356766,"comment_status":"open","ping_status":"closed","template":"","meta":{"_acf_changed":false},"product_brand":[],"product_cat":[185,88],"product_tag":[],"class_list":{"0":"post-356765","1":"product","2":"type-product","3":"status-publish","4":"has-post-thumbnail","6":"product_cat-puhastus-ja-koristusvahendid","7":"product_cat-tarbekaubad-tooted","9":"first","10":"instock","11":"sale","12":"taxable","13":"shipping-taxable","14":"purchasable","15":"product-type-simple"},"supplier_id":null,"supplier_sku":"","barcode":null,"atum_controlled":true,"out_stock_date":null,"out_stock_threshold":null,"inheritable":false,"inbound_stock":0,"stock_on_hold":1,"sold_today":5,"sales_last_days":19,"reserved_stock":0,"customer_returns":0,"warehouse_damage":0,"lost_in_post":0,"other_logs":0,"out_stock_days":0,"lost_sales":0,"has_location":false,"update_date":"2026-02-12T13:20:20","atum_locations":[],"atum_stock_status":"instock","restock_status":false,"low_stock_amount":"","sales_update_date":"2026-02-12T13:20:11","calc_backorders":null,"acf":[],"_links":{"self":[{"href":"https:\/\/vbd.dev.sumena.ee\/lv\/wp-json\/wp\/v2\/product\/356765","targetHints":{"allow":["GET"]}}],"collection":[{"href":"https:\/\/vbd.dev.sumena.ee\/lv\/wp-json\/wp\/v2\/product"}],"about":[{"href":"https:\/\/vbd.dev.sumena.ee\/lv\/wp-json\/wp\/v2\/types\/product"}],"replies":[{"embeddable":true,"href":"https:\/\/vbd.dev.sumena.ee\/lv\/wp-json\/wp\/v2\/comments?post=356765"}],"wp:featuredmedia":[{"embeddable":true,"href":"https:\/\/vbd.dev.sumena.ee\/lv\/wp-json\/wp\/v2\/media\/356766"}],"wp:attachment":[{"href":"https:\/\/vbd.dev.sumena.ee\/lv\/wp-json\/wp\/v2\/media?parent=356765"}],"wp:term":[{"taxonomy":"product_brand","embeddable":true,"href":"https:\/\/vbd.dev.sumena.ee\/lv\/wp-json\/wp\/v2\/product_brand?post=356765"},{"taxonomy":"product_cat","embeddable":true,"href":"https:\/\/vbd.dev.sumena.ee\/lv\/wp-json\/wp\/v2\/product_cat?post=356765"},{"taxonomy":"product_tag","embeddable":true,"href":"https:\/\/vbd.dev.sumena.ee\/lv\/wp-json\/wp\/v2\/product_tag?post=356765"}],"curies":[{"name":"wp","href":"https:\/\/api.w.org\/{rel}","templated":true}]}}