{"id":356764,"date":"2026-01-22T21:41:28","date_gmt":"2026-01-22T18:41:28","guid":{"rendered":"https:\/\/vbd.dev.sumena.ee\/?post_type=product&#038;p=356764"},"modified":"2026-02-12T13:32:54","modified_gmt":"2026-02-12T10:32:54","slug":"pesuvahendi-lehed-dr-beckmann-sensitive-cotton-fresh-25tk","status":"publish","type":"product","link":"https:\/\/vbd.dev.sumena.ee\/lv\/products-2\/pesuvahendi-lehed-dr-beckmann-sensitive-cotton-fresh-25tk\/","title":{"rendered":"Dr. Beckmann Sensitive Cotton Fresh mazg\u0101\u0161anas lapas (25 gab.)"},"content":{"rendered":"<p>Mazg\u0101\u0161anas lapas ir vienk\u0101r\u0161s veids, k\u0101 \u0113rt\u0101 un ekonomisk\u0101 veid\u0101 mazg\u0101t ve\u013cu. Produkts ir izstr\u0101d\u0101ts, lai samazin\u0101tu ekolo\u0123isko nospiedumu. Mazg\u0101\u0161anas lapu svars ir l\u012bdz 90% maz\u0101ks nek\u0101 parastajiem mazg\u0101\u0161anas l\u012bdzek\u013ciem, un to sast\u0101vs ir bez \u016bdens. Magic Leaves Sensitive ir maiga un pat\u012bkama \u201cFresh Cotton\u201d kokvilnas smar\u017ea. Produkts ir bag\u0101tin\u0101ts ar dab\u012bgu alvejas ekstraktu. Mazg\u0101\u0161anas lapa satur \u013coti koncentr\u0113tas biolo\u0123iski no\u0101rd\u0101mas mazg\u0101\u0161anas vielas un piln\u012bb\u0101 iz\u0161\u0137\u012bst saskar\u0113 ar \u016bdeni. Viena \u016bden\u012b \u0161\u0137\u012bsto\u0161a lapa nodro\u0161ina dzi\u013cu t\u012br\u012bbu pat zem\u0101s temperat\u016br\u0101s, s\u0101kot no 20\u00b0C. Piem\u0113rota lieto\u0161anai ar\u012b \u012bsos mazg\u0101\u0161anas ciklos un roku mazg\u0101\u0161anai.\n\n100% akt\u012bv\u0101s sast\u0101vda\u013cas, nav pievienoti lieki pal\u012bgvielas\n\n100% \u016bden\u012b \u0161\u0137\u012bsto\u0161s sast\u0101vs\n\n0% atlikumu\n\n0% konservantu un kr\u0101svielu\n\nPiem\u0113rots ar\u012b jut\u012bgai un aler\u0123iskai \u0101dai\n\nProdukts ir izg\u0101jis kvalit\u0101tes testus un sa\u0146\u0113mis aler\u0123ijai draudz\u012bga produkta sertifik\u0101tu\n\nBez \u016bdens sast\u0101va\n\nBez mikroplastmasas un konservantiem\n\nPrec\u012bza doz\u0113\u0161ana nov\u0113r\u0161 lieku l\u012bdzek\u013ca pat\u0113ri\u0146u un nodro\u0161ina optim\u0101lu mazg\u0101\u0161anu.<\/p>\n<p>&nbsp;<\/p>","protected":false},"excerpt":{"rendered":"<p>Pesuvahendi lehed on lihtne viis mugavalt ja s\u00e4\u00e4stvalt pesu pesemiseks. Toode on disainitud \u00f6koloogilise jalaj\u00e4lje minimeerimiseks. Pesuvahendi lehtedel on kuni 90% v\u00e4iksem kaal kui tavalistel pesuvahenditel ning veevaba koostisega. Magic Leaves Sensitive on \u00f5rna ja meeldiva Fresh Cotton puuvillal\u00f5hnaga. Toode on rikastatud loodusliku Aloe Vera ekstraktiga. Pesuvahendi leht sisaldab v\u00e4ga konts entreeritud biolagunevaid pesuaineid ja [&hellip;]<\/p>","protected":false},"featured_media":356767,"comment_status":"open","ping_status":"closed","template":"","meta":{"_acf_changed":false},"product_brand":[],"product_cat":[185,88],"product_tag":[],"class_list":{"0":"post-356764","1":"product","2":"type-product","3":"status-publish","4":"has-post-thumbnail","6":"product_cat-puhastus-ja-koristusvahendid","7":"product_cat-tarbekaubad-tooted","9":"first","10":"instock","11":"sale","12":"taxable","13":"shipping-taxable","14":"purchasable","15":"product-type-simple"},"supplier_id":null,"supplier_sku":"","barcode":null,"atum_controlled":true,"out_stock_date":null,"out_stock_threshold":null,"inheritable":false,"inbound_stock":0,"stock_on_hold":2,"sold_today":6,"sales_last_days":25,"reserved_stock":0,"customer_returns":0,"warehouse_damage":0,"lost_in_post":0,"other_logs":0,"out_stock_days":0,"lost_sales":0,"has_location":false,"update_date":"2026-02-12T13:20:29","atum_locations":[],"atum_stock_status":"instock","restock_status":false,"low_stock_amount":"","sales_update_date":"2026-02-12T13:20:20","calc_backorders":null,"acf":[],"_links":{"self":[{"href":"https:\/\/vbd.dev.sumena.ee\/lv\/wp-json\/wp\/v2\/product\/356764","targetHints":{"allow":["GET"]}}],"collection":[{"href":"https:\/\/vbd.dev.sumena.ee\/lv\/wp-json\/wp\/v2\/product"}],"about":[{"href":"https:\/\/vbd.dev.sumena.ee\/lv\/wp-json\/wp\/v2\/types\/product"}],"replies":[{"embeddable":true,"href":"https:\/\/vbd.dev.sumena.ee\/lv\/wp-json\/wp\/v2\/comments?post=356764"}],"wp:featuredmedia":[{"embeddable":true,"href":"https:\/\/vbd.dev.sumena.ee\/lv\/wp-json\/wp\/v2\/media\/356767"}],"wp:attachment":[{"href":"https:\/\/vbd.dev.sumena.ee\/lv\/wp-json\/wp\/v2\/media?parent=356764"}],"wp:term":[{"taxonomy":"product_brand","embeddable":true,"href":"https:\/\/vbd.dev.sumena.ee\/lv\/wp-json\/wp\/v2\/product_brand?post=356764"},{"taxonomy":"product_cat","embeddable":true,"href":"https:\/\/vbd.dev.sumena.ee\/lv\/wp-json\/wp\/v2\/product_cat?post=356764"},{"taxonomy":"product_tag","embeddable":true,"href":"https:\/\/vbd.dev.sumena.ee\/lv\/wp-json\/wp\/v2\/product_tag?post=356764"}],"curies":[{"name":"wp","href":"https:\/\/api.w.org\/{rel}","templated":true}]}}