{"id":356762,"date":"2026-01-22T21:37:49","date_gmt":"2026-01-22T18:37:49","guid":{"rendered":"https:\/\/vbd.dev.sumena.ee\/?post_type=product&#038;p=356762"},"modified":"2026-02-12T13:32:54","modified_gmt":"2026-02-12T10:32:54","slug":"pesuvahendi-lehed-magic-leaves-color-dr-beckmann-25tk","status":"publish","type":"product","link":"https:\/\/vbd.dev.sumena.ee\/lv\/products-2\/pesuvahendi-lehed-magic-leaves-color-dr-beckmann-25tk\/","title":{"rendered":"Dr. Beckmann Magic Leaves Color mazg\u0101\u0161anas lapas (25 gab.)"},"content":{"rendered":"<p>Mazg\u0101\u0161anas l\u012bdzek\u013ca lapa satur \u013coti koncentr\u0113tas, biolo\u0123iski no\u0101rd\u0101mas mazg\u0101\u0161anas vielas un piln\u012bb\u0101 iz\u0161\u0137\u012bst saskar\u0113 ar \u016bdeni. Viena \u016bden\u012b \u0161\u0137\u012bsto\u0161a lapa nodro\u0161ina dzi\u013cu t\u012br\u012bbu un spo\u017eu svaigumu \u2014 pat zem\u0101s temperat\u016br\u0101s. Mazg\u0101\u0161ana nekad nav bijusi vienk\u0101r\u0161\u0101ka: vienk\u0101r\u0161i ievietojiet vienu lapu ve\u013cas ma\u0161\u012bn\u0101 un uzs\u0101ciet mazg\u0101\u0161anas ciklu. \u012apa\u0161i viegla un kompakta iepakojuma forma, ko ir \u0113rti n\u0113s\u0101t l\u012bdzi, lietot un uzglab\u0101t. Nesatur mikroplastmasu, veg\u0101ns.<\/p>\n<p>Ve\u013cas ma\u0161\u012bna:\n\n1. Ievietojiet lapu tie\u0161i tambor\u0101.\n\n2. Piepildiet tambori ar ve\u013cu l\u012bdz 4,5 kg; liel\u0101ka ve\u013cas apjoma gad\u012bjum\u0101 ievietojiet 1,5\u20132 lapas.\n\n3. S\u0101ciet izv\u0113l\u0113to mazg\u0101\u0161anas ciklu.\n\nRokas mazg\u0101\u0161ana:\n\n1. Iz\u0161\u0137\u012bdiniet pusi lapas 4 litros silta vai auksta \u016bdens.\n\n2. Pievienojiet ve\u013cu un mazg\u0101jiet ar rok\u0101m (l\u012bdz 2,5 kg).\n\n3. R\u016bp\u012bgi izskalojiet ar \u016bdeni.\n\nDoz\u0113\u0161anas ieteikums: \u013coti net\u012bru dr\u0113bju vai cieta \u016bdens gad\u012bjum\u0101 izmantojiet 2 mazg\u0101\u0161anas lapas. \u016adens ciet\u012bbu var uzzin\u0101t pie viet\u0113j\u0101 \u016bdens pieg\u0101d\u0101t\u0101ja.<\/p>","protected":false},"excerpt":{"rendered":"<p>Pesupesuvahendi leht sisaldab v\u00e4ga kontsentreeritud biolagunevaid pesuaineid ja lahustub pesus veega kokkupuutel t\u00e4ielikult. \u00dcks vees lahustuv leht tagab s\u00fcgava puhtuse ja s\u00e4rava v\u00e4rskuse \u2013 isegi madalatel temperatuuridel. Pesemine pole kunagi olnud lihtsam: lihtsalt lisage \u00fcks leht pesutrumlisse ja alustage pesuts\u00fckliga. \u00dclimalt kerge ja kompaktne pakend, mida on lihtne kaasas kanda, lihtne kasutada ja hoiustada. Ei [&hellip;]<\/p>","protected":false},"featured_media":356763,"comment_status":"open","ping_status":"closed","template":"","meta":{"_acf_changed":false},"product_brand":[],"product_cat":[185,88],"product_tag":[],"class_list":{"0":"post-356762","1":"product","2":"type-product","3":"status-publish","4":"has-post-thumbnail","6":"product_cat-puhastus-ja-koristusvahendid","7":"product_cat-tarbekaubad-tooted","9":"first","10":"instock","11":"sale","12":"taxable","13":"shipping-taxable","14":"purchasable","15":"product-type-simple"},"supplier_id":null,"supplier_sku":"","barcode":null,"atum_controlled":true,"out_stock_date":null,"out_stock_threshold":null,"inheritable":false,"inbound_stock":0,"stock_on_hold":1,"sold_today":5,"sales_last_days":27,"reserved_stock":0,"customer_returns":0,"warehouse_damage":0,"lost_in_post":0,"other_logs":0,"out_stock_days":0,"lost_sales":0,"has_location":false,"update_date":"2026-02-12T13:20:38","atum_locations":[],"atum_stock_status":"instock","restock_status":false,"low_stock_amount":"","sales_update_date":"2026-02-12T13:20:29","calc_backorders":null,"acf":[],"_links":{"self":[{"href":"https:\/\/vbd.dev.sumena.ee\/lv\/wp-json\/wp\/v2\/product\/356762","targetHints":{"allow":["GET"]}}],"collection":[{"href":"https:\/\/vbd.dev.sumena.ee\/lv\/wp-json\/wp\/v2\/product"}],"about":[{"href":"https:\/\/vbd.dev.sumena.ee\/lv\/wp-json\/wp\/v2\/types\/product"}],"replies":[{"embeddable":true,"href":"https:\/\/vbd.dev.sumena.ee\/lv\/wp-json\/wp\/v2\/comments?post=356762"}],"wp:featuredmedia":[{"embeddable":true,"href":"https:\/\/vbd.dev.sumena.ee\/lv\/wp-json\/wp\/v2\/media\/356763"}],"wp:attachment":[{"href":"https:\/\/vbd.dev.sumena.ee\/lv\/wp-json\/wp\/v2\/media?parent=356762"}],"wp:term":[{"taxonomy":"product_brand","embeddable":true,"href":"https:\/\/vbd.dev.sumena.ee\/lv\/wp-json\/wp\/v2\/product_brand?post=356762"},{"taxonomy":"product_cat","embeddable":true,"href":"https:\/\/vbd.dev.sumena.ee\/lv\/wp-json\/wp\/v2\/product_cat?post=356762"},{"taxonomy":"product_tag","embeddable":true,"href":"https:\/\/vbd.dev.sumena.ee\/lv\/wp-json\/wp\/v2\/product_tag?post=356762"}],"curies":[{"name":"wp","href":"https:\/\/api.w.org\/{rel}","templated":true}]}}