{"id":356758,"date":"2026-01-22T21:33:54","date_gmt":"2026-01-22T18:33:54","guid":{"rendered":"https:\/\/vbd.dev.sumena.ee\/?post_type=product&#038;p=356758"},"modified":"2026-02-11T00:30:05","modified_gmt":"2026-02-10T21:30:05","slug":"calgon-katlakivivastased-tabletid-15-tk","status":"publish","type":"product","link":"https:\/\/vbd.dev.sumena.ee\/lv\/products-2\/calgon-katlakivivastased-tabletid-15-tk\/","title":{"rendered":"Calgon ka\u013c\u0137akmens no\u0146em\u0161anas tabletes (15 gab.)"},"content":{"rendered":"<p>Nepalaidiet gar\u0101m <strong>Calgon ka\u013c\u0137akmens no\u0146em\u0161anas tabletes (15<\/strong> <strong>gab.)<\/strong>, kas pal\u012bdz\u0113s uztur\u0113t j\u016bsu ve\u013cas ma\u0161\u012bnu lab\u0101 st\u0101vokl\u012b! T\u0101s nov\u0113r\u0161 ka\u013c\u0137akmens veido\u0161anos, un table\u0161u forma padara to \u013coti \u0113rtu lieto\u0161an\u0101.<\/p>\n<ul>\n<li>Nov\u0113r\u0161 ka\u013c\u0137akmens un net\u012brumu uzkr\u0101\u0161anos<\/li>\n<li>Iepakojum\u0101 15 gab.<\/li>\n<li>Vienk\u0101r\u0161i lietojams<\/li>\n<\/ul>","protected":false},"excerpt":{"rendered":"<p>\u00c4rge minge m\u00f6\u00f6da Calgon katlakivivastastest tablettidest (15 tk), mis aitavad teil oma pesumasinat heas korras hoida! Nad ennetavad katlakivi teket ning neid on t\u00e4nu tableti kujule v\u00e4ga lihtne kasutada. Ennetab katlakivi ja mustuse kogunemist Pakendis 15 tk Lihtne kasutada<\/p>","protected":false},"featured_media":356761,"comment_status":"open","ping_status":"closed","template":"","meta":{"_acf_changed":false},"product_brand":[],"product_cat":[185,88],"product_tag":[],"class_list":{"0":"post-356758","1":"product","2":"type-product","3":"status-publish","4":"has-post-thumbnail","6":"product_cat-puhastus-ja-koristusvahendid","7":"product_cat-tarbekaubad-tooted","9":"first","10":"instock","11":"sale","12":"taxable","13":"shipping-taxable","14":"purchasable","15":"product-type-simple"},"supplier_id":null,"supplier_sku":"","barcode":null,"atum_controlled":true,"out_stock_date":null,"out_stock_threshold":null,"inheritable":false,"inbound_stock":0,"stock_on_hold":0,"sold_today":0,"sales_last_days":59,"reserved_stock":0,"customer_returns":0,"warehouse_damage":0,"lost_in_post":0,"other_logs":0,"out_stock_days":0,"lost_sales":0,"has_location":false,"update_date":"2026-02-12T11:42:34","atum_locations":[],"atum_stock_status":"instock","restock_status":false,"low_stock_amount":"","sales_update_date":"2026-02-12T11:42:25","calc_backorders":null,"acf":[],"_links":{"self":[{"href":"https:\/\/vbd.dev.sumena.ee\/lv\/wp-json\/wp\/v2\/product\/356758","targetHints":{"allow":["GET"]}}],"collection":[{"href":"https:\/\/vbd.dev.sumena.ee\/lv\/wp-json\/wp\/v2\/product"}],"about":[{"href":"https:\/\/vbd.dev.sumena.ee\/lv\/wp-json\/wp\/v2\/types\/product"}],"replies":[{"embeddable":true,"href":"https:\/\/vbd.dev.sumena.ee\/lv\/wp-json\/wp\/v2\/comments?post=356758"}],"wp:featuredmedia":[{"embeddable":true,"href":"https:\/\/vbd.dev.sumena.ee\/lv\/wp-json\/wp\/v2\/media\/356761"}],"wp:attachment":[{"href":"https:\/\/vbd.dev.sumena.ee\/lv\/wp-json\/wp\/v2\/media?parent=356758"}],"wp:term":[{"taxonomy":"product_brand","embeddable":true,"href":"https:\/\/vbd.dev.sumena.ee\/lv\/wp-json\/wp\/v2\/product_brand?post=356758"},{"taxonomy":"product_cat","embeddable":true,"href":"https:\/\/vbd.dev.sumena.ee\/lv\/wp-json\/wp\/v2\/product_cat?post=356758"},{"taxonomy":"product_tag","embeddable":true,"href":"https:\/\/vbd.dev.sumena.ee\/lv\/wp-json\/wp\/v2\/product_tag?post=356758"}],"curies":[{"name":"wp","href":"https:\/\/api.w.org\/{rel}","templated":true}]}}