{"id":356746,"date":"2026-02-02T21:36:17","date_gmt":"2026-02-02T18:36:17","guid":{"rendered":"https:\/\/vbd.dev.sumena.ee\/?post_type=product&#038;p=356746"},"modified":"2026-02-12T15:52:33","modified_gmt":"2026-02-12T12:52:33","slug":"croissant-monmio-maasikakreemi-taidisega-45g","status":"publish","type":"product","link":"https:\/\/vbd.dev.sumena.ee\/lv\/products-2\/croissant-monmio-maasikakreemi-taidisega-45g\/","title":{"rendered":"Kruas\u0101ns MONMIO ar zeme\u0146u kr\u0113ma pild\u012bjumu 45 g"},"content":{"rendered":"<p>Sast\u0101vs:<\/p>\n<p>KVIE\u0160U milti, zeme\u0146u kr\u0113ma pild\u012bjums (32%) (cietes s\u012brups, \u0101bolu biezenis, cukurs, modific\u0113ta kukur\u016bzas ciete, zeme\u0146u biezenis (0,5%), sk\u0101buma regulators: citronsk\u0101be, dab\u012bgas kr\u0101svielas (koncentr\u0113ta meln\u0101s bietes sula, beta-karot\u012bns), aromatiz\u0113t\u0101js, konservants k\u0101lija sorb\u0101ts), margar\u012bns (raffin\u0113tas balin\u0101tas deodoriz\u0113tas augu e\u013c\u013cas un tauki: palmu e\u013c\u013ca un t\u0101s frakcijas main\u012bg\u0101 proporcij\u0101, \u016bdens, emulgatori (destil\u0113ti monoglicer\u012bdi, poliglicerola \u0113teris, polietil\u0113nglikola (20) sorbit\u0101na monoole\u0101ts, saulespu\u0137u leciti\u012bns), s\u0101ls, sk\u0101buma regulators citronsk\u0101be, aromatiz\u0113t\u0101js, p\u0101rtikas kr\u0101sviela beta-karot\u012bns), fruktozes s\u012brups, mitrin\u0101t\u0101js glicer\u012bns, spiedes raugs, \u016bdens, s\u0101ls, cepamais l\u012bdzeklis, sausa kvie\u0161u glut\u0113na, eti\u0137is, emulgatori sojas leciti\u012bns, konservanti (kalcija propion\u0101ts, sorb\u012bnsk\u0101be), aromatiz\u0113t\u0101js.\n\nUzglab\u0101\u0161anas nosac\u012bjumi: uzglab\u0101t temperat\u016br\u0101 (18\u00b13)\u00b0C ar relat\u012bvo gaisa mitrumu ne vair\u0101k k\u0101 75%.\nRa\u017eot\u0101jvalsts: Ukraina.<\/p>","protected":false},"excerpt":{"rendered":"<p>Koostis: nisujahu, \u201cmaasikakreemi\u201d t\u00e4idis (32 %) (t\u00e4rklissiirup, \u00f5unap\u00fcree, suhkur, modifitseeritud maisit\u00e4rklis, maasikap\u00fcree (0,5 %), happesuse regulaator: sidrunhape, naturaalsed v\u00e4rvid (kontsentreeritud mustjuure mahl, beeta-karoteen), l\u00f5hna- ja maitseaine, s\u00e4ilitusaine kaaliumsorbaat), margariin (rafineeritud pleegitatud desodoreeritud taime\u00f5lid ja-rasvad: palmi\u00f5li ja selle fraktsioonid muutuvas vahekorras, vesi, emulgaatorid (destilleeritud monogl\u00fctseriid, pol\u00fcgl\u00fctserooli eeter, pol\u00fcoks\u00fcet\u00fcleen (20) sorbitaanmonooleaat, p\u00e4evalille letsitiin), sool, happesuse regulaator sidrunhape, [&hellip;]<\/p>","protected":false},"featured_media":356747,"comment_status":"open","ping_status":"closed","template":"","meta":{"_acf_changed":false},"product_brand":[],"product_cat":[87,77,80,82],"product_tag":[],"class_list":{"0":"post-356746","1":"product","2":"type-product","3":"status-publish","4":"has-post-thumbnail","6":"product_cat-meie-lemmikud","7":"product_cat-maiustused","8":"product_cat-snakid","9":"product_cat-muu-hea","11":"first","12":"instock","13":"sale","14":"taxable","15":"shipping-taxable","16":"purchasable","17":"product-type-simple"},"supplier_id":null,"supplier_sku":"","barcode":null,"atum_controlled":true,"out_stock_date":null,"out_stock_threshold":null,"inheritable":false,"inbound_stock":0,"stock_on_hold":116,"sold_today":99,"sales_last_days":1422,"reserved_stock":0,"customer_returns":0,"warehouse_damage":0,"lost_in_post":0,"other_logs":0,"out_stock_days":0,"lost_sales":0,"has_location":false,"update_date":"2026-02-12T15:29:55","atum_locations":[],"atum_stock_status":"instock","restock_status":true,"low_stock_amount":"","sales_update_date":"2026-02-12T15:29:46","calc_backorders":null,"acf":[],"_links":{"self":[{"href":"https:\/\/vbd.dev.sumena.ee\/lv\/wp-json\/wp\/v2\/product\/356746","targetHints":{"allow":["GET"]}}],"collection":[{"href":"https:\/\/vbd.dev.sumena.ee\/lv\/wp-json\/wp\/v2\/product"}],"about":[{"href":"https:\/\/vbd.dev.sumena.ee\/lv\/wp-json\/wp\/v2\/types\/product"}],"replies":[{"embeddable":true,"href":"https:\/\/vbd.dev.sumena.ee\/lv\/wp-json\/wp\/v2\/comments?post=356746"}],"wp:featuredmedia":[{"embeddable":true,"href":"https:\/\/vbd.dev.sumena.ee\/lv\/wp-json\/wp\/v2\/media\/356747"}],"wp:attachment":[{"href":"https:\/\/vbd.dev.sumena.ee\/lv\/wp-json\/wp\/v2\/media?parent=356746"}],"wp:term":[{"taxonomy":"product_brand","embeddable":true,"href":"https:\/\/vbd.dev.sumena.ee\/lv\/wp-json\/wp\/v2\/product_brand?post=356746"},{"taxonomy":"product_cat","embeddable":true,"href":"https:\/\/vbd.dev.sumena.ee\/lv\/wp-json\/wp\/v2\/product_cat?post=356746"},{"taxonomy":"product_tag","embeddable":true,"href":"https:\/\/vbd.dev.sumena.ee\/lv\/wp-json\/wp\/v2\/product_tag?post=356746"}],"curies":[{"name":"wp","href":"https:\/\/api.w.org\/{rel}","templated":true}]}}