{"id":356720,"date":"2026-01-22T18:50:38","date_gmt":"2026-01-22T15:50:38","guid":{"rendered":"https:\/\/vbd.dev.sumena.ee\/?post_type=product&#038;p=356720"},"modified":"2026-02-12T18:23:19","modified_gmt":"2026-02-12T15:23:19","slug":"ohukesed-piparkoogisudamed-eesti-pagar-180g","status":"publish","type":"product","link":"https:\/\/vbd.dev.sumena.ee\/lv\/products-2\/ohukesed-piparkoogisudamed-eesti-pagar-180g\/","title":{"rendered":"Pl\u0101n\u0101s pipark\u016bku sirsni\u0146as EESTI PAGAR 180 g"},"content":{"rendered":"<p>Sast\u0101vs: KVIE\u0160U milti, margar\u012bns (augu e\u013c\u013cas (palma, rap\u0161a), \u016bdens, emulgatori: E471, rap\u0161u leciti\u012bns; s\u0101ls, p\u0101rtikas kr\u0101sviela: E160a; aromatiz\u0113t\u0101js), cukurs, br\u016bnais cukurs (cukurs, cukurniedru melase), invert\u0101ze s\u012brups (cukurs, \u016bdens, sk\u0101buma regul\u0113t\u0101ji: citronsk\u0101be, E500), kan\u0113lis, krustnagli\u0146as, pac\u0113l\u0101js: E500; s\u0101ls, ingvers, p\u0101rtikas kr\u0101sviela: E160a.\nVar satur\u0113t olu, piena, zemesriekstu, riekstu, sojas un sezama s\u0113klu da\u013ci\u0146as.<\/p>","protected":false},"excerpt":{"rendered":"<p>Sast\u0101vs: KVIE\u0160U milti, margar\u012bns (augu e\u013c\u013cas (palma, rap\u0161a), \u016bdens, emulgatori: E471, rap\u0161u leciti\u012bns; s\u0101ls, p\u0101rtikas kr\u0101sviela: E160a; aromatiz\u0113t\u0101js), cukurs, br\u016bnais cukurs (cukurs, cukurniedru melase), invert\u0101ze s\u012brups (cukurs, \u016bdens, sk\u0101buma regul\u0113t\u0101ji: citronsk\u0101be, E500), kan\u0113lis, krustnagli\u0146as, pac\u0113l\u0101js: E500; s\u0101ls, ingvers, p\u0101rtikas kr\u0101sviela: E160a.\nVar satur\u0113t olu, piena, zemesriekstu, riekstu, sojas un sezama s\u0113klu da\u013ci\u0146as.<\/p>","protected":false},"featured_media":356721,"comment_status":"open","ping_status":"closed","template":"","meta":{"_acf_changed":false},"product_brand":[],"product_cat":[117,77,80],"product_tag":[],"class_list":{"0":"post-356720","1":"product","2":"type-product","3":"status-publish","4":"has-post-thumbnail","6":"product_cat-kupsised","7":"product_cat-maiustused","8":"product_cat-snakid","10":"first","11":"instock","12":"sale","13":"taxable","14":"shipping-taxable","15":"purchasable","16":"product-type-simple"},"supplier_id":null,"supplier_sku":"","barcode":null,"atum_controlled":true,"out_stock_date":null,"out_stock_threshold":null,"inheritable":false,"inbound_stock":0,"stock_on_hold":29,"sold_today":31,"sales_last_days":667,"reserved_stock":0,"customer_returns":0,"warehouse_damage":0,"lost_in_post":0,"other_logs":0,"out_stock_days":0,"lost_sales":0,"has_location":false,"update_date":"2026-02-12T15:30:32","atum_locations":[],"atum_stock_status":"instock","restock_status":false,"low_stock_amount":"","sales_update_date":"2026-02-12T15:30:23","calc_backorders":null,"acf":[],"_links":{"self":[{"href":"https:\/\/vbd.dev.sumena.ee\/lv\/wp-json\/wp\/v2\/product\/356720","targetHints":{"allow":["GET"]}}],"collection":[{"href":"https:\/\/vbd.dev.sumena.ee\/lv\/wp-json\/wp\/v2\/product"}],"about":[{"href":"https:\/\/vbd.dev.sumena.ee\/lv\/wp-json\/wp\/v2\/types\/product"}],"replies":[{"embeddable":true,"href":"https:\/\/vbd.dev.sumena.ee\/lv\/wp-json\/wp\/v2\/comments?post=356720"}],"wp:featuredmedia":[{"embeddable":true,"href":"https:\/\/vbd.dev.sumena.ee\/lv\/wp-json\/wp\/v2\/media\/356721"}],"wp:attachment":[{"href":"https:\/\/vbd.dev.sumena.ee\/lv\/wp-json\/wp\/v2\/media?parent=356720"}],"wp:term":[{"taxonomy":"product_brand","embeddable":true,"href":"https:\/\/vbd.dev.sumena.ee\/lv\/wp-json\/wp\/v2\/product_brand?post=356720"},{"taxonomy":"product_cat","embeddable":true,"href":"https:\/\/vbd.dev.sumena.ee\/lv\/wp-json\/wp\/v2\/product_cat?post=356720"},{"taxonomy":"product_tag","embeddable":true,"href":"https:\/\/vbd.dev.sumena.ee\/lv\/wp-json\/wp\/v2\/product_tag?post=356720"}],"curies":[{"name":"wp","href":"https:\/\/api.w.org\/{rel}","templated":true}]}}