{"id":356317,"date":"2026-01-21T17:04:18","date_gmt":"2026-01-21T14:04:18","guid":{"rendered":"https:\/\/vbd.dev.sumena.ee\/?post_type=product&#038;p=356317"},"modified":"2026-02-06T14:08:47","modified_gmt":"2026-02-06T11:08:47","slug":"auto-usb-laadija-2x-usb-3-1a","status":"publish","type":"product","link":"https:\/\/vbd.dev.sumena.ee\/lv\/products-2\/auto-usb-laadija-2x-usb-3-1a\/","title":{"rendered":"Auto USB l\u0101d\u0113t\u0101js 2x USB, 3.1 A"},"content":{"rendered":"<p>Automa\u0161\u012bnas cigare\u0161u \u0161\u0137iltavas ligzdas l\u0101d\u0113t\u0101js ar div\u0101m USB piesl\u0113gviet\u0101m. USB1 \u2013 1 A (viedt\u0101lru\u0146u, navig\u0101cijas u.c. ier\u012b\u010du uzl\u0101dei), USB2 \u2013 2,1 A (plan\u0161etdatoru, viedt\u0101lru\u0146u u.c. ier\u012b\u010du uzl\u0101dei). Darbojas ar 12 V, kop\u0113jais maksim\u0101lais str\u0101vas pat\u0113ri\u0146\u0161 3,1 A.<\/p>","protected":false},"excerpt":{"rendered":"<p>Automa\u0161\u012bnas cigare\u0161u \u0161\u0137iltavas ligzdas l\u0101d\u0113t\u0101js ar div\u0101m USB piesl\u0113gviet\u0101m. USB1 \u2013 1 A (viedt\u0101lru\u0146u, navig\u0101cijas u.c. ier\u012b\u010du uzl\u0101dei), USB2 \u2013 2,1 A (plan\u0161etdatoru, viedt\u0101lru\u0146u u.c. ier\u012b\u010du uzl\u0101dei). Darbojas ar 12 V, kop\u0113jais maksim\u0101lais str\u0101vas pat\u0113ri\u0146\u0161 3,1 A.<\/p>","protected":false},"featured_media":356319,"comment_status":"open","ping_status":"closed","template":"","meta":{"_acf_changed":false},"product_brand":[],"product_cat":[187,88],"product_tag":[],"class_list":{"0":"post-356317","1":"product","2":"type-product","3":"status-publish","4":"has-post-thumbnail","6":"product_cat-leiunurk","7":"product_cat-tarbekaubad-tooted","9":"first","10":"instock","11":"taxable","12":"shipping-taxable","13":"purchasable","14":"product-type-simple"},"supplier_id":null,"supplier_sku":"","barcode":null,"atum_controlled":true,"out_stock_date":null,"out_stock_threshold":null,"inheritable":false,"inbound_stock":0,"stock_on_hold":0,"sold_today":0,"sales_last_days":2,"reserved_stock":0,"customer_returns":0,"warehouse_damage":0,"lost_in_post":0,"other_logs":0,"out_stock_days":0,"lost_sales":0,"has_location":false,"update_date":"2026-02-10T14:08:40","atum_locations":[],"atum_stock_status":"instock","restock_status":false,"low_stock_amount":"","sales_update_date":"2026-02-10T14:08:19","calc_backorders":null,"acf":[],"_links":{"self":[{"href":"https:\/\/vbd.dev.sumena.ee\/lv\/wp-json\/wp\/v2\/product\/356317","targetHints":{"allow":["GET"]}}],"collection":[{"href":"https:\/\/vbd.dev.sumena.ee\/lv\/wp-json\/wp\/v2\/product"}],"about":[{"href":"https:\/\/vbd.dev.sumena.ee\/lv\/wp-json\/wp\/v2\/types\/product"}],"replies":[{"embeddable":true,"href":"https:\/\/vbd.dev.sumena.ee\/lv\/wp-json\/wp\/v2\/comments?post=356317"}],"wp:featuredmedia":[{"embeddable":true,"href":"https:\/\/vbd.dev.sumena.ee\/lv\/wp-json\/wp\/v2\/media\/356319"}],"wp:attachment":[{"href":"https:\/\/vbd.dev.sumena.ee\/lv\/wp-json\/wp\/v2\/media?parent=356317"}],"wp:term":[{"taxonomy":"product_brand","embeddable":true,"href":"https:\/\/vbd.dev.sumena.ee\/lv\/wp-json\/wp\/v2\/product_brand?post=356317"},{"taxonomy":"product_cat","embeddable":true,"href":"https:\/\/vbd.dev.sumena.ee\/lv\/wp-json\/wp\/v2\/product_cat?post=356317"},{"taxonomy":"product_tag","embeddable":true,"href":"https:\/\/vbd.dev.sumena.ee\/lv\/wp-json\/wp\/v2\/product_tag?post=356317"}],"curies":[{"name":"wp","href":"https:\/\/api.w.org\/{rel}","templated":true}]}}