{"id":355456,"date":"2026-01-19T21:17:40","date_gmt":"2026-01-19T18:17:40","guid":{"rendered":"https:\/\/vbd.dev.sumena.ee\/?post_type=product&#038;p=355456"},"modified":"2026-02-12T09:20:18","modified_gmt":"2026-02-12T06:20:18","slug":"klaasipuhastusvahend-mayeri-mint-lime-mint-herbal-water-500ml","status":"publish","type":"product","link":"https:\/\/vbd.dev.sumena.ee\/lv\/products-2\/klaasipuhastusvahend-mayeri-mint-lime-mint-herbal-water-500ml\/","title":{"rendered":"Mayeri stiklu t\u012br\u012b\u0161anas l\u012bdzeklis Mint &amp; Lime + Mint herbal water, 500 ml"},"content":{"rendered":"<p>T\u012br\u012b\u0161anas l\u012bdzeklis stikla un spogu\u013cu virsmu t\u012br\u012b\u0161anai. No\u0146em vieglu net\u012brumu un taukus, neiek\u013c\u016bstot skr\u0101p\u0113jumos. \u0100tri iz\u017e\u016bst, neatst\u0101jot traipus.<\/p>\n<h4 class=\"izDEqE llpRim gZSiXk kvXNxI lgoqEg fygOE ijAptY\">Sast\u0101vs<\/h4>\n<div class=\"sc-ce819573-2 kdA-Djm\">\n<p>5\u201315% alkohols, aromatiz\u0113t\u0101js.<\/p>\n<\/div>\n<div class=\"sc-3abcf4f4-3 glPrdu\" data-test-id=\"product-page-price\">\n<div class=\"sc-3abcf4f4-2 dZDcCo\"><\/div>\n<\/div>","protected":false},"excerpt":{"rendered":"<p>Puhastusvahend klaas- ja peegelpindade puhastamiseks. Eemaldab kergelt mustuse ja rasva ning ei kriimusta pinda. Kuivab kiiresti j\u00e4lgi j\u00e4tmata Koostisosad 5-15% alkohol, l\u00f5hnaaine<\/p>","protected":false},"featured_media":355457,"comment_status":"open","ping_status":"closed","template":"","meta":{"_acf_changed":false},"product_brand":[],"product_cat":[185,88],"product_tag":[],"class_list":{"0":"post-355456","1":"product","2":"type-product","3":"status-publish","4":"has-post-thumbnail","6":"product_cat-puhastus-ja-koristusvahendid","7":"product_cat-tarbekaubad-tooted","9":"first","10":"instock","11":"sale","12":"taxable","13":"shipping-taxable","14":"purchasable","15":"product-type-simple"},"supplier_id":null,"supplier_sku":"","barcode":null,"atum_controlled":true,"out_stock_date":null,"out_stock_threshold":null,"inheritable":false,"inbound_stock":0,"stock_on_hold":3,"sold_today":2,"sales_last_days":126,"reserved_stock":0,"customer_returns":0,"warehouse_damage":0,"lost_in_post":0,"other_logs":0,"out_stock_days":0,"lost_sales":0,"has_location":false,"update_date":"2026-02-12T06:23:15","atum_locations":[],"atum_stock_status":"instock","restock_status":false,"low_stock_amount":"","sales_update_date":"2026-02-12T06:23:07","calc_backorders":null,"acf":[],"_links":{"self":[{"href":"https:\/\/vbd.dev.sumena.ee\/lv\/wp-json\/wp\/v2\/product\/355456","targetHints":{"allow":["GET"]}}],"collection":[{"href":"https:\/\/vbd.dev.sumena.ee\/lv\/wp-json\/wp\/v2\/product"}],"about":[{"href":"https:\/\/vbd.dev.sumena.ee\/lv\/wp-json\/wp\/v2\/types\/product"}],"replies":[{"embeddable":true,"href":"https:\/\/vbd.dev.sumena.ee\/lv\/wp-json\/wp\/v2\/comments?post=355456"}],"wp:featuredmedia":[{"embeddable":true,"href":"https:\/\/vbd.dev.sumena.ee\/lv\/wp-json\/wp\/v2\/media\/355457"}],"wp:attachment":[{"href":"https:\/\/vbd.dev.sumena.ee\/lv\/wp-json\/wp\/v2\/media?parent=355456"}],"wp:term":[{"taxonomy":"product_brand","embeddable":true,"href":"https:\/\/vbd.dev.sumena.ee\/lv\/wp-json\/wp\/v2\/product_brand?post=355456"},{"taxonomy":"product_cat","embeddable":true,"href":"https:\/\/vbd.dev.sumena.ee\/lv\/wp-json\/wp\/v2\/product_cat?post=355456"},{"taxonomy":"product_tag","embeddable":true,"href":"https:\/\/vbd.dev.sumena.ee\/lv\/wp-json\/wp\/v2\/product_tag?post=355456"}],"curies":[{"name":"wp","href":"https:\/\/api.w.org\/{rel}","templated":true}]}}