{"id":355448,"date":"2026-01-19T21:04:32","date_gmt":"2026-01-19T18:04:32","guid":{"rendered":"https:\/\/vbd.dev.sumena.ee\/?post_type=product&#038;p=355448"},"modified":"2026-02-11T23:19:01","modified_gmt":"2026-02-11T20:19:01","slug":"noudepesumasina-geel-mayeri-all-in-one-600ml","status":"publish","type":"product","link":"https:\/\/vbd.dev.sumena.ee\/lv\/products-2\/noudepesumasina-geel-mayeri-all-in-one-600ml\/","title":{"rendered":"MAYERI All in One trauku mazg\u0101\u0161anas l\u012bdzek\u013ca \u017eeleja trauku mazg\u0101jamajai ma\u0161\u012bnai, 600 ml"},"content":{"rendered":"<ul>\n<li>Saturs: mazg\u0101\u0161anas l\u012bdzeklis, skalo\u0161anas l\u012bdzeklis, \u016bdens m\u012bkstin\u0101t\u0101js, stikla aizsargl\u012bdzeklis un s\u0101ls.<\/li>\n<li>Att\u012bra traukus un iz\u0161\u0137\u012bdina uzkr\u0101to taukus.<\/li>\n<li>Nodro\u0161ina traukiem sp\u012bdumu un nov\u0113r\u0161 \u016bdens traipu veido\u0161anos.<\/li>\n<li>\u016adens m\u012bkstin\u0101t\u0101js aizsarg\u0101 trauku mazg\u0101jamo ma\u0161\u012bnu, bet stikla aizsargl\u012bdzeklis pal\u012bdz nov\u0113rst stikla trauku dz\u0113lumu un mat\u0113\u0161anos.<\/li>\n<li>T\u0101 neatst\u0101j mazg\u0101jamaj\u0101 ma\u0161\u012bn\u0101 vai uz traukiem mazg\u0101\u0161anas l\u012bdzek\u013ca atlikumus.<\/li>\n<\/ul>\n<p><strong>Lieto\u0161anas instrukcija:<\/strong><\/p>\n<p>Doz\u0113\u0161ana atbilsto\u0161i trauku mazg\u0101jamajai ma\u0161\u012bnai. Ielejiet l\u012bdzekli trauku mazg\u0101jam\u0101s ma\u0161\u012bnas paredz\u0113taj\u0101 doz\u0113\u0161anas nodal\u012bjum\u0101, paredz\u0113tajam parastajam mazg\u0101\u0161anas ciklam.<\/p>","protected":false},"excerpt":{"rendered":"<p>Sisaldab pesuvahendit, loputusvahendit, veepehmendit, klaasikaitsevahendit ja soola Puhastab n\u00f5ud ja lahustab ladestunud rasva Annab n\u00f5udele s\u00e4rava l\u00e4ike ning v\u00e4ldib veeplekkide tekkimist Veepehmendi kaitseb n\u00f5udepesumasinat, klaasikaitsevahend aitab \u00e4ra hoidaklaasn\u00f5ude tuhmumist Ei j\u00e4ta masinasse ega n\u00f5udele pesuaine j\u00e4\u00e4ke Kasutusjuhend: Doseering vastavalt n\u00f5udepesumasinale. Valage vahendit n\u00f5udepesumasina tavapesuks ette n\u00e4htud doseerimissahtlisse.<\/p>","protected":false},"featured_media":355449,"comment_status":"open","ping_status":"closed","template":"","meta":{"_acf_changed":false},"product_brand":[],"product_cat":[185,88],"product_tag":[],"class_list":{"0":"post-355448","1":"product","2":"type-product","3":"status-publish","4":"has-post-thumbnail","6":"product_cat-puhastus-ja-koristusvahendid","7":"product_cat-tarbekaubad-tooted","9":"first","10":"instock","11":"sale","12":"taxable","13":"shipping-taxable","14":"purchasable","15":"product-type-simple"},"supplier_id":null,"supplier_sku":"","barcode":null,"atum_controlled":true,"out_stock_date":null,"out_stock_threshold":null,"inheritable":false,"inbound_stock":0,"stock_on_hold":1,"sold_today":0,"sales_last_days":182,"reserved_stock":0,"customer_returns":0,"warehouse_damage":0,"lost_in_post":0,"other_logs":0,"out_stock_days":0,"lost_sales":0,"has_location":false,"update_date":"2026-02-12T11:26:53","atum_locations":[],"atum_stock_status":"instock","restock_status":false,"low_stock_amount":"","sales_update_date":"2026-02-12T11:26:44","calc_backorders":null,"acf":[],"_links":{"self":[{"href":"https:\/\/vbd.dev.sumena.ee\/lv\/wp-json\/wp\/v2\/product\/355448","targetHints":{"allow":["GET"]}}],"collection":[{"href":"https:\/\/vbd.dev.sumena.ee\/lv\/wp-json\/wp\/v2\/product"}],"about":[{"href":"https:\/\/vbd.dev.sumena.ee\/lv\/wp-json\/wp\/v2\/types\/product"}],"replies":[{"embeddable":true,"href":"https:\/\/vbd.dev.sumena.ee\/lv\/wp-json\/wp\/v2\/comments?post=355448"}],"wp:featuredmedia":[{"embeddable":true,"href":"https:\/\/vbd.dev.sumena.ee\/lv\/wp-json\/wp\/v2\/media\/355449"}],"wp:attachment":[{"href":"https:\/\/vbd.dev.sumena.ee\/lv\/wp-json\/wp\/v2\/media?parent=355448"}],"wp:term":[{"taxonomy":"product_brand","embeddable":true,"href":"https:\/\/vbd.dev.sumena.ee\/lv\/wp-json\/wp\/v2\/product_brand?post=355448"},{"taxonomy":"product_cat","embeddable":true,"href":"https:\/\/vbd.dev.sumena.ee\/lv\/wp-json\/wp\/v2\/product_cat?post=355448"},{"taxonomy":"product_tag","embeddable":true,"href":"https:\/\/vbd.dev.sumena.ee\/lv\/wp-json\/wp\/v2\/product_tag?post=355448"}],"curies":[{"name":"wp","href":"https:\/\/api.w.org\/{rel}","templated":true}]}}