{"id":355340,"date":"2026-01-19T12:37:55","date_gmt":"2026-01-19T09:37:55","guid":{"rendered":"https:\/\/vbd.dev.sumena.ee\/?post_type=product&#038;p=355340"},"modified":"2026-02-12T16:09:59","modified_gmt":"2026-02-12T13:09:59","slug":"majonees-felix-premium-235g","status":"publish","type":"product","link":"https:\/\/vbd.dev.sumena.ee\/lv\/products-2\/majonees-felix-premium-235g\/","title":{"rendered":"Majon\u0113ze Felix Premium 235g"},"content":{"rendered":"<div class=\"sc-57154a31-1 bxWYVV\" data-test-id=\"product-info-description\">\n<div>\n<div class=\"sc-57154a31-2 iJVmTs\">\n<p>Ide\u0101li piem\u0113rots sal\u0101tiem, sviestmaiz\u0113m un \u0113dieniem ar ol\u0101m.<\/p>\n<\/div>\n<\/div>\n<\/div>\n<div class=\"sc-57154a31-1 bxWYVV\" data-test-id=\"product-info-country\">\n<div>\n<h3 class=\"izDEqE llpRim gZSiXk kvXNxI lgoqEg fygOE ijAptY\">Sast\u0101vs<\/h3>\n<div class=\"sc-57154a31-2 iJVmTs\">\n<p>Rap\u0161u e\u013c\u013ca, dzeramais \u016bdens, OLU PULVERIS, cukurs, SINEPES, spirta eti\u0137is, s\u0101ls, p\u0101rtikas kr\u0101sviela (beta-karot\u012bns), antioksidants (E385)<\/p>\n<\/div>\n<\/div>\n<\/div>","protected":false},"excerpt":{"rendered":"<p>Ideaalne salatitele, v\u00f5ileibadele ja munaga roogadesse. Koostisosad rapsi\u00f5li, joogivesi, MUNAPULBER, suhkur, SINEP, piiritus\u00e4\u00e4dikas, sool, toiduv\u00e4rv (beetakaroteen), antioks\u00fcdant (E385)<\/p>","protected":false},"featured_media":355342,"comment_status":"open","ping_status":"closed","template":"","meta":{"_acf_changed":false},"product_brand":[],"product_cat":[83],"product_tag":[],"class_list":{"0":"post-355340","1":"product","2":"type-product","3":"status-publish","4":"has-post-thumbnail","6":"product_cat-kastmed-olid","8":"first","9":"instock","10":"sale","11":"taxable","12":"shipping-taxable","13":"purchasable","14":"product-type-simple"},"supplier_id":null,"supplier_sku":"","barcode":null,"atum_controlled":true,"out_stock_date":null,"out_stock_threshold":null,"inheritable":false,"inbound_stock":0,"stock_on_hold":15,"sold_today":16,"sales_last_days":345,"reserved_stock":0,"customer_returns":0,"warehouse_damage":0,"lost_in_post":0,"other_logs":0,"out_stock_days":0,"lost_sales":0,"has_location":false,"update_date":"2026-02-12T14:27:48","atum_locations":[],"atum_stock_status":"instock","restock_status":false,"low_stock_amount":"","sales_update_date":"2026-02-12T14:27:39","calc_backorders":null,"acf":[],"_links":{"self":[{"href":"https:\/\/vbd.dev.sumena.ee\/lv\/wp-json\/wp\/v2\/product\/355340","targetHints":{"allow":["GET"]}}],"collection":[{"href":"https:\/\/vbd.dev.sumena.ee\/lv\/wp-json\/wp\/v2\/product"}],"about":[{"href":"https:\/\/vbd.dev.sumena.ee\/lv\/wp-json\/wp\/v2\/types\/product"}],"replies":[{"embeddable":true,"href":"https:\/\/vbd.dev.sumena.ee\/lv\/wp-json\/wp\/v2\/comments?post=355340"}],"wp:featuredmedia":[{"embeddable":true,"href":"https:\/\/vbd.dev.sumena.ee\/lv\/wp-json\/wp\/v2\/media\/355342"}],"wp:attachment":[{"href":"https:\/\/vbd.dev.sumena.ee\/lv\/wp-json\/wp\/v2\/media?parent=355340"}],"wp:term":[{"taxonomy":"product_brand","embeddable":true,"href":"https:\/\/vbd.dev.sumena.ee\/lv\/wp-json\/wp\/v2\/product_brand?post=355340"},{"taxonomy":"product_cat","embeddable":true,"href":"https:\/\/vbd.dev.sumena.ee\/lv\/wp-json\/wp\/v2\/product_cat?post=355340"},{"taxonomy":"product_tag","embeddable":true,"href":"https:\/\/vbd.dev.sumena.ee\/lv\/wp-json\/wp\/v2\/product_tag?post=355340"}],"curies":[{"name":"wp","href":"https:\/\/api.w.org\/{rel}","templated":true}]}}