{"id":353793,"date":"2026-02-09T20:00:38","date_gmt":"2026-02-09T17:00:38","guid":{"rendered":"https:\/\/vbd.dev.sumena.ee\/?post_type=product&#038;p=353793"},"modified":"2026-02-12T16:37:22","modified_gmt":"2026-02-12T13:37:22","slug":"kommikarp-fazer-mustika-piimasokolaadi-250g","status":"publish","type":"product","link":"https:\/\/vbd.dev.sumena.ee\/lv\/products-2\/kommikarp-fazer-mustika-piimasokolaadi-250g\/","title":{"rendered":"Konfektes Fazer ar mellen\u0113m \u2013piena \u0161okol\u0101d\u0113, 250 g"},"content":{"rendered":"<h3 class=\"izDEqE llpRim gZSiXk kvXNxI lgoqEg fygOE ijAptY\">Sast\u0101vs<\/h3>\n<div class=\"sc-57154a31-2 iJVmTs\">\n<p>Cukurs, augu e\u013c\u013ca (palmu), kakao sviests, pilnpiena pulveris, kakao masa, v\u0101jpiena pulveris, pani\u0146u pulveris, kakao pulveris ar samazin\u0101tu tauku saturu, maltodekstr\u012bns, kalt\u0113tas mellenes (0,4 %), emulgators (SOJAS lecit\u012bns), kukur\u016bzas ciete, aromatiz\u0113t\u0101ji (tostarp melle\u0146u). Var satur\u0113t riekstus, mandeles un graudaugus, kas satur glut\u0113nu. Piena \u0161okol\u0101de satur vismaz 30 % kakao.<\/p>\n<\/div>","protected":false},"excerpt":{"rendered":"<p>Koostisosad suhkur, taime\u00f5li (palm), kakaov\u00f5i, t\u00e4ispiimapulber, kakaomass, lahjendatud piimapulber, pettpulber, rasva v\u00e4hendatud kakaopulber, ma ltodekstriin, kuivatatud mustikad (0, 4%), emulgaator (SOJA letsitiin), maisit\u00e4rklis, maitseained (sh mustikas). V\u00f5ib sisaldada p\u00e4hkl eid, mandleid ja gluteeni sisaldavaid teravilju. Piima\u0161okolaadis v\u00e4hemalt 30% kakaosoolasid.<\/p>","protected":false},"featured_media":353795,"comment_status":"open","ping_status":"closed","template":"","meta":{"_acf_changed":false},"product_brand":[],"product_cat":[77,78],"product_tag":[],"class_list":{"0":"post-353793","1":"product","2":"type-product","3":"status-publish","4":"has-post-thumbnail","6":"product_cat-maiustused","7":"product_cat-kommid","9":"first","10":"instock","11":"sale","12":"taxable","13":"shipping-taxable","14":"purchasable","15":"product-type-simple"},"supplier_id":null,"supplier_sku":"","barcode":null,"atum_controlled":true,"out_stock_date":null,"out_stock_threshold":null,"inheritable":false,"inbound_stock":0,"stock_on_hold":3,"sold_today":2,"sales_last_days":36,"reserved_stock":0,"customer_returns":0,"warehouse_damage":0,"lost_in_post":0,"other_logs":0,"out_stock_days":0,"lost_sales":0,"has_location":false,"update_date":"2026-02-12T13:38:34","atum_locations":[],"atum_stock_status":"instock","restock_status":false,"low_stock_amount":"","sales_update_date":"2026-02-12T13:38:25","calc_backorders":null,"acf":[],"_links":{"self":[{"href":"https:\/\/vbd.dev.sumena.ee\/lv\/wp-json\/wp\/v2\/product\/353793","targetHints":{"allow":["GET"]}}],"collection":[{"href":"https:\/\/vbd.dev.sumena.ee\/lv\/wp-json\/wp\/v2\/product"}],"about":[{"href":"https:\/\/vbd.dev.sumena.ee\/lv\/wp-json\/wp\/v2\/types\/product"}],"replies":[{"embeddable":true,"href":"https:\/\/vbd.dev.sumena.ee\/lv\/wp-json\/wp\/v2\/comments?post=353793"}],"wp:featuredmedia":[{"embeddable":true,"href":"https:\/\/vbd.dev.sumena.ee\/lv\/wp-json\/wp\/v2\/media\/353795"}],"wp:attachment":[{"href":"https:\/\/vbd.dev.sumena.ee\/lv\/wp-json\/wp\/v2\/media?parent=353793"}],"wp:term":[{"taxonomy":"product_brand","embeddable":true,"href":"https:\/\/vbd.dev.sumena.ee\/lv\/wp-json\/wp\/v2\/product_brand?post=353793"},{"taxonomy":"product_cat","embeddable":true,"href":"https:\/\/vbd.dev.sumena.ee\/lv\/wp-json\/wp\/v2\/product_cat?post=353793"},{"taxonomy":"product_tag","embeddable":true,"href":"https:\/\/vbd.dev.sumena.ee\/lv\/wp-json\/wp\/v2\/product_tag?post=353793"}],"curies":[{"name":"wp","href":"https:\/\/api.w.org\/{rel}","templated":true}]}}