{"id":353206,"date":"2026-01-14T19:31:42","date_gmt":"2026-01-14T16:31:42","guid":{"rendered":"https:\/\/vbd.dev.sumena.ee\/?post_type=product&#038;p=353206"},"modified":"2026-02-12T15:52:36","modified_gmt":"2026-02-12T12:52:36","slug":"hommikusoogihelbed-sokolaadiga-oho-150g","status":"publish","type":"product","link":"https:\/\/vbd.dev.sumena.ee\/lv\/products-2\/hommikusoogihelbed-sokolaadiga-oho-150g\/","title":{"rendered":"Brokastu p\u0101rslas ar \u0161okol\u0101di OHO 150g"},"content":{"rendered":"<p class=\"heading\">Sast\u0101vs<\/p>\n<div class=\"text\">\n<p>riisijahu 32%, NISUJAHU (sisaldab gluteeni), suhkur, glukoosi-fruktoosisiirup, kakaopulber 4,3%, karameliseeritud suhkur, rapsi\u00f5li, v\u00e4hendatud rasvasissaldusega kakaopulber 0,7%, LINNASEEKSTRAKT (sisaldab gluteeni), \u0161okolaad (suhkur, kakaomass, kakaov\u00f5i, emulgaator (rapsi letsitiin), vitaminide segu (DL-a-tokoferuulatsetaat 6,0 mg (85%*), L-askorbiinhape 40 mg (85%*), tiamiinmononi-traat 0,55 mg (85%*), riboflaviin 0,70 mg (85%*), nikotiinamiid 8,0 mg (85%*), puridoksiinvesinikkloriid 0,70 mg (85%*), pterouulmonoglutaamhape 100 g (85%*), tsuanokobalamiin 1,25 g (85%*), D-biotiin 25 g (85%*), kaltsium-D-pantotenaat 3,0 mg (85%*)), l\u00f5hna- ja maitseained (vanilliin, \u0161okolaad). * t\u00e4iskasvanu p\u00e4evasest v\u00f5rdluskogusest<\/p>\n<\/div>","protected":false},"excerpt":{"rendered":"<p>Koostisosad riisijahu 32%, NISUJAHU (sisaldab gluteeni), suhkur, glukoosi-fruktoosisiirup, kakaopulber 4,3%, karameliseeritud suhkur, rapsi\u00f5li, v\u00e4hendatud rasvasissaldusega kakaopulber 0,7%, LINNASEEKSTRAKT (sisaldab gluteeni), \u0161okolaad (suhkur, kakaomass, kakaov\u00f5i, emulgaator (rapsi letsitiin), vitaminide segu (DL-a-tokoferuulatsetaat 6,0 mg (85%*), L-askorbiinhape 40 mg (85%*), tiamiinmononi-traat 0,55 mg (85%*), riboflaviin 0,70 mg (85%*), nikotiinamiid 8,0 mg (85%*), puridoksiinvesinikkloriid 0,70 mg (85%*), pterouulmonoglutaamhape 100 [&hellip;]<\/p>","protected":false},"featured_media":353209,"comment_status":"open","ping_status":"closed","template":"","meta":{"_acf_changed":false},"product_brand":[],"product_cat":[86],"product_tag":[],"class_list":{"0":"post-353206","1":"product","2":"type-product","3":"status-publish","4":"has-post-thumbnail","6":"product_cat-kuivained","8":"first","9":"instock","10":"sale","11":"taxable","12":"shipping-taxable","13":"purchasable","14":"product-type-simple"},"supplier_id":null,"supplier_sku":"","barcode":null,"atum_controlled":true,"out_stock_date":null,"out_stock_threshold":null,"inheritable":false,"inbound_stock":0,"stock_on_hold":11,"sold_today":6,"sales_last_days":172,"reserved_stock":0,"customer_returns":0,"warehouse_damage":0,"lost_in_post":0,"other_logs":0,"out_stock_days":0,"lost_sales":0,"has_location":false,"update_date":"2026-02-12T15:38:01","atum_locations":[],"atum_stock_status":"instock","restock_status":true,"low_stock_amount":"","sales_update_date":"2026-02-12T15:37:53","calc_backorders":null,"acf":[],"_links":{"self":[{"href":"https:\/\/vbd.dev.sumena.ee\/lv\/wp-json\/wp\/v2\/product\/353206","targetHints":{"allow":["GET"]}}],"collection":[{"href":"https:\/\/vbd.dev.sumena.ee\/lv\/wp-json\/wp\/v2\/product"}],"about":[{"href":"https:\/\/vbd.dev.sumena.ee\/lv\/wp-json\/wp\/v2\/types\/product"}],"replies":[{"embeddable":true,"href":"https:\/\/vbd.dev.sumena.ee\/lv\/wp-json\/wp\/v2\/comments?post=353206"}],"wp:featuredmedia":[{"embeddable":true,"href":"https:\/\/vbd.dev.sumena.ee\/lv\/wp-json\/wp\/v2\/media\/353209"}],"wp:attachment":[{"href":"https:\/\/vbd.dev.sumena.ee\/lv\/wp-json\/wp\/v2\/media?parent=353206"}],"wp:term":[{"taxonomy":"product_brand","embeddable":true,"href":"https:\/\/vbd.dev.sumena.ee\/lv\/wp-json\/wp\/v2\/product_brand?post=353206"},{"taxonomy":"product_cat","embeddable":true,"href":"https:\/\/vbd.dev.sumena.ee\/lv\/wp-json\/wp\/v2\/product_cat?post=353206"},{"taxonomy":"product_tag","embeddable":true,"href":"https:\/\/vbd.dev.sumena.ee\/lv\/wp-json\/wp\/v2\/product_tag?post=353206"}],"curies":[{"name":"wp","href":"https:\/\/api.w.org\/{rel}","templated":true}]}}