{"id":353141,"date":"2026-01-14T14:02:02","date_gmt":"2026-01-14T11:02:02","guid":{"rendered":"https:\/\/vbd.dev.sumena.ee\/?post_type=product&#038;p=353141"},"modified":"2026-02-12T18:07:29","modified_gmt":"2026-02-12T15:07:29","slug":"pasta-italpasta-tricolori-fusilli-varviline-spiraalmakaron-500g","status":"publish","type":"product","link":"https:\/\/vbd.dev.sumena.ee\/lv\/products-2\/pasta-italpasta-tricolori-fusilli-varviline-spiraalmakaron-500g\/","title":{"rendered":"Makaroni Italpasta Tricolori Fusilli kr\u0101saini spir\u0101lveida makaroni 500g"},"content":{"rendered":"<p>Italpasta Tricolori Fusilli v\u00e4rviline spiraalmakaron 500g.<\/p>\n<p><strong>Sast\u0101vda\u013cas:<\/strong> durumNISUjahu, tomatipulber 3%, spinatipulber (1%), vesi. V\u00f5ib sisaldada MUNA, SOJA j\u00e4\u00e4ke.<\/p>","protected":false},"excerpt":{"rendered":"<p>Italpasta Tricolori Fusilli v\u00e4rviline spiraalmakaron 500g. Koostisosad: durumNISUjahu, tomatipulber 3%, spinatipulber (1%), vesi. V\u00f5ib sisaldada MUNA, SOJA j\u00e4\u00e4ke.<\/p>","protected":false},"featured_media":353143,"comment_status":"open","ping_status":"closed","template":"","meta":{"_acf_changed":false},"product_brand":[],"product_cat":[86],"product_tag":[],"class_list":{"0":"post-353141","1":"product","2":"type-product","3":"status-publish","4":"has-post-thumbnail","6":"product_cat-kuivained","8":"first","9":"instock","10":"sale","11":"taxable","12":"shipping-taxable","13":"purchasable","14":"product-type-simple"},"supplier_id":null,"supplier_sku":"","barcode":null,"atum_controlled":true,"out_stock_date":null,"out_stock_threshold":null,"inheritable":false,"inbound_stock":0,"stock_on_hold":30,"sold_today":21,"sales_last_days":390,"reserved_stock":0,"customer_returns":0,"warehouse_damage":0,"lost_in_post":0,"other_logs":0,"out_stock_days":0,"lost_sales":0,"has_location":false,"update_date":"2026-02-12T15:09:36","atum_locations":[],"atum_stock_status":"instock","restock_status":true,"low_stock_amount":"","sales_update_date":"2026-02-12T15:09:27","calc_backorders":null,"acf":[],"_links":{"self":[{"href":"https:\/\/vbd.dev.sumena.ee\/lv\/wp-json\/wp\/v2\/product\/353141","targetHints":{"allow":["GET"]}}],"collection":[{"href":"https:\/\/vbd.dev.sumena.ee\/lv\/wp-json\/wp\/v2\/product"}],"about":[{"href":"https:\/\/vbd.dev.sumena.ee\/lv\/wp-json\/wp\/v2\/types\/product"}],"replies":[{"embeddable":true,"href":"https:\/\/vbd.dev.sumena.ee\/lv\/wp-json\/wp\/v2\/comments?post=353141"}],"wp:featuredmedia":[{"embeddable":true,"href":"https:\/\/vbd.dev.sumena.ee\/lv\/wp-json\/wp\/v2\/media\/353143"}],"wp:attachment":[{"href":"https:\/\/vbd.dev.sumena.ee\/lv\/wp-json\/wp\/v2\/media?parent=353141"}],"wp:term":[{"taxonomy":"product_brand","embeddable":true,"href":"https:\/\/vbd.dev.sumena.ee\/lv\/wp-json\/wp\/v2\/product_brand?post=353141"},{"taxonomy":"product_cat","embeddable":true,"href":"https:\/\/vbd.dev.sumena.ee\/lv\/wp-json\/wp\/v2\/product_cat?post=353141"},{"taxonomy":"product_tag","embeddable":true,"href":"https:\/\/vbd.dev.sumena.ee\/lv\/wp-json\/wp\/v2\/product_tag?post=353141"}],"curies":[{"name":"wp","href":"https:\/\/api.w.org\/{rel}","templated":true}]}}