{"id":353127,"date":"2026-01-14T13:26:38","date_gmt":"2026-01-14T10:26:38","guid":{"rendered":"https:\/\/vbd.dev.sumena.ee\/?post_type=product&#038;p=353127"},"modified":"2026-02-12T15:53:35","modified_gmt":"2026-02-12T12:53:35","slug":"taimetee-vahdam-india-kurkumi-ingveri-30-g","status":"publish","type":"product","link":"https:\/\/vbd.dev.sumena.ee\/lv\/products-2\/taimetee-vahdam-india-kurkumi-ingveri-30-g\/","title":{"rendered":"Z\u0101\u013cu t\u0113ja Vahdam India kurkumas-ingvera 30 g"},"content":{"rendered":"<p id=\"product-description\" class=\"derkm51 d733ctu\">Ajatu Indiap\u00e4rane taimne tee puhtast kuldsest kurkumist ja ingverist. Sisaldab p\u00f5letikuvastaseid omadusi ning on suurep\u00e4rane tee igap\u00e4evaseks joomiseks. Kofeiinivaba.<\/p>\n<div class=\"InfoItem-module__jDXlJG__root\">\n<p class=\"InfoItem-module__jDXlJG__description InfoItem-module__jDXlJG__stack-item-medium\">Kurkum (65%), ingver (35%)<\/p>\n<\/div>\n<div class=\"InfoItem-module__jDXlJG__root\"><\/div>","protected":false},"excerpt":{"rendered":"<p>Ajatu Indiap\u00e4rane taimne tee puhtast kuldsest kurkumist ja ingverist. Sisaldab p\u00f5letikuvastaseid omadusi ning on suurep\u00e4rane tee igap\u00e4evaseks joomiseks. Kofeiinivaba. Kurkum (65%), ingver (35%)<\/p>","protected":false},"featured_media":353128,"comment_status":"open","ping_status":"closed","template":"","meta":{"_acf_changed":false},"product_brand":[],"product_cat":[163,79],"product_tag":[],"class_list":{"0":"post-353127","1":"product","2":"type-product","3":"status-publish","4":"has-post-thumbnail","6":"product_cat-kohv-tee","7":"product_cat-joogid","9":"first","10":"instock","11":"sale","12":"taxable","13":"shipping-taxable","14":"purchasable","15":"product-type-simple"},"supplier_id":null,"supplier_sku":"","barcode":null,"atum_controlled":true,"out_stock_date":null,"out_stock_threshold":null,"inheritable":false,"inbound_stock":0,"stock_on_hold":15,"sold_today":2,"sales_last_days":474,"reserved_stock":0,"customer_returns":0,"warehouse_damage":0,"lost_in_post":0,"other_logs":0,"out_stock_days":0,"lost_sales":0,"has_location":false,"update_date":"2026-02-12T13:44:36","atum_locations":[],"atum_stock_status":"instock","restock_status":false,"low_stock_amount":"","sales_update_date":"2026-02-12T13:44:27","calc_backorders":null,"acf":[],"_links":{"self":[{"href":"https:\/\/vbd.dev.sumena.ee\/lv\/wp-json\/wp\/v2\/product\/353127","targetHints":{"allow":["GET"]}}],"collection":[{"href":"https:\/\/vbd.dev.sumena.ee\/lv\/wp-json\/wp\/v2\/product"}],"about":[{"href":"https:\/\/vbd.dev.sumena.ee\/lv\/wp-json\/wp\/v2\/types\/product"}],"replies":[{"embeddable":true,"href":"https:\/\/vbd.dev.sumena.ee\/lv\/wp-json\/wp\/v2\/comments?post=353127"}],"wp:featuredmedia":[{"embeddable":true,"href":"https:\/\/vbd.dev.sumena.ee\/lv\/wp-json\/wp\/v2\/media\/353128"}],"wp:attachment":[{"href":"https:\/\/vbd.dev.sumena.ee\/lv\/wp-json\/wp\/v2\/media?parent=353127"}],"wp:term":[{"taxonomy":"product_brand","embeddable":true,"href":"https:\/\/vbd.dev.sumena.ee\/lv\/wp-json\/wp\/v2\/product_brand?post=353127"},{"taxonomy":"product_cat","embeddable":true,"href":"https:\/\/vbd.dev.sumena.ee\/lv\/wp-json\/wp\/v2\/product_cat?post=353127"},{"taxonomy":"product_tag","embeddable":true,"href":"https:\/\/vbd.dev.sumena.ee\/lv\/wp-json\/wp\/v2\/product_tag?post=353127"}],"curies":[{"name":"wp","href":"https:\/\/api.w.org\/{rel}","templated":true}]}}