{"id":350294,"date":"2026-01-08T12:04:43","date_gmt":"2026-01-08T09:04:43","guid":{"rendered":"https:\/\/vbd.dev.sumena.ee\/?post_type=product&#038;p=350294"},"modified":"2026-02-08T01:37:43","modified_gmt":"2026-02-07T22:37:43","slug":"beebi-sampoon-ja-dusigeel-sampoon-ja-pesu-live-clean-300-ml","status":"publish","type":"product","link":"https:\/\/vbd.dev.sumena.ee\/lv\/products-2\/beebi-sampoon-ja-dusigeel-sampoon-ja-pesu-live-clean-300-ml\/","title":{"rendered":"B\u0113rnu \u0161amp\u016bns un du\u0161as \u017eeleja, \u0161amp\u016bns un mazg\u0101\u0161anas l\u012bdzeklis, Live Clean, 300 ml"},"content":{"rendered":"<p>Pisarateta sampoon ja dusigeel, beebi, orn niisutav, pisarateta sampoon &amp; Pesu<\/p>\n<p>Toode on suurep\u00e4rase koostisega ja sobib imikute vannitamiseks. M\u00f6jub \u00f6rnalt nahale ja ei p\u00f5hjusta \u00e4rritust. \u0160ampoon ei tekita allergiat, hellitab ja hooldab \u00f6rnalt lapse peanahka ja juukseid. V\u00f5ib kasutada ka vannivahuna Beebi \u0161ampoon ja du\u0161igeel on spetsiaalselt loodud beebi vannitamiseks alates esimesest elukuust. Sampoon puhastab ja rahustab nahka, tugevdab juukseid. Tapsema n\u00f5u saamiseks v\u00f5ite v\u00f6tta \u00fchendust juhiga Biotuse veebisaidil.<\/p>\n<p>Sast\u0101vs<\/p>\n<p>Vesi, dets\u00fc\u00fclgl\u00fckosiid, gl\u00fctseriin, ksantaankummi, alobarbadensise lehtede ekstrakt, lavendli\u00f5ie ekstrakt, kummeli\u00f5ie ekstraktid, kookosgl\u00fckosiid, gl\u00fctseruuloleaat, gl\u00fckooldistearaat, gl\u00fctseruulstearaat, h\u00fcdrogeenitud palmigl\u00fctseriidide tsitraat, tokoferool, letsitiin, bensoehape, feno\u00fcetanool, kaaliumsorbaat, naatriumgl\u00fckonaat, et\u00fc\u00fclheks\u00fc\u00fclgl\u00fctseriin, sidrunhape, tsitronellool, kumariin, alfa-isomet\u00fc\u00fcl, ionoon, limoneen, linalool, h\u00fcdroks\u00fcisoheks\u00fc\u00fcl 3-ts\u00fcklohekseen&gt;<\/p>","protected":false},"excerpt":{"rendered":"<p>Pisarateta sampoon ja dusigeel, beebi, orn niisutav, pisarateta sampoon &amp; Pesu Toode on suurep\u00e4rase koostisega ja sobib imikute vannitamiseks. M\u00f6jub \u00f6rnalt nahale ja ei p\u00f5hjusta \u00e4rritust. \u0160ampoon ei tekita allergiat, hellitab ja hooldab \u00f6rnalt lapse peanahka ja juukseid. V\u00f5ib kasutada ka vannivahuna Beebi \u0161ampoon ja du\u0161igeel on spetsiaalselt loodud beebi vannitamiseks alates esimesest elukuust. Sampoon [&hellip;]<\/p>","protected":false},"featured_media":350296,"comment_status":"open","ping_status":"closed","template":"","meta":{"_acf_changed":false},"product_brand":[],"product_cat":[158,104],"product_tag":[],"class_list":{"0":"post-350294","1":"product","2":"type-product","3":"status-publish","4":"has-post-thumbnail","6":"product_cat-kehahooldus","7":"product_cat-enesehooldus","9":"first","10":"instock","11":"sale","12":"taxable","13":"shipping-taxable","14":"purchasable","15":"product-type-simple"},"supplier_id":null,"supplier_sku":"","barcode":null,"atum_controlled":true,"out_stock_date":null,"out_stock_threshold":null,"inheritable":false,"inbound_stock":0,"stock_on_hold":0,"sold_today":0,"sales_last_days":7,"reserved_stock":0,"customer_returns":0,"warehouse_damage":0,"lost_in_post":0,"other_logs":0,"out_stock_days":0,"lost_sales":0,"has_location":false,"update_date":"2026-02-09T13:03:10","atum_locations":[],"atum_stock_status":"instock","restock_status":false,"low_stock_amount":"","sales_update_date":"2026-02-09T13:03:05","calc_backorders":null,"acf":[],"_links":{"self":[{"href":"https:\/\/vbd.dev.sumena.ee\/lv\/wp-json\/wp\/v2\/product\/350294","targetHints":{"allow":["GET"]}}],"collection":[{"href":"https:\/\/vbd.dev.sumena.ee\/lv\/wp-json\/wp\/v2\/product"}],"about":[{"href":"https:\/\/vbd.dev.sumena.ee\/lv\/wp-json\/wp\/v2\/types\/product"}],"replies":[{"embeddable":true,"href":"https:\/\/vbd.dev.sumena.ee\/lv\/wp-json\/wp\/v2\/comments?post=350294"}],"wp:featuredmedia":[{"embeddable":true,"href":"https:\/\/vbd.dev.sumena.ee\/lv\/wp-json\/wp\/v2\/media\/350296"}],"wp:attachment":[{"href":"https:\/\/vbd.dev.sumena.ee\/lv\/wp-json\/wp\/v2\/media?parent=350294"}],"wp:term":[{"taxonomy":"product_brand","embeddable":true,"href":"https:\/\/vbd.dev.sumena.ee\/lv\/wp-json\/wp\/v2\/product_brand?post=350294"},{"taxonomy":"product_cat","embeddable":true,"href":"https:\/\/vbd.dev.sumena.ee\/lv\/wp-json\/wp\/v2\/product_cat?post=350294"},{"taxonomy":"product_tag","embeddable":true,"href":"https:\/\/vbd.dev.sumena.ee\/lv\/wp-json\/wp\/v2\/product_tag?post=350294"}],"curies":[{"name":"wp","href":"https:\/\/api.w.org\/{rel}","templated":true}]}}