{"id":349803,"date":"2026-01-07T13:27:58","date_gmt":"2026-01-07T10:27:58","guid":{"rendered":"https:\/\/vbd.dev.sumena.ee\/?post_type=product&#038;p=349803"},"modified":"2026-02-12T13:25:13","modified_gmt":"2026-02-12T10:25:13","slug":"kuivatatud-frunica-pirnid-150g","status":"publish","type":"product","link":"https:\/\/vbd.dev.sumena.ee\/lv\/products-2\/kuivatatud-frunica-pirnid-150g\/","title":{"rendered":"\u017d\u0101v\u0113ti Frunica bumbieri 150g"},"content":{"rendered":"<h3 class=\"font-light text-xl mb-3\">Sast\u0101vs<\/h3>\n<div class=\"text-sm\">Pirnid 99,94%, s\u00e4ilitusaine V\u00c4\u00c4VELDIOKSIID. V\u00f5ib sisaldada MAAP\u00c4HKLITE, P\u00c4HKLITE, SEESAMISEEMNETE, SOJA ja PIIMA j\u00e4lgi.<\/div>","protected":false},"excerpt":{"rendered":"<p>Koostisosad Pirnid 99,94%, s\u00e4ilitusaine V\u00c4\u00c4VELDIOKSIID. V\u00f5ib sisaldada MAAP\u00c4HKLITE, P\u00c4HKLITE, SEESAMISEEMNETE, SOJA ja PIIMA j\u00e4lgi.<\/p>","protected":false},"featured_media":349809,"comment_status":"open","ping_status":"closed","template":"","meta":{"_acf_changed":false},"product_brand":[],"product_cat":[80,82],"product_tag":[],"class_list":{"0":"post-349803","1":"product","2":"type-product","3":"status-publish","4":"has-post-thumbnail","6":"product_cat-snakid","7":"product_cat-muu-hea","9":"first","10":"instock","11":"sale","12":"taxable","13":"shipping-taxable","14":"purchasable","15":"product-type-simple"},"supplier_id":null,"supplier_sku":"","barcode":null,"atum_controlled":true,"out_stock_date":null,"out_stock_threshold":null,"inheritable":false,"inbound_stock":0,"stock_on_hold":17,"sold_today":6,"sales_last_days":127,"reserved_stock":0,"customer_returns":0,"warehouse_damage":0,"lost_in_post":0,"other_logs":0,"out_stock_days":0,"lost_sales":0,"has_location":false,"update_date":"2026-02-12T15:27:51","atum_locations":[],"atum_stock_status":"instock","restock_status":false,"low_stock_amount":"","sales_update_date":"2026-02-12T15:27:42","calc_backorders":null,"acf":[],"_links":{"self":[{"href":"https:\/\/vbd.dev.sumena.ee\/lv\/wp-json\/wp\/v2\/product\/349803","targetHints":{"allow":["GET"]}}],"collection":[{"href":"https:\/\/vbd.dev.sumena.ee\/lv\/wp-json\/wp\/v2\/product"}],"about":[{"href":"https:\/\/vbd.dev.sumena.ee\/lv\/wp-json\/wp\/v2\/types\/product"}],"replies":[{"embeddable":true,"href":"https:\/\/vbd.dev.sumena.ee\/lv\/wp-json\/wp\/v2\/comments?post=349803"}],"wp:featuredmedia":[{"embeddable":true,"href":"https:\/\/vbd.dev.sumena.ee\/lv\/wp-json\/wp\/v2\/media\/349809"}],"wp:attachment":[{"href":"https:\/\/vbd.dev.sumena.ee\/lv\/wp-json\/wp\/v2\/media?parent=349803"}],"wp:term":[{"taxonomy":"product_brand","embeddable":true,"href":"https:\/\/vbd.dev.sumena.ee\/lv\/wp-json\/wp\/v2\/product_brand?post=349803"},{"taxonomy":"product_cat","embeddable":true,"href":"https:\/\/vbd.dev.sumena.ee\/lv\/wp-json\/wp\/v2\/product_cat?post=349803"},{"taxonomy":"product_tag","embeddable":true,"href":"https:\/\/vbd.dev.sumena.ee\/lv\/wp-json\/wp\/v2\/product_tag?post=349803"}],"curies":[{"name":"wp","href":"https:\/\/api.w.org\/{rel}","templated":true}]}}