{"id":349198,"date":"2026-01-06T16:06:14","date_gmt":"2026-01-06T13:06:14","guid":{"rendered":"https:\/\/vbd.dev.sumena.ee\/?post_type=product&#038;p=349198"},"modified":"2026-02-12T12:09:45","modified_gmt":"2026-02-12T09:09:45","slug":"karamellivahvlid-tunnocks-kookoselaastudega-4x32g","status":"publish","type":"product","link":"https:\/\/vbd.dev.sumena.ee\/lv\/products-2\/karamellivahvlid-tunnocks-kookoselaastudega-4x32g\/","title":{"rendered":"Tunnock's karame\u013cu vafeles ar kokosriekstu skaidi\u0146\u0101m 4x32g"},"content":{"rendered":"<p><strong data-start=\"129\" data-end=\"145\">Sast\u0101vda\u013cas:<\/strong><br data-start=\"145\" data-end=\"148\" \/><strong data-start=\"148\" data-end=\"160\">Karamell<\/strong> 49% (gl\u00fckoosisiirup, suhkur, magustatud <strong data-start=\"201\" data-end=\"216\">kondenspiim<\/strong>, invertsuhkrusiirup, palmituuma\u00f5li, l\u00f5hna- ja maitseaine, emulgaator <strong data-start=\"286\" data-end=\"303\">sojalecit\u012bns<\/strong> (E322)),<br data-start=\"312\" data-end=\"315\" \/><strong data-start=\"315\" data-end=\"343\">\u0161okolaadimaitseline kate<\/strong> 22% (suhkur, palmi- ja palmituuma\u00f5li segu, <strong data-start=\"387\" data-end=\"402\">piensausas (piens pulveris)<\/strong>, <strong data-start=\"404\" data-end=\"430\">vadakupulber (piimast)<\/strong>, v\u00e4hendatud rasvasisaldusega kakaopulber, emulgaator <strong data-start=\"484\" data-end=\"501\">sojalecit\u012bns<\/strong> (E322), sool, vanilliin),<br data-start=\"527\" data-end=\"530\" \/><strong data-start=\"530\" data-end=\"549\">r\u00f6stitud kookos<\/strong> 17% (kuivatatud kookos (11%), kuivik (<strong data-start=\"588\" data-end=\"598\">nisust<\/strong>)),<br data-start=\"601\" data-end=\"604\" \/><strong data-start=\"604\" data-end=\"614\">vahvel<\/strong> 12% (rikastatud <strong data-start=\"631\" data-end=\"643\">kvie\u0161u milti)<\/strong> (<strong data-start=\"645\" data-end=\"657\">kvie\u0161u milti)<\/strong>, kaltsiumkarbonaat, raud, niatsiin, tiamiin), suhkur, kookos\u00f5li, kergitusaine (naatriumvesinikkarbonaat), sool, emulgaator <strong data-start=\"781\" data-end=\"798\">sojalecit\u012bns<\/strong> (E322)).<\/p>","protected":false},"excerpt":{"rendered":"<p>Koostisosad:Karamell 49% (gl\u00fckoosisiirup, suhkur, magustatud kondenspiim, invertsuhkrusiirup, palmituuma\u00f5li, l\u00f5hna- ja maitseaine, emulgaator sojaletsitiin (E322)),\u0161okolaadimaitseline kate 22% (suhkur, palmi- ja palmituuma\u00f5li segu, l\u00f5ssipulber, vadakupulber (piimast), v\u00e4hendatud rasvasisaldusega kakaopulber, emulgaator sojaletsitiin (E322), sool, vanilliin),r\u00f6stitud kookos 17% (kuivatatud kookos (11%), kuivik (nisust)),vahvel 12% (rikastatud nisujahu (nisujahu, kaltsiumkarbonaat, raud, niatsiin, tiamiin), suhkur, kookos\u00f5li, kergitusaine (naatriumvesinikkarbonaat), sool, emulgaator sojaletsitiin (E322)).<\/p>","protected":false},"featured_media":349202,"comment_status":"open","ping_status":"closed","template":"","meta":{"_acf_changed":false},"product_brand":[],"product_cat":[77,80,82],"product_tag":[],"class_list":{"0":"post-349198","1":"product","2":"type-product","3":"status-publish","4":"has-post-thumbnail","6":"product_cat-maiustused","7":"product_cat-snakid","8":"product_cat-muu-hea","10":"first","11":"instock","12":"sale","13":"taxable","14":"shipping-taxable","15":"purchasable","16":"product-type-simple"},"supplier_id":null,"supplier_sku":"","barcode":null,"atum_controlled":true,"out_stock_date":null,"out_stock_threshold":null,"inheritable":false,"inbound_stock":0,"stock_on_hold":48,"sold_today":42,"sales_last_days":243,"reserved_stock":0,"customer_returns":0,"warehouse_damage":0,"lost_in_post":0,"other_logs":0,"out_stock_days":0,"lost_sales":0,"has_location":false,"update_date":"2026-02-12T12:37:00","atum_locations":[],"atum_stock_status":"instock","restock_status":false,"low_stock_amount":"","sales_update_date":"2026-02-12T12:36:51","calc_backorders":null,"acf":[],"_links":{"self":[{"href":"https:\/\/vbd.dev.sumena.ee\/lv\/wp-json\/wp\/v2\/product\/349198","targetHints":{"allow":["GET"]}}],"collection":[{"href":"https:\/\/vbd.dev.sumena.ee\/lv\/wp-json\/wp\/v2\/product"}],"about":[{"href":"https:\/\/vbd.dev.sumena.ee\/lv\/wp-json\/wp\/v2\/types\/product"}],"replies":[{"embeddable":true,"href":"https:\/\/vbd.dev.sumena.ee\/lv\/wp-json\/wp\/v2\/comments?post=349198"}],"wp:featuredmedia":[{"embeddable":true,"href":"https:\/\/vbd.dev.sumena.ee\/lv\/wp-json\/wp\/v2\/media\/349202"}],"wp:attachment":[{"href":"https:\/\/vbd.dev.sumena.ee\/lv\/wp-json\/wp\/v2\/media?parent=349198"}],"wp:term":[{"taxonomy":"product_brand","embeddable":true,"href":"https:\/\/vbd.dev.sumena.ee\/lv\/wp-json\/wp\/v2\/product_brand?post=349198"},{"taxonomy":"product_cat","embeddable":true,"href":"https:\/\/vbd.dev.sumena.ee\/lv\/wp-json\/wp\/v2\/product_cat?post=349198"},{"taxonomy":"product_tag","embeddable":true,"href":"https:\/\/vbd.dev.sumena.ee\/lv\/wp-json\/wp\/v2\/product_tag?post=349198"}],"curies":[{"name":"wp","href":"https:\/\/api.w.org\/{rel}","templated":true}]}}