{"id":348627,"date":"2026-01-05T17:29:12","date_gmt":"2026-01-05T14:29:12","guid":{"rendered":"https:\/\/vbd.dev.sumena.ee\/?post_type=product&#038;p=348627"},"modified":"2026-02-12T11:39:57","modified_gmt":"2026-02-12T08:39:57","slug":"kommid-fruity-candy-beans-tobies-100-g","status":"publish","type":"product","link":"https:\/\/vbd.dev.sumena.ee\/lv\/products-2\/kommid-fruity-candy-beans-tobies-100-g\/","title":{"rendered":"Konfek\u0161u aug\u013cu pupi\u0146as, TOBIES, 100 g"},"content":{"rendered":"<p>\u017deleekompvekid sinise vaarika-\u00f5una, arbuusi-maasika, maasika-sidruni, kirsi-\u00f5una ja mango-banaani maitsega.<br \/>\n<strong>Sast\u0101vs<\/strong>: gl\u00fckoosisiirup, suhkur, dekstroos, maisit\u00e4rklis, palmirasv, happesuse regulaator (E330), emulgaatorid (sojaletsitiin, E471), l\u00f5hna- ja maitseained, sojavalk, paksendaja (E414), riisit\u00e4rklis, v\u00e4rvained (E133, E141, E100, E160c, E162, E163, E150d).<br \/>\nKeskmine toitev\u00e4\u00e4rtus 100 g kohta: energia 1560 kJ\/373 kcal. Rasva 3 g, millest k\u00fcllastunud rasvhappeid 1,5 g. S\u00fcsivesikuid 85 g, millest suhkruid 63 g. Valku 0,1 g. Soola 0,20 g.<\/p>","protected":false},"excerpt":{"rendered":"<p>\u017deleekompvekid sinise vaarika-\u00f5una, arbuusi-maasika, maasika-sidruni, kirsi-\u00f5una ja mango-banaani maitsega. Koostisosad: gl\u00fckoosisiirup, suhkur, dekstroos, maisit\u00e4rklis, palmirasv, happesuse regulaator (E330), emulgaatorid (sojaletsitiin, E471), l\u00f5hna- ja maitseained, sojavalk, paksendaja (E414), riisit\u00e4rklis, v\u00e4rvained (E133, E141, E100, E160c, E162, E163, E150d). Keskmine toitev\u00e4\u00e4rtus 100 g kohta: energia 1560 kJ\/373 kcal. Rasva 3 g, millest k\u00fcllastunud rasvhappeid 1,5 g. S\u00fcsivesikuid 85 [&hellip;]<\/p>","protected":false},"featured_media":348629,"comment_status":"open","ping_status":"closed","template":"","meta":{"_acf_changed":false},"product_brand":[],"product_cat":[77,78],"product_tag":[],"class_list":{"0":"post-348627","1":"product","2":"type-product","3":"status-publish","4":"has-post-thumbnail","6":"product_cat-maiustused","7":"product_cat-kommid","9":"first","10":"instock","11":"taxable","12":"shipping-taxable","13":"purchasable","14":"product-type-simple"},"supplier_id":null,"supplier_sku":"","barcode":null,"atum_controlled":true,"out_stock_date":null,"out_stock_threshold":null,"inheritable":false,"inbound_stock":0,"stock_on_hold":2,"sold_today":2,"sales_last_days":42,"reserved_stock":0,"customer_returns":0,"warehouse_damage":0,"lost_in_post":0,"other_logs":0,"out_stock_days":0,"lost_sales":0,"has_location":false,"update_date":"2026-02-12T12:39:41","atum_locations":[],"atum_stock_status":"instock","restock_status":false,"low_stock_amount":"","sales_update_date":"2026-02-12T12:39:31","calc_backorders":null,"acf":[],"_links":{"self":[{"href":"https:\/\/vbd.dev.sumena.ee\/lv\/wp-json\/wp\/v2\/product\/348627","targetHints":{"allow":["GET"]}}],"collection":[{"href":"https:\/\/vbd.dev.sumena.ee\/lv\/wp-json\/wp\/v2\/product"}],"about":[{"href":"https:\/\/vbd.dev.sumena.ee\/lv\/wp-json\/wp\/v2\/types\/product"}],"replies":[{"embeddable":true,"href":"https:\/\/vbd.dev.sumena.ee\/lv\/wp-json\/wp\/v2\/comments?post=348627"}],"wp:featuredmedia":[{"embeddable":true,"href":"https:\/\/vbd.dev.sumena.ee\/lv\/wp-json\/wp\/v2\/media\/348629"}],"wp:attachment":[{"href":"https:\/\/vbd.dev.sumena.ee\/lv\/wp-json\/wp\/v2\/media?parent=348627"}],"wp:term":[{"taxonomy":"product_brand","embeddable":true,"href":"https:\/\/vbd.dev.sumena.ee\/lv\/wp-json\/wp\/v2\/product_brand?post=348627"},{"taxonomy":"product_cat","embeddable":true,"href":"https:\/\/vbd.dev.sumena.ee\/lv\/wp-json\/wp\/v2\/product_cat?post=348627"},{"taxonomy":"product_tag","embeddable":true,"href":"https:\/\/vbd.dev.sumena.ee\/lv\/wp-json\/wp\/v2\/product_tag?post=348627"}],"curies":[{"name":"wp","href":"https:\/\/api.w.org\/{rel}","templated":true}]}}