{"id":348618,"date":"2026-01-05T17:17:07","date_gmt":"2026-01-05T14:17:07","guid":{"rendered":"https:\/\/vbd.dev.sumena.ee\/?post_type=product&#038;p=348618"},"modified":"2026-02-12T18:23:21","modified_gmt":"2026-02-12T15:23:21","slug":"kummikommid-cola-sour-spaghetti-tobies-150-g","status":"publish","type":"product","link":"https:\/\/vbd.dev.sumena.ee\/lv\/products-2\/kummikommid-cola-sour-spaghetti-tobies-150-g\/","title":{"rendered":"Gummies Cola Sour Spageti, TOBIES, 150 g"},"content":{"rendered":"<p>Kummikommid Cola Sour Spaghetti, TOBIES, 150 g. Suhkur, nisujahu, palmi\u00f5li, maisit\u00e4rklis, happesuse regulaatorid (E296, E330), niiskuses\u00e4ilitaja (E420), l\u00f5hna- ja maitseained, emulgaator (E471), v\u00e4rvaine (E150d).<\/p>","protected":false},"excerpt":{"rendered":"<p>Kummikommid Cola Sour Spaghetti, TOBIES, 150 g. Suhkur, nisujahu, palmi\u00f5li, maisit\u00e4rklis, happesuse regulaatorid (E296, E330), niiskuses\u00e4ilitaja (E420), l\u00f5hna- ja maitseained, emulgaator (E471), v\u00e4rvaine (E150d).<\/p>","protected":false},"featured_media":348622,"comment_status":"open","ping_status":"closed","template":"","meta":{"_acf_changed":false},"product_brand":[],"product_cat":[77,78],"product_tag":[],"class_list":{"0":"post-348618","1":"product","2":"type-product","3":"status-publish","4":"has-post-thumbnail","6":"product_cat-maiustused","7":"product_cat-kommid","9":"first","10":"instock","11":"taxable","12":"shipping-taxable","13":"purchasable","14":"product-type-simple"},"supplier_id":null,"supplier_sku":"","barcode":null,"atum_controlled":true,"out_stock_date":null,"out_stock_threshold":null,"inheritable":false,"inbound_stock":0,"stock_on_hold":2,"sold_today":3,"sales_last_days":31,"reserved_stock":0,"customer_returns":0,"warehouse_damage":0,"lost_in_post":0,"other_logs":0,"out_stock_days":0,"lost_sales":0,"has_location":false,"update_date":"2026-02-12T15:27:59","atum_locations":[],"atum_stock_status":"instock","restock_status":true,"low_stock_amount":"","sales_update_date":"2026-02-12T15:27:50","calc_backorders":null,"acf":[],"_links":{"self":[{"href":"https:\/\/vbd.dev.sumena.ee\/lv\/wp-json\/wp\/v2\/product\/348618","targetHints":{"allow":["GET"]}}],"collection":[{"href":"https:\/\/vbd.dev.sumena.ee\/lv\/wp-json\/wp\/v2\/product"}],"about":[{"href":"https:\/\/vbd.dev.sumena.ee\/lv\/wp-json\/wp\/v2\/types\/product"}],"replies":[{"embeddable":true,"href":"https:\/\/vbd.dev.sumena.ee\/lv\/wp-json\/wp\/v2\/comments?post=348618"}],"wp:featuredmedia":[{"embeddable":true,"href":"https:\/\/vbd.dev.sumena.ee\/lv\/wp-json\/wp\/v2\/media\/348622"}],"wp:attachment":[{"href":"https:\/\/vbd.dev.sumena.ee\/lv\/wp-json\/wp\/v2\/media?parent=348618"}],"wp:term":[{"taxonomy":"product_brand","embeddable":true,"href":"https:\/\/vbd.dev.sumena.ee\/lv\/wp-json\/wp\/v2\/product_brand?post=348618"},{"taxonomy":"product_cat","embeddable":true,"href":"https:\/\/vbd.dev.sumena.ee\/lv\/wp-json\/wp\/v2\/product_cat?post=348618"},{"taxonomy":"product_tag","embeddable":true,"href":"https:\/\/vbd.dev.sumena.ee\/lv\/wp-json\/wp\/v2\/product_tag?post=348618"}],"curies":[{"name":"wp","href":"https:\/\/api.w.org\/{rel}","templated":true}]}}