{"id":346053,"date":"2025-12-30T17:50:16","date_gmt":"2025-12-30T14:50:16","guid":{"rendered":"https:\/\/vbd.dev.sumena.ee\/?post_type=product&#038;p=346053"},"modified":"2026-02-11T11:21:54","modified_gmt":"2026-02-11T08:21:54","slug":"deospray-meestele-alex-xxl-sport-250ml","status":"publish","type":"product","link":"https:\/\/vbd.dev.sumena.ee\/lv\/products-2\/deospray-meestele-alex-xxl-sport-250ml\/","title":{"rendered":"Dezodorants v\u012brie\u0161iem Alex XXL Sport 250ml"},"content":{"rendered":"<p>Spreideodorant meestele. Pakub pikaajalist kaitset kehal\u00f5hnade vastu ning tagab hoolitsetud enesetunde kogu p\u00e4evaks. Enne kasutamist loksuta korralikult. Pihusta nahale v\u00e4hemalt 15 cm kauguselt. \u00c4ra kasuta \u00e4rritunud v\u00f5i kahjustatud nahal. V\u00e4ldi silma sattumist. \u00c4\u00e4rmiselt tuleohtlik aerosool. R\u00f5hu all olev pakend: kuumutamisel v\u00f5ib l\u00f5hkeda. Hoida eemal kuumusest, kuumadest pindadest, s\u00e4demetest, lahtisest tulest ja muudest s\u00fc\u00fcteallikatest. L\u00e4heduses mitte suitsetada. \u00c4ra pihusta lahtisele tulele v\u00f5i muule s\u00fc\u00fcteallikale. \u00c4ra torka ega p\u00f5leta pakendit isegi siis, kui toode on otsa saanud. Kaitsta p\u00e4ikesevalguse eest. \u00c4ra hoia temperatuuril \u00fcle 50 \u00b0C. Hoida lastele k\u00e4ttesaamatus kohas. V\u00e4ldi aerosooli sissehingamist.<\/p>","protected":false},"excerpt":{"rendered":"<p>Spreideodorant meestele. Pakub pikaajalist kaitset kehal\u00f5hnade vastu ning tagab hoolitsetud enesetunde kogu p\u00e4evaks. Enne kasutamist loksuta korralikult. Pihusta nahale v\u00e4hemalt 15 cm kauguselt. \u00c4ra kasuta \u00e4rritunud v\u00f5i kahjustatud nahal. V\u00e4ldi silma sattumist. \u00c4\u00e4rmiselt tuleohtlik aerosool. R\u00f5hu all olev pakend: kuumutamisel v\u00f5ib l\u00f5hkeda. Hoida eemal kuumusest, kuumadest pindadest, s\u00e4demetest, lahtisest tulest ja muudest s\u00fc\u00fcteallikatest. L\u00e4heduses mitte [&hellip;]<\/p>","protected":false},"featured_media":346054,"comment_status":"open","ping_status":"closed","template":"","meta":{"_acf_changed":false},"product_brand":[],"product_cat":[158,104],"product_tag":[],"class_list":{"0":"post-346053","1":"product","2":"type-product","3":"status-publish","4":"has-post-thumbnail","6":"product_cat-kehahooldus","7":"product_cat-enesehooldus","9":"first","10":"instock","11":"sale","12":"taxable","13":"shipping-taxable","14":"purchasable","15":"product-type-simple"},"supplier_id":null,"supplier_sku":"","barcode":null,"atum_controlled":true,"out_stock_date":null,"out_stock_threshold":null,"inheritable":false,"inbound_stock":0,"stock_on_hold":1,"sold_today":0,"sales_last_days":15,"reserved_stock":0,"customer_returns":0,"warehouse_damage":0,"lost_in_post":0,"other_logs":0,"out_stock_days":0,"lost_sales":0,"has_location":false,"update_date":"2026-02-12T10:34:33","atum_locations":[],"atum_stock_status":"instock","restock_status":false,"low_stock_amount":"","sales_update_date":"2026-02-12T10:34:23","calc_backorders":null,"acf":[],"_links":{"self":[{"href":"https:\/\/vbd.dev.sumena.ee\/lv\/wp-json\/wp\/v2\/product\/346053","targetHints":{"allow":["GET"]}}],"collection":[{"href":"https:\/\/vbd.dev.sumena.ee\/lv\/wp-json\/wp\/v2\/product"}],"about":[{"href":"https:\/\/vbd.dev.sumena.ee\/lv\/wp-json\/wp\/v2\/types\/product"}],"replies":[{"embeddable":true,"href":"https:\/\/vbd.dev.sumena.ee\/lv\/wp-json\/wp\/v2\/comments?post=346053"}],"wp:featuredmedia":[{"embeddable":true,"href":"https:\/\/vbd.dev.sumena.ee\/lv\/wp-json\/wp\/v2\/media\/346054"}],"wp:attachment":[{"href":"https:\/\/vbd.dev.sumena.ee\/lv\/wp-json\/wp\/v2\/media?parent=346053"}],"wp:term":[{"taxonomy":"product_brand","embeddable":true,"href":"https:\/\/vbd.dev.sumena.ee\/lv\/wp-json\/wp\/v2\/product_brand?post=346053"},{"taxonomy":"product_cat","embeddable":true,"href":"https:\/\/vbd.dev.sumena.ee\/lv\/wp-json\/wp\/v2\/product_cat?post=346053"},{"taxonomy":"product_tag","embeddable":true,"href":"https:\/\/vbd.dev.sumena.ee\/lv\/wp-json\/wp\/v2\/product_tag?post=346053"}],"curies":[{"name":"wp","href":"https:\/\/api.w.org\/{rel}","templated":true}]}}