{"id":346051,"date":"2025-12-30T17:47:05","date_gmt":"2025-12-30T14:47:05","guid":{"rendered":"https:\/\/vbd.dev.sumena.ee\/?post_type=product&#038;p=346051"},"modified":"2026-02-10T16:57:16","modified_gmt":"2026-02-10T13:57:16","slug":"hambapasta-normal-clinic-valgendav-250ml","status":"publish","type":"product","link":"https:\/\/vbd.dev.sumena.ee\/lv\/products-2\/hambapasta-normal-clinic-valgendav-250ml\/","title":{"rendered":"Zobu pasta Normal Clinic Whitening 250ml"},"content":{"rendered":"<div class=\"ama-single-product__content\">\n<div class=\"classic-editor\">\n<p>Normal Clinic Whitening valgendava hambapasta regulaarne kasutamine tagab korraliku suuhoolduse, v\u00e4rske hinge\u00f5hu ja lumivalge naeratuse. Pastal on antibakteriaalne omadus, t\u00e4nu millele eemaldab see t\u00f5husalt hambakattu ja plekke hammaste pinnalt. Samuti eemaldab t\u00f5husalt tee, kohvi ja tubakatoodete sagedasest kasutamisest tekkinud toiduj\u00e4\u00e4gid ja kollasuse, kahjustamata seejuures igemete seisukorda ja hambaemaili.<\/p>\n<\/div>\n<\/div>\n<div class=\"pwb-single-product-brands pwb-clearfix\"><\/div>","protected":false},"excerpt":{"rendered":"<p>Normal Clinic Whitening valgendava hambapasta regulaarne kasutamine tagab korraliku suuhoolduse, v\u00e4rske hinge\u00f5hu ja lumivalge naeratuse. Pastal on antibakteriaalne omadus, t\u00e4nu millele eemaldab see t\u00f5husalt hambakattu ja plekke hammaste pinnalt. Samuti eemaldab t\u00f5husalt tee, kohvi ja tubakatoodete sagedasest kasutamisest tekkinud toiduj\u00e4\u00e4gid ja kollasuse, kahjustamata seejuures igemete seisukorda ja hambaemaili.<\/p>","protected":false},"featured_media":346052,"comment_status":"open","ping_status":"closed","template":"","meta":{"_acf_changed":false},"product_brand":[],"product_cat":[155,104],"product_tag":[],"class_list":{"0":"post-346051","1":"product","2":"type-product","3":"status-publish","4":"has-post-thumbnail","6":"product_cat-suuhooldus","7":"product_cat-enesehooldus","9":"first","10":"instock","11":"sale","12":"taxable","13":"shipping-taxable","14":"purchasable","15":"product-type-simple"},"supplier_id":null,"supplier_sku":"","barcode":null,"atum_controlled":true,"out_stock_date":null,"out_stock_threshold":null,"inheritable":false,"inbound_stock":0,"stock_on_hold":0,"sold_today":0,"sales_last_days":30,"reserved_stock":0,"customer_returns":0,"warehouse_damage":0,"lost_in_post":0,"other_logs":0,"out_stock_days":0,"lost_sales":0,"has_location":false,"update_date":"2026-02-12T09:39:24","atum_locations":[],"atum_stock_status":"instock","restock_status":false,"low_stock_amount":"","sales_update_date":"2026-02-12T09:39:15","calc_backorders":null,"acf":[],"_links":{"self":[{"href":"https:\/\/vbd.dev.sumena.ee\/lv\/wp-json\/wp\/v2\/product\/346051","targetHints":{"allow":["GET"]}}],"collection":[{"href":"https:\/\/vbd.dev.sumena.ee\/lv\/wp-json\/wp\/v2\/product"}],"about":[{"href":"https:\/\/vbd.dev.sumena.ee\/lv\/wp-json\/wp\/v2\/types\/product"}],"replies":[{"embeddable":true,"href":"https:\/\/vbd.dev.sumena.ee\/lv\/wp-json\/wp\/v2\/comments?post=346051"}],"wp:featuredmedia":[{"embeddable":true,"href":"https:\/\/vbd.dev.sumena.ee\/lv\/wp-json\/wp\/v2\/media\/346052"}],"wp:attachment":[{"href":"https:\/\/vbd.dev.sumena.ee\/lv\/wp-json\/wp\/v2\/media?parent=346051"}],"wp:term":[{"taxonomy":"product_brand","embeddable":true,"href":"https:\/\/vbd.dev.sumena.ee\/lv\/wp-json\/wp\/v2\/product_brand?post=346051"},{"taxonomy":"product_cat","embeddable":true,"href":"https:\/\/vbd.dev.sumena.ee\/lv\/wp-json\/wp\/v2\/product_cat?post=346051"},{"taxonomy":"product_tag","embeddable":true,"href":"https:\/\/vbd.dev.sumena.ee\/lv\/wp-json\/wp\/v2\/product_tag?post=346051"}],"curies":[{"name":"wp","href":"https:\/\/api.w.org\/{rel}","templated":true}]}}