{"id":346004,"date":"2025-12-30T15:51:48","date_gmt":"2025-12-30T12:51:48","guid":{"rendered":"https:\/\/vbd.dev.sumena.ee\/?post_type=product&#038;p=346004"},"modified":"2026-02-12T13:32:54","modified_gmt":"2026-02-12T10:32:54","slug":"valgendavad-salvratikud-at-home-wash-16tk","status":"publish","type":"product","link":"https:\/\/vbd.dev.sumena.ee\/lv\/products-2\/valgendavad-salvratikud-at-home-wash-16tk\/","title":{"rendered":"Balino\u0161as salvetes m\u0101jas mazg\u0101\u0161anai 16 gab."},"content":{"rendered":"<p>Balino\u0161as salvetes m\u0101jas mazg\u0101\u0161anai 16 gab.<\/p>","protected":false},"excerpt":{"rendered":"<p>Balino\u0161as salvetes m\u0101jas mazg\u0101\u0161anai 16 gab.<\/p>","protected":false},"featured_media":346005,"comment_status":"open","ping_status":"closed","template":"","meta":{"_acf_changed":false},"product_brand":[],"product_cat":[185,88],"product_tag":[],"class_list":{"0":"post-346004","1":"product","2":"type-product","3":"status-publish","4":"has-post-thumbnail","6":"product_cat-puhastus-ja-koristusvahendid","7":"product_cat-tarbekaubad-tooted","9":"first","10":"instock","11":"sale","12":"taxable","13":"shipping-taxable","14":"purchasable","15":"product-type-simple"},"supplier_id":null,"supplier_sku":"","barcode":null,"atum_controlled":true,"out_stock_date":null,"out_stock_threshold":null,"inheritable":false,"inbound_stock":0,"stock_on_hold":6,"sold_today":11,"sales_last_days":95,"reserved_stock":0,"customer_returns":0,"warehouse_damage":0,"lost_in_post":0,"other_logs":0,"out_stock_days":0,"lost_sales":0,"has_location":false,"update_date":"2026-02-12T13:20:46","atum_locations":[],"atum_stock_status":"instock","restock_status":false,"low_stock_amount":"","sales_update_date":"2026-02-12T13:20:38","calc_backorders":null,"acf":[],"_links":{"self":[{"href":"https:\/\/vbd.dev.sumena.ee\/lv\/wp-json\/wp\/v2\/product\/346004","targetHints":{"allow":["GET"]}}],"collection":[{"href":"https:\/\/vbd.dev.sumena.ee\/lv\/wp-json\/wp\/v2\/product"}],"about":[{"href":"https:\/\/vbd.dev.sumena.ee\/lv\/wp-json\/wp\/v2\/types\/product"}],"replies":[{"embeddable":true,"href":"https:\/\/vbd.dev.sumena.ee\/lv\/wp-json\/wp\/v2\/comments?post=346004"}],"wp:featuredmedia":[{"embeddable":true,"href":"https:\/\/vbd.dev.sumena.ee\/lv\/wp-json\/wp\/v2\/media\/346005"}],"wp:attachment":[{"href":"https:\/\/vbd.dev.sumena.ee\/lv\/wp-json\/wp\/v2\/media?parent=346004"}],"wp:term":[{"taxonomy":"product_brand","embeddable":true,"href":"https:\/\/vbd.dev.sumena.ee\/lv\/wp-json\/wp\/v2\/product_brand?post=346004"},{"taxonomy":"product_cat","embeddable":true,"href":"https:\/\/vbd.dev.sumena.ee\/lv\/wp-json\/wp\/v2\/product_cat?post=346004"},{"taxonomy":"product_tag","embeddable":true,"href":"https:\/\/vbd.dev.sumena.ee\/lv\/wp-json\/wp\/v2\/product_tag?post=346004"}],"curies":[{"name":"wp","href":"https:\/\/api.w.org\/{rel}","templated":true}]}}