{"id":343425,"date":"2025-12-23T17:14:09","date_gmt":"2025-12-23T14:14:09","guid":{"rendered":"https:\/\/vbd.dev.sumena.ee\/?post_type=product&#038;p=343425"},"modified":"2026-02-12T15:52:36","modified_gmt":"2026-02-12T12:52:36","slug":"monin-siirup-maasikas-1000-ml","status":"publish","type":"product","link":"https:\/\/vbd.dev.sumena.ee\/lv\/products-2\/monin-siirup-maasikas-1000-ml\/","title":{"rendered":"Monin zeme\u0146u s\u012brups, 1000 ml"},"content":{"rendered":"<p><strong>Sast\u0101vs<\/strong>: Suhkur, vesi, 1,5% kontsentreeritud maasikamahla (vastab 18% maasikamahla sisaldusele l\u00f5pptootes), looduslik l\u00f5hna- ja maitseaine, happesuse regulaator: sidrunhape, v\u00e4rvaine: antots\u00fcaniinid. Segamissuhe: 1:8. Hoida puhtas, kuivas ja jahedas kohas. Kasutada 3 kuu jooksul p\u00e4rast avamist.<\/p>","protected":false},"excerpt":{"rendered":"<p>Koostisosad: Suhkur, vesi, 1,5% kontsentreeritud maasikamahla (vastab 18% maasikamahla sisaldusele l\u00f5pptootes), looduslik l\u00f5hna- ja maitseaine, happesuse regulaator: sidrunhape, v\u00e4rvaine: antots\u00fcaniinid. Segamissuhe: 1:8. Hoida puhtas, kuivas ja jahedas kohas. Kasutada 3 kuu jooksul p\u00e4rast avamist.<\/p>","protected":false},"featured_media":343427,"comment_status":"open","ping_status":"closed","template":"","meta":{"_acf_changed":false},"product_brand":[],"product_cat":[83],"product_tag":[],"class_list":{"0":"post-343425","1":"product","2":"type-product","3":"status-publish","4":"has-post-thumbnail","6":"product_cat-kastmed-olid","8":"first","9":"instock","10":"sale","11":"taxable","12":"shipping-taxable","13":"purchasable","14":"product-type-simple"},"supplier_id":null,"supplier_sku":"","barcode":null,"atum_controlled":true,"out_stock_date":null,"out_stock_threshold":null,"inheritable":false,"inbound_stock":0,"stock_on_hold":1,"sold_today":1,"sales_last_days":16,"reserved_stock":0,"customer_returns":0,"warehouse_damage":0,"lost_in_post":0,"other_logs":0,"out_stock_days":0,"lost_sales":0,"has_location":false,"update_date":"2026-02-12T12:55:25","atum_locations":[],"atum_stock_status":"instock","restock_status":true,"low_stock_amount":"","sales_update_date":"2026-02-12T12:55:16","calc_backorders":null,"acf":[],"_links":{"self":[{"href":"https:\/\/vbd.dev.sumena.ee\/lv\/wp-json\/wp\/v2\/product\/343425","targetHints":{"allow":["GET"]}}],"collection":[{"href":"https:\/\/vbd.dev.sumena.ee\/lv\/wp-json\/wp\/v2\/product"}],"about":[{"href":"https:\/\/vbd.dev.sumena.ee\/lv\/wp-json\/wp\/v2\/types\/product"}],"replies":[{"embeddable":true,"href":"https:\/\/vbd.dev.sumena.ee\/lv\/wp-json\/wp\/v2\/comments?post=343425"}],"wp:featuredmedia":[{"embeddable":true,"href":"https:\/\/vbd.dev.sumena.ee\/lv\/wp-json\/wp\/v2\/media\/343427"}],"wp:attachment":[{"href":"https:\/\/vbd.dev.sumena.ee\/lv\/wp-json\/wp\/v2\/media?parent=343425"}],"wp:term":[{"taxonomy":"product_brand","embeddable":true,"href":"https:\/\/vbd.dev.sumena.ee\/lv\/wp-json\/wp\/v2\/product_brand?post=343425"},{"taxonomy":"product_cat","embeddable":true,"href":"https:\/\/vbd.dev.sumena.ee\/lv\/wp-json\/wp\/v2\/product_cat?post=343425"},{"taxonomy":"product_tag","embeddable":true,"href":"https:\/\/vbd.dev.sumena.ee\/lv\/wp-json\/wp\/v2\/product_tag?post=343425"}],"curies":[{"name":"wp","href":"https:\/\/api.w.org\/{rel}","templated":true}]}}