{"id":343411,"date":"2025-12-23T15:01:44","date_gmt":"2025-12-23T12:01:44","guid":{"rendered":"https:\/\/vbd.dev.sumena.ee\/?post_type=product&#038;p=343411"},"modified":"2026-02-12T18:50:09","modified_gmt":"2026-02-12T15:50:09","slug":"vahvlirullid-vanillimaitselise-taidisega-oreo-54-g","status":"publish","type":"product","link":"https:\/\/vbd.dev.sumena.ee\/lv\/products-2\/vahvlirullid-vanillimaitselise-taidisega-oreo-54-g\/","title":{"rendered":"Vafe\u013cu rull\u012b\u0161i ar vani\u013cas pild\u012bjumu, OREO, 54 g"},"content":{"rendered":"<p>Vahvlirullid vanilje t\u00e4idisega.<\/p>\n<p><strong>Sast\u0101vs<\/strong>: suhkur, NISUJAHU, taime\u00f5li (palmi\u00f5li), kakaopulber, maltodekstriin, k\u00f5rge fruktoosisisaldusega maisisiirup, maisit\u00e4rklis, sool, l\u00f5hna- ja maitseained, emulgaator (SOJAletsitiin).<\/p>\n<p>Toitumisalane teave 100g\/100ml kohta. Energiat 1995kJ\/ 477kcal; Rasvad 17.4g, millest k\u00fcllastunud rasvhapped 9.1g; S\u00fcsivesikud 74.7g, millest k\u00fcllastunud suhkrud 49.3g; Kiudained 0g; Valk 5.4g; Sool 0.06g.<\/p>","protected":false},"excerpt":{"rendered":"<p>Vahvlirullid vanilje t\u00e4idisega. Koostisosad: suhkur, NISUJAHU, taime\u00f5li (palmi\u00f5li), kakaopulber, maltodekstriin, k\u00f5rge fruktoosisisaldusega maisisiirup, maisit\u00e4rklis, sool, l\u00f5hna- ja maitseained, emulgaator (SOJAletsitiin). Toitumisalane teave 100g\/100ml kohta. Energiat 1995kJ\/ 477kcal; Rasvad 17.4g, millest k\u00fcllastunud rasvhapped 9.1g; S\u00fcsivesikud 74.7g, millest k\u00fcllastunud suhkrud 49.3g; Kiudained 0g; Valk 5.4g; Sool 0.06g.<\/p>","protected":false},"featured_media":343412,"comment_status":"open","ping_status":"closed","template":"","meta":{"_acf_changed":false},"product_brand":[],"product_cat":[117,80],"product_tag":[],"class_list":{"0":"post-343411","1":"product","2":"type-product","3":"status-publish","4":"has-post-thumbnail","6":"product_cat-kupsised","7":"product_cat-snakid","9":"first","10":"instock","11":"sale","12":"taxable","13":"shipping-taxable","14":"purchasable","15":"product-type-simple"},"supplier_id":null,"supplier_sku":"","barcode":null,"atum_controlled":true,"out_stock_date":null,"out_stock_threshold":null,"inheritable":false,"inbound_stock":0,"stock_on_hold":11,"sold_today":6,"sales_last_days":323,"reserved_stock":0,"customer_returns":0,"warehouse_damage":0,"lost_in_post":0,"other_logs":0,"out_stock_days":0,"lost_sales":0,"has_location":false,"update_date":"2026-02-12T15:51:03","atum_locations":[],"atum_stock_status":"instock","restock_status":false,"low_stock_amount":"","sales_update_date":"2026-02-12T15:50:53","calc_backorders":null,"acf":[],"_links":{"self":[{"href":"https:\/\/vbd.dev.sumena.ee\/lv\/wp-json\/wp\/v2\/product\/343411","targetHints":{"allow":["GET"]}}],"collection":[{"href":"https:\/\/vbd.dev.sumena.ee\/lv\/wp-json\/wp\/v2\/product"}],"about":[{"href":"https:\/\/vbd.dev.sumena.ee\/lv\/wp-json\/wp\/v2\/types\/product"}],"replies":[{"embeddable":true,"href":"https:\/\/vbd.dev.sumena.ee\/lv\/wp-json\/wp\/v2\/comments?post=343411"}],"wp:featuredmedia":[{"embeddable":true,"href":"https:\/\/vbd.dev.sumena.ee\/lv\/wp-json\/wp\/v2\/media\/343412"}],"wp:attachment":[{"href":"https:\/\/vbd.dev.sumena.ee\/lv\/wp-json\/wp\/v2\/media?parent=343411"}],"wp:term":[{"taxonomy":"product_brand","embeddable":true,"href":"https:\/\/vbd.dev.sumena.ee\/lv\/wp-json\/wp\/v2\/product_brand?post=343411"},{"taxonomy":"product_cat","embeddable":true,"href":"https:\/\/vbd.dev.sumena.ee\/lv\/wp-json\/wp\/v2\/product_cat?post=343411"},{"taxonomy":"product_tag","embeddable":true,"href":"https:\/\/vbd.dev.sumena.ee\/lv\/wp-json\/wp\/v2\/product_tag?post=343411"}],"curies":[{"name":"wp","href":"https:\/\/api.w.org\/{rel}","templated":true}]}}