{"id":343400,"date":"2026-01-23T17:43:29","date_gmt":"2026-01-23T14:43:29","guid":{"rendered":"https:\/\/vbd.dev.sumena.ee\/?post_type=product&#038;p=343400"},"modified":"2026-02-12T02:17:19","modified_gmt":"2026-02-11T23:17:19","slug":"koeramaius-dogs-ice-cream-cream-50g","status":"publish","type":"product","link":"https:\/\/vbd.dev.sumena.ee\/lv\/products-2\/koeramaius-dogs-ice-cream-cream-50g\/","title":{"rendered":"Su\u0146u na\u0161\u0137is Dog\u2019s Ice-Cream Cream, 50 g"},"content":{"rendered":"<p><strong data-start=\"101\" data-end=\"133\">Ir ieradu\u0161ies Dr. Zoo sald\u0113jumi \ud83c\udf66<\/strong> \u2013 jauns veids, k\u0101 dal\u012bties atsvaidzino\u0161\u0101 mirkl\u012b ar savu m\u012bluli. Ide\u0101li baud\u012b\u0161anai karst\u0101s dien\u0101s. Sald\u0113jumi ir gardi un pirms pasnieg\u0161anas tiem nepiecie\u0161ams tikai\u2026 <strong data-start=\"279\" data-end=\"316\">30 min\u016btes atdzes\u0113\u0161anas sald\u0113tav\u0101 \u2744\ufe0f<\/strong>.<\/p>","protected":false},"excerpt":{"rendered":"<p>Dr. Zoo j\u00e4\u00e4tised on saabunud \u2013 uus viis jagada v\u00e4rskendavat hetke oma lemmikuga. Ideaalsed nautimiseks kuumadel p\u00e4evadel. J\u00e4\u00e4tised on maitsvad ning vajavad enne andmist vaid 30 minutit s\u00fcgavk\u00fclmas jahutamist.<\/p>","protected":false},"featured_media":343401,"comment_status":"open","ping_status":"closed","template":"","meta":{"_acf_changed":false},"product_brand":[],"product_cat":[91],"product_tag":[],"class_list":{"0":"post-343400","1":"product","2":"type-product","3":"status-publish","4":"has-post-thumbnail","6":"product_cat-loomatoit","8":"first","9":"instock","10":"sale","11":"taxable","12":"shipping-taxable","13":"purchasable","14":"product-type-simple"},"supplier_id":null,"supplier_sku":"","barcode":null,"atum_controlled":true,"out_stock_date":null,"out_stock_threshold":null,"inheritable":false,"inbound_stock":0,"stock_on_hold":7,"sold_today":1,"sales_last_days":94,"reserved_stock":0,"customer_returns":0,"warehouse_damage":0,"lost_in_post":0,"other_logs":0,"out_stock_days":0,"lost_sales":0,"has_location":false,"update_date":"2026-02-12T12:03:49","atum_locations":[],"atum_stock_status":"instock","restock_status":true,"low_stock_amount":"","sales_update_date":"2026-02-12T12:03:41","calc_backorders":null,"acf":[],"_links":{"self":[{"href":"https:\/\/vbd.dev.sumena.ee\/lv\/wp-json\/wp\/v2\/product\/343400","targetHints":{"allow":["GET"]}}],"collection":[{"href":"https:\/\/vbd.dev.sumena.ee\/lv\/wp-json\/wp\/v2\/product"}],"about":[{"href":"https:\/\/vbd.dev.sumena.ee\/lv\/wp-json\/wp\/v2\/types\/product"}],"replies":[{"embeddable":true,"href":"https:\/\/vbd.dev.sumena.ee\/lv\/wp-json\/wp\/v2\/comments?post=343400"}],"wp:featuredmedia":[{"embeddable":true,"href":"https:\/\/vbd.dev.sumena.ee\/lv\/wp-json\/wp\/v2\/media\/343401"}],"wp:attachment":[{"href":"https:\/\/vbd.dev.sumena.ee\/lv\/wp-json\/wp\/v2\/media?parent=343400"}],"wp:term":[{"taxonomy":"product_brand","embeddable":true,"href":"https:\/\/vbd.dev.sumena.ee\/lv\/wp-json\/wp\/v2\/product_brand?post=343400"},{"taxonomy":"product_cat","embeddable":true,"href":"https:\/\/vbd.dev.sumena.ee\/lv\/wp-json\/wp\/v2\/product_cat?post=343400"},{"taxonomy":"product_tag","embeddable":true,"href":"https:\/\/vbd.dev.sumena.ee\/lv\/wp-json\/wp\/v2\/product_tag?post=343400"}],"curies":[{"name":"wp","href":"https:\/\/api.w.org\/{rel}","templated":true}]}}