{"id":343369,"date":"2025-12-23T11:44:16","date_gmt":"2025-12-23T08:44:16","guid":{"rendered":"https:\/\/vbd.dev.sumena.ee\/?post_type=product&#038;p=343369"},"modified":"2026-02-12T17:13:10","modified_gmt":"2026-02-12T14:13:10","slug":"pesukaitsmed-naturella-light-kummel-multiform-100tk","status":"publish","type":"product","link":"https:\/\/vbd.dev.sumena.ee\/lv\/products-2\/pesukaitsmed-naturella-light-kummel-multiform-100tk\/","title":{"rendered":"Ikdienas paketes NATURELLA kumel\u012btes Multiform, 100 gab"},"content":{"rendered":"<p>Kummelist inspireeritud l\u00f5hnaga Naturella \u00f5huke ja painduv pesukaitse tagab sulle v\u00e4rskuse, kuhu iganes elu sind ka ei viiks. Naturella Lighti pesukaitse tagab v\u00e4rskuse kogu p\u00e4evaks! Koostisosad: Hoiatused: Mitte visata naiste h\u00fcgieenitooteid tualetti. Hoida jahedas ja kuivas kohas.<\/p>","protected":false},"excerpt":{"rendered":"<p>Kummelist inspireeritud l\u00f5hnaga Naturella \u00f5huke ja painduv pesukaitse tagab sulle v\u00e4rskuse, kuhu iganes elu sind ka ei viiks. Naturella Lighti pesukaitse tagab v\u00e4rskuse kogu p\u00e4evaks! Koostisosad: Hoiatused: Mitte visata naiste h\u00fcgieenitooteid tualetti. Hoida jahedas ja kuivas kohas.<\/p>","protected":false},"featured_media":343370,"comment_status":"open","ping_status":"closed","template":"","meta":{"_acf_changed":false},"product_brand":[],"product_cat":[158,104,87],"product_tag":[],"class_list":{"0":"post-343369","1":"product","2":"type-product","3":"status-publish","4":"has-post-thumbnail","6":"product_cat-kehahooldus","7":"product_cat-enesehooldus","8":"product_cat-meie-lemmikud","10":"first","11":"instock","12":"sale","13":"taxable","14":"shipping-taxable","15":"purchasable","16":"product-type-simple"},"supplier_id":null,"supplier_sku":"","barcode":null,"atum_controlled":true,"out_stock_date":null,"out_stock_threshold":null,"inheritable":false,"inbound_stock":0,"stock_on_hold":20,"sold_today":14,"sales_last_days":443,"reserved_stock":0,"customer_returns":0,"warehouse_damage":0,"lost_in_post":0,"other_logs":0,"out_stock_days":0,"lost_sales":0,"has_location":false,"update_date":"2026-02-12T15:42:48","atum_locations":[],"atum_stock_status":"instock","restock_status":true,"low_stock_amount":"","sales_update_date":"2026-02-12T15:42:38","calc_backorders":null,"acf":[],"_links":{"self":[{"href":"https:\/\/vbd.dev.sumena.ee\/lv\/wp-json\/wp\/v2\/product\/343369","targetHints":{"allow":["GET"]}}],"collection":[{"href":"https:\/\/vbd.dev.sumena.ee\/lv\/wp-json\/wp\/v2\/product"}],"about":[{"href":"https:\/\/vbd.dev.sumena.ee\/lv\/wp-json\/wp\/v2\/types\/product"}],"replies":[{"embeddable":true,"href":"https:\/\/vbd.dev.sumena.ee\/lv\/wp-json\/wp\/v2\/comments?post=343369"}],"wp:featuredmedia":[{"embeddable":true,"href":"https:\/\/vbd.dev.sumena.ee\/lv\/wp-json\/wp\/v2\/media\/343370"}],"wp:attachment":[{"href":"https:\/\/vbd.dev.sumena.ee\/lv\/wp-json\/wp\/v2\/media?parent=343369"}],"wp:term":[{"taxonomy":"product_brand","embeddable":true,"href":"https:\/\/vbd.dev.sumena.ee\/lv\/wp-json\/wp\/v2\/product_brand?post=343369"},{"taxonomy":"product_cat","embeddable":true,"href":"https:\/\/vbd.dev.sumena.ee\/lv\/wp-json\/wp\/v2\/product_cat?post=343369"},{"taxonomy":"product_tag","embeddable":true,"href":"https:\/\/vbd.dev.sumena.ee\/lv\/wp-json\/wp\/v2\/product_tag?post=343369"}],"curies":[{"name":"wp","href":"https:\/\/api.w.org\/{rel}","templated":true}]}}