{"id":342900,"date":"2025-12-22T19:28:35","date_gmt":"2025-12-22T16:28:35","guid":{"rendered":"https:\/\/vbd.dev.sumena.ee\/?post_type=product&#038;p=342900"},"modified":"2026-02-12T15:53:35","modified_gmt":"2026-02-12T12:53:35","slug":"koogiviljapuljong-kucharek-60g","status":"publish","type":"product","link":"https:\/\/vbd.dev.sumena.ee\/lv\/products-2\/koogiviljapuljong-kucharek-60g\/","title":{"rendered":"D\u0101rze\u0146u buljons Kucharek 60g"},"content":{"rendered":"<div class=\"sc-57154a31-1 bxWYVV\" data-test-id=\"product-info-ingredients\">\n<div>\n<div class=\"sc-57154a31-2 iJVmTs\">\n<p>sool, palmirasv, t\u00e4rklis, maitsetugevdaja: naatriumglutamaat, kuivatatud k\u00f6\u00f6giviljad 5%: porgand, sibul, petersell, seller, porrulau k, l\u00f5hnav leeskputk, suhkur, l\u00f5hna- ja maitseained (looduslikud maitseained), kurkum, happesuse regulaator: sidrunhape. V\u00f5ib sisalda da: sinepit, sellerit, muna (munap\u00f5hised koostisosad), soja.<\/p>\n<\/div>\n<\/div>\n<\/div>\n<div class=\"sc-57154a31-1 bxWYVV\" data-test-id=\"product-info-ean\">\n<div><\/div>\n<\/div>","protected":false},"excerpt":{"rendered":"<p>sool, palmirasv, t\u00e4rklis, maitsetugevdaja: naatriumglutamaat, kuivatatud k\u00f6\u00f6giviljad 5%: porgand, sibul, petersell, seller, porrulau k, l\u00f5hnav leeskputk, suhkur, l\u00f5hna- ja maitseained (looduslikud maitseained), kurkum, happesuse regulaator: sidrunhape. V\u00f5ib sisalda da: sinepit, sellerit, muna (munap\u00f5hised koostisosad), soja.<\/p>","protected":false},"featured_media":342902,"comment_status":"open","ping_status":"closed","template":"","meta":{"_acf_changed":false},"product_brand":[],"product_cat":[183],"product_tag":[],"class_list":{"0":"post-342900","1":"product","2":"type-product","3":"status-publish","4":"has-post-thumbnail","6":"product_cat-maitseained","8":"first","9":"instock","10":"sale","11":"taxable","12":"shipping-taxable","13":"purchasable","14":"product-type-simple"},"supplier_id":null,"supplier_sku":"","barcode":null,"atum_controlled":true,"out_stock_date":null,"out_stock_threshold":null,"inheritable":false,"inbound_stock":0,"stock_on_hold":55,"sold_today":12,"sales_last_days":589,"reserved_stock":0,"customer_returns":0,"warehouse_damage":0,"lost_in_post":0,"other_logs":0,"out_stock_days":0,"lost_sales":0,"has_location":false,"update_date":"2026-02-12T15:09:52","atum_locations":[],"atum_stock_status":"instock","restock_status":false,"low_stock_amount":"","sales_update_date":"2026-02-12T15:09:43","calc_backorders":null,"acf":[],"_links":{"self":[{"href":"https:\/\/vbd.dev.sumena.ee\/lv\/wp-json\/wp\/v2\/product\/342900","targetHints":{"allow":["GET"]}}],"collection":[{"href":"https:\/\/vbd.dev.sumena.ee\/lv\/wp-json\/wp\/v2\/product"}],"about":[{"href":"https:\/\/vbd.dev.sumena.ee\/lv\/wp-json\/wp\/v2\/types\/product"}],"replies":[{"embeddable":true,"href":"https:\/\/vbd.dev.sumena.ee\/lv\/wp-json\/wp\/v2\/comments?post=342900"}],"wp:featuredmedia":[{"embeddable":true,"href":"https:\/\/vbd.dev.sumena.ee\/lv\/wp-json\/wp\/v2\/media\/342902"}],"wp:attachment":[{"href":"https:\/\/vbd.dev.sumena.ee\/lv\/wp-json\/wp\/v2\/media?parent=342900"}],"wp:term":[{"taxonomy":"product_brand","embeddable":true,"href":"https:\/\/vbd.dev.sumena.ee\/lv\/wp-json\/wp\/v2\/product_brand?post=342900"},{"taxonomy":"product_cat","embeddable":true,"href":"https:\/\/vbd.dev.sumena.ee\/lv\/wp-json\/wp\/v2\/product_cat?post=342900"},{"taxonomy":"product_tag","embeddable":true,"href":"https:\/\/vbd.dev.sumena.ee\/lv\/wp-json\/wp\/v2\/product_tag?post=342900"}],"curies":[{"name":"wp","href":"https:\/\/api.w.org\/{rel}","templated":true}]}}