{"id":342898,"date":"2025-12-22T19:13:30","date_gmt":"2025-12-22T16:13:30","guid":{"rendered":"https:\/\/vbd.dev.sumena.ee\/?post_type=product&#038;p=342898"},"modified":"2026-02-12T16:10:00","modified_gmt":"2026-02-12T13:10:00","slug":"loomalihapuljong-kucharek-120g","status":"publish","type":"product","link":"https:\/\/vbd.dev.sumena.ee\/lv\/products-2\/loomalihapuljong-kucharek-120g\/","title":{"rendered":"Liellopa buljons Kucharek 120g"},"content":{"rendered":"<div class=\"sc-57154a31-1 bxWYVV\" data-test-id=\"product-info-ingredients\">\n<div>\n<div class=\"sc-57154a31-2 iJVmTs\">\n<p>Meresool, maisit\u00e4rklis*, shearasv*, p\u00e4rmiekstrakt, p\u00e4evalille\u00f5li*, sibul* (0, 5%), porgand* (0, 5%), petersell*, kurkum*. *-sertifit seeritud \u00f6koloogilised koostisosad.<\/p>\n<\/div>\n<\/div>\n<\/div>\n<div class=\"sc-57154a31-1 bxWYVV\" data-test-id=\"product-info-ean\">\n<div><\/div>\n<\/div>","protected":false},"excerpt":{"rendered":"<p>Meresool, maisit\u00e4rklis*, shearasv*, p\u00e4rmiekstrakt, p\u00e4evalille\u00f5li*, sibul* (0, 5%), porgand* (0, 5%), petersell*, kurkum*. *-sertifit seeritud \u00f6koloogilised koostisosad.<\/p>","protected":false},"featured_media":342899,"comment_status":"open","ping_status":"closed","template":"","meta":{"_acf_changed":false},"product_brand":[],"product_cat":[183],"product_tag":[],"class_list":{"0":"post-342898","1":"product","2":"type-product","3":"status-publish","4":"has-post-thumbnail","6":"product_cat-maitseained","8":"first","9":"instock","10":"sale","11":"taxable","12":"shipping-taxable","13":"purchasable","14":"product-type-simple"},"supplier_id":null,"supplier_sku":"","barcode":null,"atum_controlled":true,"out_stock_date":null,"out_stock_threshold":null,"inheritable":false,"inbound_stock":0,"stock_on_hold":51,"sold_today":11,"sales_last_days":509,"reserved_stock":0,"customer_returns":0,"warehouse_damage":0,"lost_in_post":0,"other_logs":0,"out_stock_days":0,"lost_sales":0,"has_location":false,"update_date":"2026-02-12T15:10:02","atum_locations":[],"atum_stock_status":"instock","restock_status":true,"low_stock_amount":"","sales_update_date":"2026-02-12T15:09:52","calc_backorders":null,"acf":[],"_links":{"self":[{"href":"https:\/\/vbd.dev.sumena.ee\/lv\/wp-json\/wp\/v2\/product\/342898","targetHints":{"allow":["GET"]}}],"collection":[{"href":"https:\/\/vbd.dev.sumena.ee\/lv\/wp-json\/wp\/v2\/product"}],"about":[{"href":"https:\/\/vbd.dev.sumena.ee\/lv\/wp-json\/wp\/v2\/types\/product"}],"replies":[{"embeddable":true,"href":"https:\/\/vbd.dev.sumena.ee\/lv\/wp-json\/wp\/v2\/comments?post=342898"}],"wp:featuredmedia":[{"embeddable":true,"href":"https:\/\/vbd.dev.sumena.ee\/lv\/wp-json\/wp\/v2\/media\/342899"}],"wp:attachment":[{"href":"https:\/\/vbd.dev.sumena.ee\/lv\/wp-json\/wp\/v2\/media?parent=342898"}],"wp:term":[{"taxonomy":"product_brand","embeddable":true,"href":"https:\/\/vbd.dev.sumena.ee\/lv\/wp-json\/wp\/v2\/product_brand?post=342898"},{"taxonomy":"product_cat","embeddable":true,"href":"https:\/\/vbd.dev.sumena.ee\/lv\/wp-json\/wp\/v2\/product_cat?post=342898"},{"taxonomy":"product_tag","embeddable":true,"href":"https:\/\/vbd.dev.sumena.ee\/lv\/wp-json\/wp\/v2\/product_tag?post=342898"}],"curies":[{"name":"wp","href":"https:\/\/api.w.org\/{rel}","templated":true}]}}