{"id":342883,"date":"2026-02-06T16:20:36","date_gmt":"2026-02-06T13:20:36","guid":{"rendered":"https:\/\/vbd.dev.sumena.ee\/?post_type=product&#038;p=342883"},"modified":"2026-02-12T09:20:17","modified_gmt":"2026-02-12T06:20:17","slug":"dusigeel-aloe-vera-sairo-600-ml","status":"publish","type":"product","link":"https:\/\/vbd.dev.sumena.ee\/lv\/products-2\/dusigeel-aloe-vera-sairo-600-ml\/","title":{"rendered":"Du\u0161as \u017eeleja Aloe Vera, SAIRO, 600 ml"},"content":{"rendered":"<p>Piem\u0113rots t\u012br\u012b\u0161anai un ikdienas \u0137erme\u0146a higi\u0113nai.<br \/>\nMaigi att\u012bra \u0101du, pateicoties parab\u0113nu nesaturo\u0161am sast\u0101vam.<br \/>\nSniedz \u0101dai alvejas ekstrakta dab\u012bg\u0101s priek\u0161roc\u012bbas.<br \/>\nPiem\u0113rots visiem \u0101das tipiem. \u0122imenes iepakojums.<\/p>","protected":false},"excerpt":{"rendered":"<p>Sobib puhastamiseks ja igap\u00e4evaseks kehah\u00fcgieeniks. Puhastab nahka \u00f5rnalt t\u00e4nu parabeenivabale koostisele. Annab nahale aaloe vera ekstrakti looduslikud eelised. Sobib k\u00f5ikidele nahat\u00fc\u00fcpidele. Perepakend.<\/p>","protected":false},"featured_media":342884,"comment_status":"open","ping_status":"closed","template":"","meta":{"_acf_changed":false},"product_brand":[],"product_cat":[158,104],"product_tag":[],"class_list":{"0":"post-342883","1":"product","2":"type-product","3":"status-publish","4":"has-post-thumbnail","6":"product_cat-kehahooldus","7":"product_cat-enesehooldus","9":"first","10":"instock","11":"sale","12":"taxable","13":"shipping-taxable","14":"purchasable","15":"product-type-simple"},"supplier_id":null,"supplier_sku":"","barcode":null,"atum_controlled":true,"out_stock_date":null,"out_stock_threshold":null,"inheritable":false,"inbound_stock":0,"stock_on_hold":2,"sold_today":1,"sales_last_days":27,"reserved_stock":0,"customer_returns":0,"warehouse_damage":0,"lost_in_post":0,"other_logs":0,"out_stock_days":0,"lost_sales":0,"has_location":false,"update_date":"2026-02-12T06:22:43","atum_locations":[],"atum_stock_status":"instock","restock_status":false,"low_stock_amount":"","sales_update_date":"2026-02-12T06:22:36","calc_backorders":null,"acf":[],"_links":{"self":[{"href":"https:\/\/vbd.dev.sumena.ee\/lv\/wp-json\/wp\/v2\/product\/342883","targetHints":{"allow":["GET"]}}],"collection":[{"href":"https:\/\/vbd.dev.sumena.ee\/lv\/wp-json\/wp\/v2\/product"}],"about":[{"href":"https:\/\/vbd.dev.sumena.ee\/lv\/wp-json\/wp\/v2\/types\/product"}],"replies":[{"embeddable":true,"href":"https:\/\/vbd.dev.sumena.ee\/lv\/wp-json\/wp\/v2\/comments?post=342883"}],"wp:featuredmedia":[{"embeddable":true,"href":"https:\/\/vbd.dev.sumena.ee\/lv\/wp-json\/wp\/v2\/media\/342884"}],"wp:attachment":[{"href":"https:\/\/vbd.dev.sumena.ee\/lv\/wp-json\/wp\/v2\/media?parent=342883"}],"wp:term":[{"taxonomy":"product_brand","embeddable":true,"href":"https:\/\/vbd.dev.sumena.ee\/lv\/wp-json\/wp\/v2\/product_brand?post=342883"},{"taxonomy":"product_cat","embeddable":true,"href":"https:\/\/vbd.dev.sumena.ee\/lv\/wp-json\/wp\/v2\/product_cat?post=342883"},{"taxonomy":"product_tag","embeddable":true,"href":"https:\/\/vbd.dev.sumena.ee\/lv\/wp-json\/wp\/v2\/product_tag?post=342883"}],"curies":[{"name":"wp","href":"https:\/\/api.w.org\/{rel}","templated":true}]}}