{"id":342879,"date":"2025-12-22T17:06:23","date_gmt":"2025-12-22T14:06:23","guid":{"rendered":"https:\/\/vbd.dev.sumena.ee\/?post_type=product&#038;p=342879"},"modified":"2026-02-09T18:21:19","modified_gmt":"2026-02-09T15:21:19","slug":"deodorant-roseship-sairo-50-ml","status":"publish","type":"product","link":"https:\/\/vbd.dev.sumena.ee\/lv\/products-2\/deodorant-roseship-sairo-50-ml\/","title":{"rendered":"Dezodorants Roseship, SAIRO, 50 ml"},"content":{"rendered":"<p>Uus Sairo Natural Fresh 50 ml rulldeodorant naistele kibuvitsa\u00f5liga.<\/p>\n<p>72-tunnine higistamisvastane kaitse ja alkoholivaba koostis.<\/p>\n<p>Kibuvitsa\u00f5li oma taastavate omadustega hooldab \u00f5rna kaenlaalust nahka.<\/p>\n<p>Meeldiv l\u00f5hn, mis aitab teil end terve p\u00e4eva puhta ja v\u00e4rskena tunda.<\/p>\n<p>Dermatoloogiliselt testitud.<\/p>","protected":false},"excerpt":{"rendered":"<p>Uus Sairo Natural Fresh 50 ml rulldeodorant naistele kibuvitsa\u00f5liga. 72-tunnine higistamisvastane kaitse ja alkoholivaba koostis. Kibuvitsa\u00f5li oma taastavate omadustega hooldab \u00f5rna kaenlaalust nahka. Meeldiv l\u00f5hn, mis aitab teil end terve p\u00e4eva puhta ja v\u00e4rskena tunda. Dermatoloogiliselt testitud.<\/p>","protected":false},"featured_media":342880,"comment_status":"open","ping_status":"closed","template":"","meta":{"_acf_changed":false},"product_brand":[],"product_cat":[158,104],"product_tag":[],"class_list":{"0":"post-342879","1":"product","2":"type-product","3":"status-publish","4":"has-post-thumbnail","6":"product_cat-kehahooldus","7":"product_cat-enesehooldus","9":"first","10":"instock","11":"sale","12":"taxable","13":"shipping-taxable","14":"purchasable","15":"product-type-simple"},"supplier_id":null,"supplier_sku":"","barcode":null,"atum_controlled":true,"out_stock_date":null,"out_stock_threshold":null,"inheritable":false,"inbound_stock":0,"stock_on_hold":0,"sold_today":0,"sales_last_days":19,"reserved_stock":0,"customer_returns":0,"warehouse_damage":0,"lost_in_post":0,"other_logs":0,"out_stock_days":0,"lost_sales":0,"has_location":false,"update_date":"2026-02-10T12:01:46","atum_locations":[],"atum_stock_status":"instock","restock_status":false,"low_stock_amount":"","sales_update_date":"2026-02-10T12:01:28","calc_backorders":null,"acf":[],"_links":{"self":[{"href":"https:\/\/vbd.dev.sumena.ee\/lv\/wp-json\/wp\/v2\/product\/342879","targetHints":{"allow":["GET"]}}],"collection":[{"href":"https:\/\/vbd.dev.sumena.ee\/lv\/wp-json\/wp\/v2\/product"}],"about":[{"href":"https:\/\/vbd.dev.sumena.ee\/lv\/wp-json\/wp\/v2\/types\/product"}],"replies":[{"embeddable":true,"href":"https:\/\/vbd.dev.sumena.ee\/lv\/wp-json\/wp\/v2\/comments?post=342879"}],"wp:featuredmedia":[{"embeddable":true,"href":"https:\/\/vbd.dev.sumena.ee\/lv\/wp-json\/wp\/v2\/media\/342880"}],"wp:attachment":[{"href":"https:\/\/vbd.dev.sumena.ee\/lv\/wp-json\/wp\/v2\/media?parent=342879"}],"wp:term":[{"taxonomy":"product_brand","embeddable":true,"href":"https:\/\/vbd.dev.sumena.ee\/lv\/wp-json\/wp\/v2\/product_brand?post=342879"},{"taxonomy":"product_cat","embeddable":true,"href":"https:\/\/vbd.dev.sumena.ee\/lv\/wp-json\/wp\/v2\/product_cat?post=342879"},{"taxonomy":"product_tag","embeddable":true,"href":"https:\/\/vbd.dev.sumena.ee\/lv\/wp-json\/wp\/v2\/product_tag?post=342879"}],"curies":[{"name":"wp","href":"https:\/\/api.w.org\/{rel}","templated":true}]}}