{"id":342869,"date":"2026-01-15T17:23:25","date_gmt":"2026-01-15T14:23:25","guid":{"rendered":"https:\/\/vbd.dev.sumena.ee\/?post_type=product&#038;p=342869"},"modified":"2026-02-12T14:02:17","modified_gmt":"2026-02-12T11:02:17","slug":"kupsiseampsud-pop-tarts-crunchy-poppers-maasikas-60g","status":"publish","type":"product","link":"https:\/\/vbd.dev.sumena.ee\/lv\/products-2\/kupsiseampsud-pop-tarts-crunchy-poppers-maasikas-60g\/","title":{"rendered":"Cookie Bites Pop-Tarts krauk\u0161\u0137\u012bgie poperi ar zeme\u0146u gar\u0161u 60g"},"content":{"rendered":"<p data-start=\"129\" data-end=\"447\"><strong data-start=\"129\" data-end=\"145\">Sast\u0101vda\u013cas:<\/strong><br data-start=\"145\" data-end=\"148\" \/>Bag\u0101tin\u0101ta milti (<strong data-start=\"165\" data-end=\"177\">kvie\u0161u milti)<\/strong>, (niac\u012bns, reduc\u0113tais dzelzs, vitam\u012bns B1 [tiam\u012bna mononitr\u0101ts], vitam\u012bns B2 [riboflav\u012bns], folijsk\u0101be), cukurs, glicer\u012bns, fruktoze, dekstroze, palmu e\u013c\u013ca, maltodekstr\u012bns, modific\u0113ts p\u0101rtikas ciete, r\u012bsu milti, \u017e\u0101v\u0113ti kartupe\u013ci, augsta fruktozes kukur\u016bzas s\u012brups.<\/p>\n<p data-start=\"449\" data-end=\"935\">Satur 2% vai maz\u0101k: \u0101bolu pulveri, pac\u0113l\u0101ji (n\u0101trija pirofosf\u0101ts, cepam\u0101 soda, monokalcija fosf\u0101ts). <strong data-start=\"560\" data-end=\"577\">sojalecit\u012bns<\/strong>, zeme\u0146u bieze\u0146a koncentr\u0101ts, kukur\u016bzas ciete, celulozes \u017eeleja, s\u0101ls, dabiskie un m\u0101ksl\u012bgie aromatiz\u0113t\u0101ji, citronsk\u0101be, \u0101bolsk\u0101be, n\u0101trija citr\u0101ts. <strong data-start=\"730\" data-end=\"742\">\u017delent\u012bns<\/strong>, dzelten\u0101s kukur\u016bzas milti, celulozes gumija, DATEM, mono- un diglicer\u012bdi, karame\u013ckr\u0101sviela, trikalcija fosf\u0101ts, kr\u0101sviela Red 40, ksant\u0101na gumija, n\u0101trija algin\u0101ts, kurkumas ekstrakts (kr\u0101sviela), kr\u0101svielas.<\/p>","protected":false},"excerpt":{"rendered":"<p>Koostisosad:Rikastatud jahu (nisujahu, niatsiin, redutseeritud raud, vitamiin B1 [tiamiinmononitraat], vitamiin B2 [riboflaviin], foolhape), suhkur, gl\u00fctseriin, fruktoos, dekstroos, palmi\u00f5li, maltodekstriin, modifitseeritud toidut\u00e4rklis, riisijahu, kuivatatud kartul, k\u00f5rge fruktoosisisaldusega maisisiirup. Sisaldab 2% v\u00f5i v\u00e4hem: \u00f5unapulber, kergitusained (naatriumhappe p\u00fcrofosfaat, s\u00f6\u00f6gisooda, monokaltsiumfosfaat), sojaletsitiin, maasikap\u00fcree kontsentraat, maisit\u00e4rklis, tselluloosgeel, sool, looduslikud ja kunstlikud l\u00f5hna- ja maitseained, sidrunhape, \u00f5unhape, naatriumtsitraat, \u017eelatiin, kollase maisi [&hellip;]<\/p>","protected":false},"featured_media":342871,"comment_status":"open","ping_status":"closed","template":"","meta":{"_acf_changed":false},"product_brand":[],"product_cat":[117,77,80],"product_tag":[],"class_list":{"0":"post-342869","1":"product","2":"type-product","3":"status-publish","4":"has-post-thumbnail","6":"product_cat-kupsised","7":"product_cat-maiustused","8":"product_cat-snakid","10":"first","11":"instock","12":"sale","13":"taxable","14":"shipping-taxable","15":"purchasable","16":"product-type-simple"},"supplier_id":null,"supplier_sku":"","barcode":null,"atum_controlled":true,"out_stock_date":null,"out_stock_threshold":null,"inheritable":false,"inbound_stock":0,"stock_on_hold":1,"sold_today":3,"sales_last_days":124,"reserved_stock":0,"customer_returns":0,"warehouse_damage":0,"lost_in_post":0,"other_logs":0,"out_stock_days":0,"lost_sales":0,"has_location":false,"update_date":"2026-02-12T14:30:07","atum_locations":[],"atum_stock_status":"instock","restock_status":false,"low_stock_amount":"","sales_update_date":"2026-02-12T14:29:57","calc_backorders":null,"acf":[],"_links":{"self":[{"href":"https:\/\/vbd.dev.sumena.ee\/lv\/wp-json\/wp\/v2\/product\/342869","targetHints":{"allow":["GET"]}}],"collection":[{"href":"https:\/\/vbd.dev.sumena.ee\/lv\/wp-json\/wp\/v2\/product"}],"about":[{"href":"https:\/\/vbd.dev.sumena.ee\/lv\/wp-json\/wp\/v2\/types\/product"}],"replies":[{"embeddable":true,"href":"https:\/\/vbd.dev.sumena.ee\/lv\/wp-json\/wp\/v2\/comments?post=342869"}],"wp:featuredmedia":[{"embeddable":true,"href":"https:\/\/vbd.dev.sumena.ee\/lv\/wp-json\/wp\/v2\/media\/342871"}],"wp:attachment":[{"href":"https:\/\/vbd.dev.sumena.ee\/lv\/wp-json\/wp\/v2\/media?parent=342869"}],"wp:term":[{"taxonomy":"product_brand","embeddable":true,"href":"https:\/\/vbd.dev.sumena.ee\/lv\/wp-json\/wp\/v2\/product_brand?post=342869"},{"taxonomy":"product_cat","embeddable":true,"href":"https:\/\/vbd.dev.sumena.ee\/lv\/wp-json\/wp\/v2\/product_cat?post=342869"},{"taxonomy":"product_tag","embeddable":true,"href":"https:\/\/vbd.dev.sumena.ee\/lv\/wp-json\/wp\/v2\/product_tag?post=342869"}],"curies":[{"name":"wp","href":"https:\/\/api.w.org\/{rel}","templated":true}]}}