{"id":342863,"date":"2026-01-15T16:20:38","date_gmt":"2026-01-15T13:20:38","guid":{"rendered":"https:\/\/vbd.dev.sumena.ee\/?post_type=product&#038;p=342863"},"modified":"2026-02-12T18:23:20","modified_gmt":"2026-02-12T15:23:20","slug":"kupsised-oreo-neapolitan-jaatis-393g","status":"publish","type":"product","link":"https:\/\/vbd.dev.sumena.ee\/lv\/products-2\/kupsised-oreo-neapolitan-jaatis-393g\/","title":{"rendered":"Oreo Neapolitan sald\u0113juma cepumi 393 g"},"content":{"rendered":"<p><strong data-start=\"129\" data-end=\"145\">Sast\u0101vda\u013cas:<\/strong><br data-start=\"145\" data-end=\"148\" \/>Cukurs, <strong data-start=\"156\" data-end=\"168\">kvie\u0161u milti)<\/strong>Sast\u0101vda\u013cas: palmu e\u013c\u013ca (antioksidants: TBHQ (E319)), kukur\u016bzas ciete, kakao pulveris (3%), maltodekstr\u012bns, fruktozes s\u012brups, pac\u0113l\u0101ji (E500(ii), E503(ii)), s\u0101ls, emulgators,<strong data-start=\"327\" data-end=\"344\">sojalecit\u012bns<\/strong>, Aromatiz\u0113t\u0101js, sk\u0101buma regulators (citronsk\u0101be), kr\u0101sviela (E120).<\/p>","protected":false},"excerpt":{"rendered":"<p>Koostisosad:Suhkur, nisujahu, palmi\u00f5li (antioks\u00fcdant: TBHQ (E319)), maisit\u00e4rklis, kakaopulber (3%), maltodekstriin, fruktoosisiirup, kergitusained (E500(ii), E503(ii)), sool, emulgaator (sojaletsitiin), l\u00f5hna- ja maitseaine, happesuse regulaator (sidrunhape), v\u00e4rvaine (E120).<\/p>","protected":false},"featured_media":342865,"comment_status":"open","ping_status":"closed","template":"","meta":{"_acf_changed":false},"product_brand":[],"product_cat":[117,87,77,80],"product_tag":[],"class_list":{"0":"post-342863","1":"product","2":"type-product","3":"status-publish","4":"has-post-thumbnail","6":"product_cat-kupsised","7":"product_cat-meie-lemmikud","8":"product_cat-maiustused","9":"product_cat-snakid","11":"first","12":"instock","13":"sale","14":"taxable","15":"shipping-taxable","16":"purchasable","17":"product-type-simple"},"supplier_id":null,"supplier_sku":"","barcode":null,"atum_controlled":true,"out_stock_date":null,"out_stock_threshold":null,"inheritable":false,"inbound_stock":0,"stock_on_hold":30,"sold_today":22,"sales_last_days":879,"reserved_stock":0,"customer_returns":0,"warehouse_damage":0,"lost_in_post":0,"other_logs":0,"out_stock_days":0,"lost_sales":0,"has_location":false,"update_date":"2026-02-12T15:47:21","atum_locations":[],"atum_stock_status":"instock","restock_status":false,"low_stock_amount":"","sales_update_date":"2026-02-12T15:47:12","calc_backorders":null,"acf":[],"_links":{"self":[{"href":"https:\/\/vbd.dev.sumena.ee\/lv\/wp-json\/wp\/v2\/product\/342863","targetHints":{"allow":["GET"]}}],"collection":[{"href":"https:\/\/vbd.dev.sumena.ee\/lv\/wp-json\/wp\/v2\/product"}],"about":[{"href":"https:\/\/vbd.dev.sumena.ee\/lv\/wp-json\/wp\/v2\/types\/product"}],"replies":[{"embeddable":true,"href":"https:\/\/vbd.dev.sumena.ee\/lv\/wp-json\/wp\/v2\/comments?post=342863"}],"wp:featuredmedia":[{"embeddable":true,"href":"https:\/\/vbd.dev.sumena.ee\/lv\/wp-json\/wp\/v2\/media\/342865"}],"wp:attachment":[{"href":"https:\/\/vbd.dev.sumena.ee\/lv\/wp-json\/wp\/v2\/media?parent=342863"}],"wp:term":[{"taxonomy":"product_brand","embeddable":true,"href":"https:\/\/vbd.dev.sumena.ee\/lv\/wp-json\/wp\/v2\/product_brand?post=342863"},{"taxonomy":"product_cat","embeddable":true,"href":"https:\/\/vbd.dev.sumena.ee\/lv\/wp-json\/wp\/v2\/product_cat?post=342863"},{"taxonomy":"product_tag","embeddable":true,"href":"https:\/\/vbd.dev.sumena.ee\/lv\/wp-json\/wp\/v2\/product_tag?post=342863"}],"curies":[{"name":"wp","href":"https:\/\/api.w.org\/{rel}","templated":true}]}}