{"id":342842,"date":"2025-12-22T14:59:21","date_gmt":"2025-12-22T11:59:21","guid":{"rendered":"https:\/\/vbd.dev.sumena.ee\/?post_type=product&#038;p=342842"},"modified":"2026-02-11T11:21:55","modified_gmt":"2026-02-11T08:21:55","slug":"juuksevarv-syoss-color-8-5-tuhkjas-heleblond","status":"publish","type":"product","link":"https:\/\/vbd.dev.sumena.ee\/lv\/products-2\/juuksevarv-syoss-color-8-5-tuhkjas-heleblond\/","title":{"rendered":"Juuksev\u00e4rv Syoss Color 8-5 TUHKJAS HELEBLOND"},"content":{"rendered":"<p>Avasta Syossi uus, erksate ja s\u00e4delevate toonidega p\u00fcsiv\u00e4rv, millel lisab blondidele juustele kauap\u00fcsiva ja intensiivse tooni KONTSENTREERITUD BLONDEERIVAD PIGMENDID Blondid pigmendid tungivad s\u00fcgavale juuksekiudu, tagades KUNI V\u00c4RVIINTENSIIVSUSE KUNI 10 N\u00c4DALAKS ja 100% HALLI KATVUSE. SALONPLEX hooldav tehnoloogia taastab murdunud mikrosidemed juustes ja parandab juukseid seestpoolt. Keratiiniga tootevalem katab juuksekutiikuli, et juuksekarva pind oleks siledam ja vastupidavam. N\u00c4HTAVALT PAREMA JUUKSEKVALITEEDI HEAKS ja KUNI 80% V\u00c4HEM JUUSTE MURDUMIST*. (*vs. hooldamata juuksed).<\/p>","protected":false},"excerpt":{"rendered":"<p>Avasta Syossi uus, erksate ja s\u00e4delevate toonidega p\u00fcsiv\u00e4rv, millel lisab blondidele juustele kauap\u00fcsiva ja intensiivse tooni KONTSENTREERITUD BLONDEERIVAD PIGMENDID Blondid pigmendid tungivad s\u00fcgavale juuksekiudu, tagades KUNI V\u00c4RVIINTENSIIVSUSE KUNI 10 N\u00c4DALAKS ja 100% HALLI KATVUSE. SALONPLEX hooldav tehnoloogia taastab murdunud mikrosidemed juustes ja parandab juukseid seestpoolt. Keratiiniga tootevalem katab juuksekutiikuli, et juuksekarva pind oleks siledam ja [&hellip;]<\/p>","protected":false},"featured_media":342843,"comment_status":"open","ping_status":"closed","template":"","meta":{"_acf_changed":false},"product_brand":[],"product_cat":[157,104],"product_tag":[],"class_list":{"0":"post-342842","1":"product","2":"type-product","3":"status-publish","4":"has-post-thumbnail","6":"product_cat-juuksehooldus","7":"product_cat-enesehooldus","9":"first","10":"instock","11":"sale","12":"taxable","13":"shipping-taxable","14":"purchasable","15":"product-type-simple"},"supplier_id":null,"supplier_sku":"","barcode":null,"atum_controlled":true,"out_stock_date":null,"out_stock_threshold":null,"inheritable":false,"inbound_stock":0,"stock_on_hold":0,"sold_today":0,"sales_last_days":2,"reserved_stock":0,"customer_returns":0,"warehouse_damage":0,"lost_in_post":0,"other_logs":0,"out_stock_days":0,"lost_sales":0,"has_location":false,"update_date":"2026-02-12T12:36:59","atum_locations":[],"atum_stock_status":"instock","restock_status":false,"low_stock_amount":"","sales_update_date":"2026-02-12T12:36:50","calc_backorders":null,"acf":[],"_links":{"self":[{"href":"https:\/\/vbd.dev.sumena.ee\/lv\/wp-json\/wp\/v2\/product\/342842","targetHints":{"allow":["GET"]}}],"collection":[{"href":"https:\/\/vbd.dev.sumena.ee\/lv\/wp-json\/wp\/v2\/product"}],"about":[{"href":"https:\/\/vbd.dev.sumena.ee\/lv\/wp-json\/wp\/v2\/types\/product"}],"replies":[{"embeddable":true,"href":"https:\/\/vbd.dev.sumena.ee\/lv\/wp-json\/wp\/v2\/comments?post=342842"}],"wp:featuredmedia":[{"embeddable":true,"href":"https:\/\/vbd.dev.sumena.ee\/lv\/wp-json\/wp\/v2\/media\/342843"}],"wp:attachment":[{"href":"https:\/\/vbd.dev.sumena.ee\/lv\/wp-json\/wp\/v2\/media?parent=342842"}],"wp:term":[{"taxonomy":"product_brand","embeddable":true,"href":"https:\/\/vbd.dev.sumena.ee\/lv\/wp-json\/wp\/v2\/product_brand?post=342842"},{"taxonomy":"product_cat","embeddable":true,"href":"https:\/\/vbd.dev.sumena.ee\/lv\/wp-json\/wp\/v2\/product_cat?post=342842"},{"taxonomy":"product_tag","embeddable":true,"href":"https:\/\/vbd.dev.sumena.ee\/lv\/wp-json\/wp\/v2\/product_tag?post=342842"}],"curies":[{"name":"wp","href":"https:\/\/api.w.org\/{rel}","templated":true}]}}