{"id":342830,"date":"2025-12-22T13:19:13","date_gmt":"2025-12-22T10:19:13","guid":{"rendered":"https:\/\/vbd.dev.sumena.ee\/?post_type=product&#038;p=342830"},"modified":"2026-02-10T19:07:14","modified_gmt":"2026-02-10T16:07:14","slug":"dusigeel-old-spice-capitan-400ml","status":"publish","type":"product","link":"https:\/\/vbd.dev.sumena.ee\/lv\/products-2\/dusigeel-old-spice-capitan-400ml\/","title":{"rendered":"Du\u0161as \u017eeleja Old Spice Captain 400ml"},"content":{"rendered":"<div class=\"Accordion AttributeAccordion\" data-v-28ef612e=\"\">\n<div class=\"Accordion__content\">\n<div class=\"AttributeAccordion__content\" data-v-28ef612e=\"\">Naudi unustamatut kauakestvat v\u00e4rskust ja heast l\u00f5hnast tulevat enesekindlust t\u00e4nu meestele m\u00f5eldud du\u0161igeelile ja \u0161ampoonile Old Spice Captain. S\u00fcgavpuhastava koostise ja parf\u00fc\u00fcmikvaliteediga aroomiga eemaldab see mustuse ja ebameeldiva l\u00f5hna, j\u00e4ttes sind v\u00e4rskeks ja puhtaks. Universaalne kolm-\u00fches koostis toimib juustel, n\u00e4ol ja kehal, j\u00e4ttes naha vastupandamatult siledaks, nii et saad keskenduda t\u00e4htsamatele tegevustele, nagu kasulike kokkulepete s\u00f5lmimine v\u00f5i delfiinide r\u00e4\u00e4kima \u00f5petamine. \u00c4gedate ookeanilainete, sandlipuu ja terava bergamoti parf\u00fc\u00fcmikvaliteediga l\u00f5hn muudab sind v\u00e4rskuse kartmatuks kapteniks metsikul seiklusel \u00fcle lainetavate vete.<\/div>\n<\/div>\n<\/div>\n<div class=\"Accordion AttributeAccordion\" data-v-28ef612e=\"\"><\/div>","protected":false},"excerpt":{"rendered":"<p>Naudi unustamatut kauakestvat v\u00e4rskust ja heast l\u00f5hnast tulevat enesekindlust t\u00e4nu meestele m\u00f5eldud du\u0161igeelile ja \u0161ampoonile Old Spice Captain. S\u00fcgavpuhastava koostise ja parf\u00fc\u00fcmikvaliteediga aroomiga eemaldab see mustuse ja ebameeldiva l\u00f5hna, j\u00e4ttes sind v\u00e4rskeks ja puhtaks. Universaalne kolm-\u00fches koostis toimib juustel, n\u00e4ol ja kehal, j\u00e4ttes naha vastupandamatult siledaks, nii et saad keskenduda t\u00e4htsamatele tegevustele, nagu kasulike kokkulepete [&hellip;]<\/p>","protected":false},"featured_media":342832,"comment_status":"open","ping_status":"closed","template":"","meta":{"_acf_changed":false},"product_brand":[],"product_cat":[158,104],"product_tag":[],"class_list":{"0":"post-342830","1":"product","2":"type-product","3":"status-publish","4":"has-post-thumbnail","6":"product_cat-kehahooldus","7":"product_cat-enesehooldus","9":"first","10":"instock","11":"sale","12":"taxable","13":"shipping-taxable","14":"purchasable","15":"product-type-simple"},"supplier_id":null,"supplier_sku":"","barcode":null,"atum_controlled":true,"out_stock_date":null,"out_stock_threshold":null,"inheritable":false,"inbound_stock":0,"stock_on_hold":0,"sold_today":0,"sales_last_days":30,"reserved_stock":0,"customer_returns":0,"warehouse_damage":0,"lost_in_post":0,"other_logs":0,"out_stock_days":0,"lost_sales":0,"has_location":false,"update_date":"2026-02-12T14:27:26","atum_locations":[],"atum_stock_status":"instock","restock_status":false,"low_stock_amount":"","sales_update_date":"2026-02-12T14:27:16","calc_backorders":null,"acf":[],"_links":{"self":[{"href":"https:\/\/vbd.dev.sumena.ee\/lv\/wp-json\/wp\/v2\/product\/342830","targetHints":{"allow":["GET"]}}],"collection":[{"href":"https:\/\/vbd.dev.sumena.ee\/lv\/wp-json\/wp\/v2\/product"}],"about":[{"href":"https:\/\/vbd.dev.sumena.ee\/lv\/wp-json\/wp\/v2\/types\/product"}],"replies":[{"embeddable":true,"href":"https:\/\/vbd.dev.sumena.ee\/lv\/wp-json\/wp\/v2\/comments?post=342830"}],"wp:featuredmedia":[{"embeddable":true,"href":"https:\/\/vbd.dev.sumena.ee\/lv\/wp-json\/wp\/v2\/media\/342832"}],"wp:attachment":[{"href":"https:\/\/vbd.dev.sumena.ee\/lv\/wp-json\/wp\/v2\/media?parent=342830"}],"wp:term":[{"taxonomy":"product_brand","embeddable":true,"href":"https:\/\/vbd.dev.sumena.ee\/lv\/wp-json\/wp\/v2\/product_brand?post=342830"},{"taxonomy":"product_cat","embeddable":true,"href":"https:\/\/vbd.dev.sumena.ee\/lv\/wp-json\/wp\/v2\/product_cat?post=342830"},{"taxonomy":"product_tag","embeddable":true,"href":"https:\/\/vbd.dev.sumena.ee\/lv\/wp-json\/wp\/v2\/product_tag?post=342830"}],"curies":[{"name":"wp","href":"https:\/\/api.w.org\/{rel}","templated":true}]}}