{"id":341843,"date":"2025-12-19T17:56:21","date_gmt":"2025-12-19T14:56:21","guid":{"rendered":"https:\/\/vbd.dev.sumena.ee\/?post_type=product&#038;p=341843"},"modified":"2026-02-12T16:44:23","modified_gmt":"2026-02-12T13:44:23","slug":"noudepesumasina-tabletid-ultimate-plus-lemon-finish-82-tk","status":"publish","type":"product","link":"https:\/\/vbd.dev.sumena.ee\/lv\/products-2\/noudepesumasina-tabletid-ultimate-plus-lemon-finish-82-tk\/","title":{"rendered":"Trauku mazg\u0101jam\u0101s ma\u0161\u012bnas tabletes Ultimate Plus Lemon, FINISH, 82 gab."},"content":{"rendered":"<p>Finish Powerball Ultimate Plus Lemon n\u00f5udepesumasina kapslid. Finish Ultimate Plus All in One kapslid tagavad intensiivse puhastuse ja teemantl\u00e4ike esimesel korral ja iga kord. See on meie esimene CYCLESYNCTM-tehnoloogiaga kapsel, mis vabastab \u00f5ige koostisosa*, et see toimiks \u00f5igel ajal. Selle t\u00e4iustatud koostis v\u00f5itleb ilma eelloputuseta isegi sissek\u00f5rbenud plekkidega, pakkudes 4 toimingut kogu pesuts\u00fckli jooksul. Kapslid kaitsevad ja hooldavad teie klaasn\u00f5usid ja s\u00f6\u00f6giriistu, s\u00e4ilitades nende s\u00e4ra pesu pesu j\u00e4rel. Murranguline tulemuslikkus 15% v\u00e4iksema keemikaalide osakaaluga v\u00f5rreldes Finishi traditsiooniliste tablettidega.<\/p>","protected":false},"excerpt":{"rendered":"<p>Finish Powerball Ultimate Plus Lemon n\u00f5udepesumasina kapslid. Finish Ultimate Plus All in One kapslid tagavad intensiivse puhastuse ja teemantl\u00e4ike esimesel korral ja iga kord. See on meie esimene CYCLESYNCTM-tehnoloogiaga kapsel, mis vabastab \u00f5ige koostisosa*, et see toimiks \u00f5igel ajal. Selle t\u00e4iustatud koostis v\u00f5itleb ilma eelloputuseta isegi sissek\u00f5rbenud plekkidega, pakkudes 4 toimingut kogu pesuts\u00fckli jooksul. Kapslid [&hellip;]<\/p>","protected":false},"featured_media":341846,"comment_status":"open","ping_status":"closed","template":"","meta":{"_acf_changed":false},"product_brand":[],"product_cat":[185,88],"product_tag":[],"class_list":{"0":"post-341843","1":"product","2":"type-product","3":"status-publish","4":"has-post-thumbnail","6":"product_cat-puhastus-ja-koristusvahendid","7":"product_cat-tarbekaubad-tooted","9":"first","10":"instock","11":"sale","12":"taxable","13":"shipping-taxable","14":"purchasable","15":"product-type-simple"},"supplier_id":null,"supplier_sku":"","barcode":null,"atum_controlled":true,"out_stock_date":null,"out_stock_threshold":null,"inheritable":false,"inbound_stock":0,"stock_on_hold":2,"sold_today":2,"sales_last_days":9,"reserved_stock":0,"customer_returns":0,"warehouse_damage":0,"lost_in_post":0,"other_logs":0,"out_stock_days":0,"lost_sales":0,"has_location":false,"update_date":"2026-02-12T13:44:50","atum_locations":[],"atum_stock_status":"instock","restock_status":false,"low_stock_amount":"","sales_update_date":"2026-02-12T13:44:40","calc_backorders":null,"acf":[],"_links":{"self":[{"href":"https:\/\/vbd.dev.sumena.ee\/lv\/wp-json\/wp\/v2\/product\/341843","targetHints":{"allow":["GET"]}}],"collection":[{"href":"https:\/\/vbd.dev.sumena.ee\/lv\/wp-json\/wp\/v2\/product"}],"about":[{"href":"https:\/\/vbd.dev.sumena.ee\/lv\/wp-json\/wp\/v2\/types\/product"}],"replies":[{"embeddable":true,"href":"https:\/\/vbd.dev.sumena.ee\/lv\/wp-json\/wp\/v2\/comments?post=341843"}],"wp:featuredmedia":[{"embeddable":true,"href":"https:\/\/vbd.dev.sumena.ee\/lv\/wp-json\/wp\/v2\/media\/341846"}],"wp:attachment":[{"href":"https:\/\/vbd.dev.sumena.ee\/lv\/wp-json\/wp\/v2\/media?parent=341843"}],"wp:term":[{"taxonomy":"product_brand","embeddable":true,"href":"https:\/\/vbd.dev.sumena.ee\/lv\/wp-json\/wp\/v2\/product_brand?post=341843"},{"taxonomy":"product_cat","embeddable":true,"href":"https:\/\/vbd.dev.sumena.ee\/lv\/wp-json\/wp\/v2\/product_cat?post=341843"},{"taxonomy":"product_tag","embeddable":true,"href":"https:\/\/vbd.dev.sumena.ee\/lv\/wp-json\/wp\/v2\/product_tag?post=341843"}],"curies":[{"name":"wp","href":"https:\/\/api.w.org\/{rel}","templated":true}]}}